{"id":253,"date":"2024-10-20T21:58:22","date_gmt":"2024-10-20T18:58:22","guid":{"rendered":"https:\/\/faberpet.ro\/stage\/?page_id=253"},"modified":"2025-02-03T13:33:58","modified_gmt":"2025-02-03T10:33:58","slug":"despre-faberpet","status":"publish","type":"page","link":"https:\/\/faberpet.ro\/stage\/despre-faberpet\/","title":{"rendered":"Despre Faberpet"},"content":{"rendered":"\t\t<div data-elementor-type=\"wp-page\" data-elementor-id=\"253\" class=\"elementor elementor-253\" data-elementor-post-type=\"page\">\n\t\t\t\t<div class=\"elementor-element elementor-element-ee1a135 e-flex e-con-boxed e-con e-parent\" data-id=\"ee1a135\" data-element_type=\"container\" data-e-type=\"container\" data-settings=\"{&quot;jet_parallax_layout_list&quot;:[]}\">\n\t\t\t\t\t<div class=\"e-con-inner\">\n\t\t\t\t<div class=\"elementor-element elementor-element-c4469b2 elementor-widget__width-initial elementor-widget elementor-widget-text-editor\" data-id=\"c4469b2\" data-element_type=\"widget\" data-e-type=\"widget\" data-widget_type=\"text-editor.default\">\n\t\t\t\t<div class=\"elementor-widget-container\">\n\t\t\t\t\t\t\t\t\tCu peste 20 de ani de experien\u021b\u0103 pe pia\u021b\u0103, compania Faber Impex SRL furnizeaz\u0103 articole pentru animale de companie \u00een model <strong>en gros<\/strong> \u0219i model <strong>en detail<\/strong>. Prin activitatea noastr\u0103 cu acoperire na\u021bional\u0103 aprovizion\u0103m peste 400 de magazine de specialitate, pet-shopuri, cabinete veterinare, etc.\t\t\t\t\t\t\t\t<\/div>\n\t\t\t\t<\/div>\n\t\t\t\t<div class=\"elementor-element elementor-element-fb207d4 elementor-widget__width-initial elementor-widget elementor-widget-text-editor\" data-id=\"fb207d4\" data-element_type=\"widget\" data-e-type=\"widget\" data-widget_type=\"text-editor.default\">\n\t\t\t\t<div class=\"elementor-widget-container\">\n\t\t\t\t\t\t\t\t\t<p>Gama noastr\u0103 de produse include peste 2000 de articole, num\u0103r \u00een continu\u0103 cre\u0219tere, destinate pentru c\u00e2ini, pisici, p\u0103s\u0103ri, roz\u0103toare \u0219i acvaristic\u0103, la un pre\u021b accesibil. Produsele de import (din Europa \u0219i China) apar\u021bin unor branduri de calitate superioar\u0103 ca si Boyu, Bio-Lio, Panzi, Neptun.&nbsp;<\/p><p>Asigur\u0103m o metod\u0103 de aprovizionare rapid\u0103 \u0219i comod\u0103 a Clien\u021bilor Faber cu ajutorul unor colec\u021bii de prezentare mobile cu care vizit\u0103m Partenerii No\u0219trii, respectiv al webshopului www.faberpet.ro.<\/p>\t\t\t\t\t\t\t\t<\/div>\n\t\t\t\t<\/div>\n\t\t<div class=\"elementor-element elementor-element-6d750e4 e-con-full e-flex e-con e-child\" data-id=\"6d750e4\" data-element_type=\"container\" data-e-type=\"container\" data-settings=\"{&quot;background_background&quot;:&quot;classic&quot;,&quot;jet_parallax_layout_list&quot;:[]}\">\n\t\t<div class=\"elementor-element elementor-element-720f469 e-con-full e-flex e-con e-child\" data-id=\"720f469\" data-element_type=\"container\" data-e-type=\"container\" data-settings=\"{&quot;jet_parallax_layout_list&quot;:[]}\">\n\t\t\t\t<div class=\"elementor-element elementor-element-5139e65 elementor-widget elementor-widget-heading\" data-id=\"5139e65\" data-element_type=\"widget\" data-e-type=\"widget\" data-widget_type=\"heading.default\">\n\t\t\t\t<div class=\"elementor-widget-container\">\n\t\t\t\t\t<h2 class=\"elementor-heading-title elementor-size-default\">Faber Impex st\u0103 la dispozi\u021bia Dvs. prin<\/h2>\t\t\t\t<\/div>\n\t\t\t\t<\/div>\n\t\t\t\t<\/div>\n\t\t<div class=\"elementor-element elementor-element-2e665c2 e-con-full e-flex e-con e-child\" data-id=\"2e665c2\" data-element_type=\"container\" data-e-type=\"container\" data-settings=\"{&quot;jet_parallax_layout_list&quot;:[]}\">\n\t\t\t\t<div class=\"elementor-element elementor-element-92b8996 elementor-widget elementor-widget-text-editor\" data-id=\"92b8996\" data-element_type=\"widget\" data-e-type=\"widget\" data-widget_type=\"text-editor.default\">\n\t\t\t\t<div class=\"elementor-widget-container\">\n\t\t\t\t\t\t\t\t\tColec\u021bii de produse noi adaptate cerin\u021belor pie\u021bei\t\t\t\t\t\t\t\t<\/div>\n\t\t\t\t<\/div>\n\t\t\t\t<div class=\"elementor-element elementor-element-681bf0a elementor-widget elementor-widget-text-editor\" data-id=\"681bf0a\" data-element_type=\"widget\" data-e-type=\"widget\" data-widget_type=\"text-editor.default\">\n\t\t\t\t<div class=\"elementor-widget-container\">\n\t\t\t\t\t\t\t\t\tFlexibilitate, seriozitate \u0219i promptitudine permanent\u0103 \u00een rela\u021biile cu clien\u021bii\t\t\t\t\t\t\t\t<\/div>\n\t\t\t\t<\/div>\n\t\t\t\t<div class=\"elementor-element elementor-element-5945fed elementor-widget elementor-widget-text-editor\" data-id=\"5945fed\" data-element_type=\"widget\" data-e-type=\"widget\" data-widget_type=\"text-editor.default\">\n\t\t\t\t<div class=\"elementor-widget-container\">\n\t\t\t\t\t\t\t\t\tGam\u0103 larg\u0103 de produse\t\t\t\t\t\t\t\t<\/div>\n\t\t\t\t<\/div>\n\t\t\t\t<div class=\"elementor-element elementor-element-3b5019e elementor-widget elementor-widget-text-editor\" data-id=\"3b5019e\" data-element_type=\"widget\" data-e-type=\"widget\" data-widget_type=\"text-editor.default\">\n\t\t\t\t<div class=\"elementor-widget-container\">\n\t\t\t\t\t\t\t\t\tPre\u021buri favorabile\t\t\t\t\t\t\t\t<\/div>\n\t\t\t\t<\/div>\n\t\t\t\t<div class=\"elementor-element elementor-element-675c3e0 elementor-widget elementor-widget-text-editor\" data-id=\"675c3e0\" data-element_type=\"widget\" data-e-type=\"widget\" data-widget_type=\"text-editor.default\">\n\t\t\t\t<div class=\"elementor-widget-container\">\n\t\t\t\t\t\t\t\t\tProduse de \u00eenalt\u0103 calitate\t\t\t\t\t\t\t\t<\/div>\n\t\t\t\t<\/div>\n\t\t\t\t<\/div>\n\t\t\t\t<\/div>\n\t\t\t\t<div class=\"elementor-element elementor-element-7ddc645 elementor-widget__width-initial elementor-widget elementor-widget-text-editor\" data-id=\"7ddc645\" data-element_type=\"widget\" data-e-type=\"widget\" data-widget_type=\"text-editor.default\">\n\t\t\t\t<div class=\"elementor-widget-container\">\n\t\t\t\t\t\t\t\t\t<p>Compania \u0219i depozitul Faber sunt situate \u00een centrul \u021b\u0103rii \u00een satul Bulg\u0103reni la 9 km de Odorheiu Secuiesc cu o suprafa\u021b\u0103 de 450 m2.\u00a0<a href=\"https:\/\/www.google.com\/maps\/@46.3676627,25.2538384,19z?entry=ttu&amp;g_ep=EgoyMDI1MDExMC4wIKXMDSoASAFQAw%3D%3D\" target=\"_blank\" rel=\"noopener\">Vezi loca\u021bia noastr\u0103 pe Google Maps!<\/a><\/p>\t\t\t\t\t\t\t\t<\/div>\n\t\t\t\t<\/div>\n\t\t\t\t<div class=\"elementor-element elementor-element-e157fc7 elementor-widget__width-initial elementor-widget elementor-widget-text-editor\" data-id=\"e157fc7\" data-element_type=\"widget\" data-e-type=\"widget\" data-widget_type=\"text-editor.default\">\n\t\t\t\t<div class=\"elementor-widget-container\">\n\t\t\t\t\t\t\t\t\tInforma\u021bii juridice\t\t\t\t\t\t\t\t<\/div>\n\t\t\t\t<\/div>\n\t\t\t\t<div class=\"elementor-element elementor-element-5d38f03 elementor-widget__width-initial elementor-widget elementor-widget-text-editor\" data-id=\"5d38f03\" data-element_type=\"widget\" data-e-type=\"widget\" data-widget_type=\"text-editor.default\">\n\t\t\t\t<div class=\"elementor-widget-container\">\n\t\t\t\t\t\t\t\t\t<p><strong>SC. FABER IMPEX SRL<\/strong><br \/>Sediu: 537167 \u2013 Lupeni <br \/>Punct de Lucru \u0219i Adresa: Bulg\u0103reni nr. 89, Jude\u021bul Harghita, Romania <br \/>Cod de identificare Fiscal\u0103 (CIF): <strong>RO3494669<\/strong> <br \/>Num\u0103r de \u00eenregistrare la Registrul Comertului: <strong>J19\/192\/1993<\/strong> <br \/>Cont BANCAR (RON) IBAN: RO80 RNCB 0156 0163 5163 0001 <br \/>Banca: BCR Filiala Odorheiu Secuiesc <br \/>Cont TREZORERIE: RO05TREZ3525069XXX001475 Filiala Odorheiu Secuiesc <br \/>Num\u0103r de autoriza\u021bie: 2171570<\/p>\t\t\t\t\t\t\t\t<\/div>\n\t\t\t\t<\/div>\n\t\t\t\t<div class=\"elementor-element elementor-element-670f3d3 elementor-widget__width-initial elementor-widget elementor-widget-text-editor\" data-id=\"670f3d3\" data-element_type=\"widget\" data-e-type=\"widget\" data-widget_type=\"text-editor.default\">\n\t\t\t\t<div class=\"elementor-widget-container\">\n\t\t\t\t\t\t\t\t\tProgram de lucru\t\t\t\t\t\t\t\t<\/div>\n\t\t\t\t<\/div>\n\t\t\t\t<div class=\"elementor-element elementor-element-41491f1 elementor-widget__width-initial elementor-widget elementor-widget-text-editor\" data-id=\"41491f1\" data-element_type=\"widget\" data-e-type=\"widget\" data-widget_type=\"text-editor.default\">\n\t\t\t\t<div class=\"elementor-widget-container\">\n\t\t\t\t\t\t\t\t\tLuni \u2013 Vineri: 8.00 \u2013 16.00<br \/>S\u00e2mb\u0103t\u0103 \/ Duminic\u0103: \u00cenchis\t\t\t\t\t\t\t\t<\/div>\n\t\t\t\t<\/div>\n\t\t\t\t\t<\/div>\n\t\t\t\t<\/div>\n\t\t\t\t<\/div>\n\t\t","protected":false},"excerpt":{"rendered":"<p>Cu peste 20 de ani de experien\u021b\u0103 pe pia\u021b\u0103, compania Faber Impex SRL furnizeaz\u0103 articole pentru animale de companie \u00een model en gros \u0219i model en detail. Prin activitatea noastr\u0103 cu acoperire na\u021bional\u0103 aprovizion\u0103m peste 400 de magazine de specialitate, pet-shopuri, cabinete veterinare, etc. Gama noastr\u0103 de produse include peste 2000 de articole, num\u0103r \u00een [&hellip;]<\/p>\n","protected":false},"author":1,"featured_media":0,"parent":0,"menu_order":0,"comment_status":"closed","ping_status":"closed","template":"","meta":{"footnotes":""},"class_list":["post-253","page","type-page","status-publish","hentry"],"_links":{"self":[{"href":"https:\/\/faberpet.ro\/stage\/wp-json\/wp\/v2\/pages\/253","targetHints":{"allow":["GET"]}}],"collection":[{"href":"https:\/\/faberpet.ro\/stage\/wp-json\/wp\/v2\/pages"}],"about":[{"href":"https:\/\/faberpet.ro\/stage\/wp-json\/wp\/v2\/types\/page"}],"author":[{"embeddable":true,"href":"https:\/\/faberpet.ro\/stage\/wp-json\/wp\/v2\/users\/1"}],"replies":[{"embeddable":true,"href":"https:\/\/faberpet.ro\/stage\/wp-json\/wp\/v2\/comments?post=253"}],"version-history":[{"count":0,"href":"https:\/\/faberpet.ro\/stage\/wp-json\/wp\/v2\/pages\/253\/revisions"}],"wp:attachment":[{"href":"https:\/\/faberpet.ro\/stage\/wp-json\/wp\/v2\/media?parent=253"}],"curies":[{"name":"wp","href":"https:\/\/api.w.org\/{rel}","templated":true}]}}