{"id":260,"date":"2024-10-20T22:00:32","date_gmt":"2024-10-20T19:00:32","guid":{"rendered":"https:\/\/faberpet.ro\/stage\/?page_id=260"},"modified":"2025-02-03T12:39:57","modified_gmt":"2025-02-03T09:39:57","slug":"cum-comand","status":"publish","type":"page","link":"https:\/\/faberpet.ro\/stage\/cum-comand\/","title":{"rendered":"Cum comand?"},"content":{"rendered":"\t\t<div data-elementor-type=\"wp-page\" data-elementor-id=\"260\" class=\"elementor elementor-260\" data-elementor-post-type=\"page\">\n\t\t\t\t<div class=\"elementor-element elementor-element-e1723f3 e-flex e-con-boxed e-con e-parent\" data-id=\"e1723f3\" data-element_type=\"container\" data-e-type=\"container\" data-settings=\"{&quot;jet_parallax_layout_list&quot;:[]}\">\n\t\t\t\t\t<div class=\"e-con-inner\">\n\t\t\t\t<div class=\"elementor-element elementor-element-1b6aef1 elementor-widget__width-initial elementor-widget elementor-widget-text-editor\" data-id=\"1b6aef1\" data-element_type=\"widget\" data-e-type=\"widget\" data-widget_type=\"text-editor.default\">\n\t\t\t\t<div class=\"elementor-widget-container\">\n\t\t\t\t\t\t\t\t\t<p><strong>1. ONLINE &#8211; prin intermediul paginii web<\/strong><\/p>\t\t\t\t\t\t\t\t<\/div>\n\t\t\t\t<\/div>\n\t\t\t\t<div class=\"elementor-element elementor-element-8043103 elementor-widget__width-initial elementor-widget elementor-widget-text-editor\" data-id=\"8043103\" data-element_type=\"widget\" data-e-type=\"widget\" data-widget_type=\"text-editor.default\">\n\t\t\t\t<div class=\"elementor-widget-container\">\n\t\t\t\t\t\t\t\t\tPentru a comanda online trebuie s\u0103 \u00ee\u021bi creezi un cont pe site-ul www.faberpet.ro dac\u0103 nu ai deja unul.\t\t\t\t\t\t\t\t<\/div>\n\t\t\t\t<\/div>\n\t\t\t\t<div class=\"elementor-element elementor-element-a275d93 elementor-widget__width-initial elementor-widget elementor-widget-text-editor\" data-id=\"a275d93\" data-element_type=\"widget\" data-e-type=\"widget\" data-widget_type=\"text-editor.default\">\n\t\t\t\t<div class=\"elementor-widget-container\">\n\t\t\t\t\t\t\t\t\tDac\u0103 \u00eenc\u0103 nu ave\u021bi cont pe pagina Faber, v\u0103 rug\u0103m s\u0103 v\u0103 \u00eenregistra\u021bi cu completarea datelor cerute \u0219i dup\u0103 logare ve\u021bi putea vizualiza pre\u021burile produselor \u0219i s\u0103 plasa\u021bi comenzi. Astfel, ve\u021bi putea fi la curent cu statusul comenzilor \u0219i ve\u021bi avea acces la istoricul comenzilor Dvs. prin simpla logare cu ajutorul adresei de e-mail \u0219i a parolei.\t\t\t\t\t\t\t\t<\/div>\n\t\t\t\t<\/div>\n\t\t<div class=\"elementor-element elementor-element-f49dc32 e-con-full e-flex e-con e-child\" data-id=\"f49dc32\" data-element_type=\"container\" data-e-type=\"container\" data-settings=\"{&quot;background_background&quot;:&quot;classic&quot;,&quot;jet_parallax_layout_list&quot;:[]}\">\n\t\t<div class=\"elementor-element elementor-element-cef2754 e-con-full e-flex e-con e-child\" data-id=\"cef2754\" data-element_type=\"container\" data-e-type=\"container\" data-settings=\"{&quot;jet_parallax_layout_list&quot;:[]}\">\n\t\t\t\t<div class=\"elementor-element elementor-element-cd71abb elementor-widget elementor-widget-heading\" data-id=\"cd71abb\" data-element_type=\"widget\" data-e-type=\"widget\" data-widget_type=\"heading.default\">\n\t\t\t\t<div class=\"elementor-widget-container\">\n\t\t\t\t\t<h2 class=\"elementor-heading-title elementor-size-default\">Pasul 1<\/h2>\t\t\t\t<\/div>\n\t\t\t\t<\/div>\n\t\t\t\t<\/div>\n\t\t<div class=\"elementor-element elementor-element-604dd05 e-con-full e-flex e-con e-child\" data-id=\"604dd05\" data-element_type=\"container\" data-e-type=\"container\" data-settings=\"{&quot;jet_parallax_layout_list&quot;:[]}\">\n\t\t\t\t<div class=\"elementor-element elementor-element-ced6625 elementor-widget elementor-widget-text-editor\" data-id=\"ced6625\" data-element_type=\"widget\" data-e-type=\"widget\" data-widget_type=\"text-editor.default\">\n\t\t\t\t<div class=\"elementor-widget-container\">\n\t\t\t\t\t\t\t\t\tDup\u0103 ce a\u021bi ales produsul pe care \u00eel dorea\u021bi ap\u0103sa\u021bi butonul \u201cAdaug\u0103 \u00een co\u0219\u201d. Produsul selectat va fi ad\u0103ugat \u00een co\u0219ul Dvs. de cump\u0103r\u0103turi\t\t\t\t\t\t\t\t<\/div>\n\t\t\t\t<\/div>\n\t\t\t\t<\/div>\n\t\t\t\t<\/div>\n\t\t<div class=\"elementor-element elementor-element-92f49b5 e-con-full e-flex e-con e-child\" data-id=\"92f49b5\" data-element_type=\"container\" data-e-type=\"container\" data-settings=\"{&quot;background_background&quot;:&quot;classic&quot;,&quot;jet_parallax_layout_list&quot;:[]}\">\n\t\t<div class=\"elementor-element elementor-element-5ca4caf e-con-full e-flex e-con e-child\" data-id=\"5ca4caf\" data-element_type=\"container\" data-e-type=\"container\" data-settings=\"{&quot;jet_parallax_layout_list&quot;:[]}\">\n\t\t\t\t<div class=\"elementor-element elementor-element-152b79f elementor-widget elementor-widget-heading\" data-id=\"152b79f\" data-element_type=\"widget\" data-e-type=\"widget\" data-widget_type=\"heading.default\">\n\t\t\t\t<div class=\"elementor-widget-container\">\n\t\t\t\t\t<h2 class=\"elementor-heading-title elementor-size-default\">Pasul 2<\/h2>\t\t\t\t<\/div>\n\t\t\t\t<\/div>\n\t\t\t\t<\/div>\n\t\t<div class=\"elementor-element elementor-element-39658f9 e-con-full e-flex e-con e-child\" data-id=\"39658f9\" data-element_type=\"container\" data-e-type=\"container\" data-settings=\"{&quot;jet_parallax_layout_list&quot;:[]}\">\n\t\t\t\t<div class=\"elementor-element elementor-element-3558b1f elementor-widget elementor-widget-text-editor\" data-id=\"3558b1f\" data-element_type=\"widget\" data-e-type=\"widget\" data-widget_type=\"text-editor.default\">\n\t\t\t\t<div class=\"elementor-widget-container\">\n\t\t\t\t\t\t\t\t\tPentru a vedea ce produse a\u021bi selectat ap\u0103sa\u021bi butonul \u201cC\u0103rucior\u201d dreapta sus\u00a0 apoi pe butonul \u201cVezi co\u0219ul\u201d\t\t\t\t\t\t\t\t<\/div>\n\t\t\t\t<\/div>\n\t\t\t\t<\/div>\n\t\t\t\t<\/div>\n\t\t<div class=\"elementor-element elementor-element-a86af3e e-con-full e-flex e-con e-child\" data-id=\"a86af3e\" data-element_type=\"container\" data-e-type=\"container\" data-settings=\"{&quot;background_background&quot;:&quot;classic&quot;,&quot;jet_parallax_layout_list&quot;:[]}\">\n\t\t<div class=\"elementor-element elementor-element-b9900d7 e-con-full e-flex e-con e-child\" data-id=\"b9900d7\" data-element_type=\"container\" data-e-type=\"container\" data-settings=\"{&quot;jet_parallax_layout_list&quot;:[]}\">\n\t\t\t\t<div class=\"elementor-element elementor-element-220f545 elementor-widget elementor-widget-heading\" data-id=\"220f545\" data-element_type=\"widget\" data-e-type=\"widget\" data-widget_type=\"heading.default\">\n\t\t\t\t<div class=\"elementor-widget-container\">\n\t\t\t\t\t<h2 class=\"elementor-heading-title elementor-size-default\">Pasul 3<\/h2>\t\t\t\t<\/div>\n\t\t\t\t<\/div>\n\t\t\t\t<\/div>\n\t\t<div class=\"elementor-element elementor-element-d46a649 e-con-full e-flex e-con e-child\" data-id=\"d46a649\" data-element_type=\"container\" data-e-type=\"container\" data-settings=\"{&quot;jet_parallax_layout_list&quot;:[]}\">\n\t\t\t\t<div class=\"elementor-element elementor-element-6b4feba elementor-widget elementor-widget-text-editor\" data-id=\"6b4feba\" data-element_type=\"widget\" data-e-type=\"widget\" data-widget_type=\"text-editor.default\">\n\t\t\t\t<div class=\"elementor-widget-container\">\n\t\t\t\t\t\t\t\t\t\u00cen noua pagina care se va \u00eenc\u0103rca \u00ee\u021bi va ap\u0103rea Co\u0219ul de cump\u0103r\u0103turi cu articolele plasate de Dvs. \u00een co\u0219 cu butonul de \u201cContinu\u0103 cu finalizarea comenzii. Ap\u0103sa\u021bi acest buton \u0219i comanda Dvs. aproape gata, mai ave\u021bi doar un pas\t\t\t\t\t\t\t\t<\/div>\n\t\t\t\t<\/div>\n\t\t\t\t<\/div>\n\t\t\t\t<\/div>\n\t\t\t\t<div class=\"elementor-element elementor-element-eda9f55 elementor-widget__width-initial elementor-widget elementor-widget-text-editor\" data-id=\"eda9f55\" data-element_type=\"widget\" data-e-type=\"widget\" data-widget_type=\"text-editor.default\">\n\t\t\t\t<div class=\"elementor-widget-container\">\n\t\t\t\t\t\t\t\t\t<p>Dac\u0103 nu sunte\u021bi logat \u00eenainte de a \u00eencepe cump\u0103r\u0103turile \u021bi se va deschide o nou\u0103 fereastr\u0103 cu pagina de \u201c\u00cenregistrare cont\u201d<\/p><p>Dac\u0103 sunte\u021bi deja logat trebuie doar s\u0103 introduce\u021bi datele cerute de pagina respectiv\u0103, care vor fi folosite pentru a fi livrate produsele ulterior.<\/p>\t\t\t\t\t\t\t\t<\/div>\n\t\t\t\t<\/div>\n\t\t\t\t<div class=\"elementor-element elementor-element-4e83c2f elementor-widget__width-initial elementor-widget elementor-widget-text-editor\" data-id=\"4e83c2f\" data-element_type=\"widget\" data-e-type=\"widget\" data-widget_type=\"text-editor.default\">\n\t\t\t\t<div class=\"elementor-widget-container\">\n\t\t\t\t\t\t\t\t\tPentru Parteneri\t\t\t\t\t\t\t\t<\/div>\n\t\t\t\t<\/div>\n\t\t\t\t<div class=\"elementor-element elementor-element-457c3ed elementor-widget__width-initial elementor-widget elementor-widget-text-editor\" data-id=\"457c3ed\" data-element_type=\"widget\" data-e-type=\"widget\" data-widget_type=\"text-editor.default\">\n\t\t\t\t<div class=\"elementor-widget-container\">\n\t\t\t\t\t\t\t\t\t<p>\u00cen cazul \u00een care sunte\u021bi client nou, ve\u021bi fi contactat telefonic pentru verificarea datelor \u0219i \u00een final ve\u021bi primi un e-mail de confirmare a comenzii.<\/p><p>Pentru a fi procesate \u00een aceea\u0219i zi comenzile, pot fi trimise p\u00e2n\u0103 la ora 13:00! Comenzile efectuate de vineri dup\u0103 ora 13:00 p\u00e2n\u0103 duminic\u0103, vor fi expediate \u00een cursul zilei de luni.<\/p>\t\t\t\t\t\t\t\t<\/div>\n\t\t\t\t<\/div>\n\t\t\t\t<div class=\"elementor-element elementor-element-2b3b8b6 elementor-widget__width-initial elementor-widget elementor-widget-text-editor\" data-id=\"2b3b8b6\" data-element_type=\"widget\" data-e-type=\"widget\" data-widget_type=\"text-editor.default\">\n\t\t\t\t<div class=\"elementor-widget-container\">\n\t\t\t\t\t\t\t\t\t<strong>2. Prin e-mail<\/strong>\t\t\t\t\t\t\t\t<\/div>\n\t\t\t\t<\/div>\n\t\t\t\t<div class=\"elementor-element elementor-element-84b8f3c elementor-widget__width-initial elementor-widget elementor-widget-text-editor\" data-id=\"84b8f3c\" data-element_type=\"widget\" data-e-type=\"widget\" data-widget_type=\"text-editor.default\">\n\t\t\t\t<div class=\"elementor-widget-container\">\n\t\t\t\t\t\t\t\t\t<p>Pute\u021bi comanda produsele preferate scriindu-ne la adresa de e-mail:\u00a0<strong>comenzi@faberpet.ro<\/strong>\u00a0prin completarea formularului de comanda (xls).<\/p>\t\t\t\t\t\t\t\t<\/div>\n\t\t\t\t<\/div>\n\t\t\t\t<div class=\"elementor-element elementor-element-1e47409 elementor-widget__width-initial elementor-widget elementor-widget-text-editor\" data-id=\"1e47409\" data-element_type=\"widget\" data-e-type=\"widget\" data-widget_type=\"text-editor.default\">\n\t\t\t\t<div class=\"elementor-widget-container\">\n\t\t\t\t\t\t\t\t\t<strong>2. Prin telefon<\/strong>\t\t\t\t\t\t\t\t<\/div>\n\t\t\t\t<\/div>\n\t\t\t\t<div class=\"elementor-element elementor-element-61b3d5c elementor-widget__width-initial elementor-widget elementor-widget-text-editor\" data-id=\"61b3d5c\" data-element_type=\"widget\" data-e-type=\"widget\" data-widget_type=\"text-editor.default\">\n\t\t\t\t<div class=\"elementor-widget-container\">\n\t\t\t\t\t\t\t\t\tPentru a plasa o comanda prin telefon este de ajuns s\u0103 apela\u021bi num\u0103rul\u00a0<strong>0742-091 699<\/strong>\u00a0sau\u00a0<strong>0747-437 329<\/strong>, iar colegii no\u0219tri v\u0103 stau la dispozi\u021bie pentru a \u00eenregistra comanda Dvs.\t\t\t\t\t\t\t\t<\/div>\n\t\t\t\t<\/div>\n\t\t\t\t\t<\/div>\n\t\t\t\t<\/div>\n\t\t\t\t<\/div>\n\t\t","protected":false},"excerpt":{"rendered":"<p>1. ONLINE &#8211; prin intermediul paginii web Pentru a comanda online trebuie s\u0103 \u00ee\u021bi creezi un cont pe site-ul www.faberpet.ro dac\u0103 nu ai deja unul.Dac\u0103 \u00eenc\u0103 nu ave\u021bi cont pe pagina Faber, v\u0103 rug\u0103m s\u0103 v\u0103 \u00eenregistra\u021bi cu completarea datelor cerute \u0219i dup\u0103 logare ve\u021bi putea vizualiza pre\u021burile produselor \u0219i s\u0103 plasa\u021bi comenzi. Astfel, ve\u021bi [&hellip;]<\/p>\n","protected":false},"author":1,"featured_media":0,"parent":0,"menu_order":0,"comment_status":"closed","ping_status":"closed","template":"","meta":{"footnotes":""},"class_list":["post-260","page","type-page","status-publish","hentry"],"_links":{"self":[{"href":"https:\/\/faberpet.ro\/stage\/wp-json\/wp\/v2\/pages\/260","targetHints":{"allow":["GET"]}}],"collection":[{"href":"https:\/\/faberpet.ro\/stage\/wp-json\/wp\/v2\/pages"}],"about":[{"href":"https:\/\/faberpet.ro\/stage\/wp-json\/wp\/v2\/types\/page"}],"author":[{"embeddable":true,"href":"https:\/\/faberpet.ro\/stage\/wp-json\/wp\/v2\/users\/1"}],"replies":[{"embeddable":true,"href":"https:\/\/faberpet.ro\/stage\/wp-json\/wp\/v2\/comments?post=260"}],"version-history":[{"count":0,"href":"https:\/\/faberpet.ro\/stage\/wp-json\/wp\/v2\/pages\/260\/revisions"}],"wp:attachment":[{"href":"https:\/\/faberpet.ro\/stage\/wp-json\/wp\/v2\/media?parent=260"}],"curies":[{"name":"wp","href":"https:\/\/api.w.org\/{rel}","templated":true}]}}