{"id":11468,"date":"2025-02-05T13:34:03","date_gmt":"2025-02-05T10:34:03","guid":{"rendered":"https:\/\/faberpet.ro\/stage\/?post_type=product&#038;p=11468"},"modified":"2025-08-01T07:52:57","modified_gmt":"2025-08-01T05:52:57","slug":"ventuza-simpla-negru-de-35-mm-pentru-acvariu-copie","status":"publish","type":"product","link":"https:\/\/faberpet.ro\/stage\/produs\/ventuza-simpla-negru-de-35-mm-pentru-acvariu-copie\/","title":{"rendered":"Ventuza simpla transparent cu carlig 25 mm 10\/set"},"content":{"rendered":"<p>&nbsp;<\/p>\n<ul>\n<li>Venuza este ideal\u0103 pentru a \u021bine decora\u021biuni mai u\u0219oare.<\/li>\n<li>Confec\u021bionat\u0103 din cauciuc siliconic moale transparent.<\/li>\n<li>Poate fi lipit cu u\u0219urin\u021b\u0103, deoarece ader\u0103 perfect pe pere\u021bi netezi, sticl\u0103, gresie \u0219i alte suprafe\u021be.<\/li>\n<li>Partea superioar\u0103 cilindric\u0103 cu o gaur\u0103 de 4 mm \u00eempreun\u0103 cu c\u00e2rlig.<\/li>\n<li>Diametrul ventuzei 25 mm.<\/li>\n<\/ul>\n<p>Se vinde ambalat c\u00e2te 10 buc\/set! Pre\u021bul afi\u0219at este per buc!<\/p>\n","protected":false},"excerpt":{"rendered":"<p>&nbsp; Venuza este ideal\u0103 pentru a \u021bine decora\u021biuni mai u\u0219oare. Confec\u021bionat\u0103 din cauciuc siliconic moale transparent. Poate fi lipit cu u\u0219urin\u021b\u0103, deoarece ader\u0103 perfect pe pere\u021bi netezi, sticl\u0103, gresie \u0219i alte suprafe\u021be. Partea superioar\u0103 cilindric\u0103 cu o gaur\u0103 de 4 mm \u00eempreun\u0103 cu c\u00e2rlig. Diametrul ventuzei 25 mm. Se vinde ambalat c\u00e2te 10 buc\/set! Pre\u021bul [&hellip;]<\/p>\n","protected":false},"featured_media":11470,"template":"","meta":[],"product_brand":[],"product_cat":[306,61,307],"product_tag":[309,308,304],"class_list":{"0":"post-11468","1":"product","2":"type-product","3":"status-publish","4":"has-post-thumbnail","6":"product_cat-accesorii-acvarii","7":"product_cat-acvaristica","8":"product_cat-robinete-si-ventuze","9":"product_tag-ventuza-negru","10":"product_tag-ventuza-pentru-acvariu","11":"product_tag-ventuze-acvarii","13":"first","14":"instock","15":"shipping-taxable","16":"purchasable","17":"product-type-simple"},"_links":{"self":[{"href":"https:\/\/faberpet.ro\/stage\/wp-json\/wp\/v2\/product\/11468","targetHints":{"allow":["GET"]}}],"collection":[{"href":"https:\/\/faberpet.ro\/stage\/wp-json\/wp\/v2\/product"}],"about":[{"href":"https:\/\/faberpet.ro\/stage\/wp-json\/wp\/v2\/types\/product"}],"wp:featuredmedia":[{"embeddable":true,"href":"https:\/\/faberpet.ro\/stage\/wp-json\/wp\/v2\/media\/11470"}],"wp:attachment":[{"href":"https:\/\/faberpet.ro\/stage\/wp-json\/wp\/v2\/media?parent=11468"}],"wp:term":[{"taxonomy":"product_brand","embeddable":true,"href":"https:\/\/faberpet.ro\/stage\/wp-json\/wp\/v2\/product_brand?post=11468"},{"taxonomy":"product_cat","embeddable":true,"href":"https:\/\/faberpet.ro\/stage\/wp-json\/wp\/v2\/product_cat?post=11468"},{"taxonomy":"product_tag","embeddable":true,"href":"https:\/\/faberpet.ro\/stage\/wp-json\/wp\/v2\/product_tag?post=11468"}],"curies":[{"name":"wp","href":"https:\/\/api.w.org\/{rel}","templated":true}]}}