{"id":11474,"date":"2025-02-06T14:20:07","date_gmt":"2025-02-06T11:20:07","guid":{"rendered":"https:\/\/faberpet.ro\/stage\/?post_type=product&#038;p=11474"},"modified":"2025-08-04T10:14:38","modified_gmt":"2025-08-04T08:14:38","slug":"filtru-apa-acvariu-sobo-wp-950f-500l-h-6w","status":"publish","type":"product","link":"https:\/\/faberpet.ro\/stage\/produs\/filtru-apa-acvariu-sobo-wp-950f-500l-h-6w\/","title":{"rendered":"Filtru apa acvariu SOBO WP-950F 500L\/h 6W"},"content":{"rendered":"<div>Filtru ap\u0103 submersibil intern<\/div>\n<ul>\n<li style=\"list-style-type: none\">\n<ul>\n<li style=\"list-style-type: none\">\n<ul>\n<li>Filtru intern pentru acvariu cu eficien\u021b\u0103 ridicat\u0103, economisire de energie electric\u0103, fiabil \u0219i durabil.<\/li>\n<li>Serve\u0219te la filtrarea impurit\u0103\u021bilor din apa acvariului, care se vor cl\u0103ti periodic (2-3 zile) cu ap\u0103 curat\u0103 \u0219i montat\u0103 la loc.<\/li>\n<li>Pentru acvarii de ap\u0103 dulce \u0219i s\u0103rat\u0103.<\/li>\n<li>Motor electric submersibil sigilat cu\u00a0r\u0103\u0219in\u0103, cu performan\u021be excelente \u00een lucrul cu ap\u0103.<\/li>\n<li>Prinderea pe acvariu se realizeaz\u0103 cu ajutorul ventuzelor.<\/li>\n<li>Buton de reglare debit.<\/li>\n<li>U\u0219or de utilizat \u0219i cur\u0103\u021bat.<\/li>\n<li>Putere consumat\u0103: 6 W.<\/li>\n<li>Debit maxim: 500 L\/h.<\/li>\n<li>Total submersibil.<\/li>\n<li>Con\u021bine c\u0103rtu\u0219 cu burete.<\/li>\n<li>AC 220 V<\/li>\n<\/ul>\n<\/li>\n<\/ul>\n<\/li>\n<\/ul>\n","protected":false},"excerpt":{"rendered":"<p>Filtru ap\u0103 submersibil intern Filtru intern pentru acvariu cu eficien\u021b\u0103 ridicat\u0103, economisire de energie electric\u0103, fiabil \u0219i durabil. Serve\u0219te la filtrarea impurit\u0103\u021bilor din apa acvariului, care se vor cl\u0103ti periodic (2-3 zile) cu ap\u0103 curat\u0103 \u0219i montat\u0103 la loc. Pentru acvarii de ap\u0103 dulce \u0219i s\u0103rat\u0103. Motor electric submersibil sigilat cu\u00a0r\u0103\u0219in\u0103, cu performan\u021be excelente \u00een [&hellip;]<\/p>\n","protected":false},"featured_media":11475,"template":"","meta":[],"product_brand":[],"product_cat":[61,2017,2018],"product_tag":[2020,2019,2022],"class_list":{"0":"post-11474","1":"product","2":"type-product","3":"status-publish","4":"has-post-thumbnail","6":"product_cat-acvaristica","7":"product_cat-electrice","8":"product_cat-filtre-de-apa","9":"product_tag-filtru-apa-pentru-acvariu","10":"product_tag-filtru-purificator","11":"product_tag-sobo-wp-320f","13":"first","14":"instock","15":"shipping-taxable","16":"purchasable","17":"product-type-simple"},"_links":{"self":[{"href":"https:\/\/faberpet.ro\/stage\/wp-json\/wp\/v2\/product\/11474","targetHints":{"allow":["GET"]}}],"collection":[{"href":"https:\/\/faberpet.ro\/stage\/wp-json\/wp\/v2\/product"}],"about":[{"href":"https:\/\/faberpet.ro\/stage\/wp-json\/wp\/v2\/types\/product"}],"wp:featuredmedia":[{"embeddable":true,"href":"https:\/\/faberpet.ro\/stage\/wp-json\/wp\/v2\/media\/11475"}],"wp:attachment":[{"href":"https:\/\/faberpet.ro\/stage\/wp-json\/wp\/v2\/media?parent=11474"}],"wp:term":[{"taxonomy":"product_brand","embeddable":true,"href":"https:\/\/faberpet.ro\/stage\/wp-json\/wp\/v2\/product_brand?post=11474"},{"taxonomy":"product_cat","embeddable":true,"href":"https:\/\/faberpet.ro\/stage\/wp-json\/wp\/v2\/product_cat?post=11474"},{"taxonomy":"product_tag","embeddable":true,"href":"https:\/\/faberpet.ro\/stage\/wp-json\/wp\/v2\/product_tag?post=11474"}],"curies":[{"name":"wp","href":"https:\/\/api.w.org\/{rel}","templated":true}]}}