{"id":11478,"date":"2025-02-07T12:10:51","date_gmt":"2025-02-07T09:10:51","guid":{"rendered":"https:\/\/faberpet.ro\/stage\/?post_type=product&#038;p=11478"},"modified":"2025-08-29T13:48:38","modified_gmt":"2025-08-29T11:48:38","slug":"lampa-acvariu-submersibila-t4-900led-12w-83cm-colorful","status":"publish","type":"product","link":"https:\/\/faberpet.ro\/stage\/produs\/lampa-acvariu-submersibila-t4-900led-12w-83cm-colorful\/","title":{"rendered":"Lampa acvariu submersibila T4-900LED 12W 83CM colorful"},"content":{"rendered":"<div>Lamp\u0103 acvariu submersibil\u0103 cu LED<\/div>\n<ul>\n<li style=\"list-style-type: none\">\n<ul>\n<li style=\"list-style-type: none\">\n<ul>\n<li>Iluminare LED potrivit\u0103 pentru acvarii cu lungime de 83 cm, cu o putere mare de penetrare \u00een ap\u0103.<\/li>\n<li>Design compact \u0219i perfect izolat\u0103 contra p\u0103trunderii umidit\u0103\u021bii \u00een camera ledurilor.<\/li>\n<li>Lamp\u0103 submersibil\u0103 acvariu ce poate fi folosit\u0103 \u0219i \u00een afara apei.<\/li>\n<li>Poate folosi ca surs\u0103 de iluminat complementar\u0103 sau chiar principal\u0103 \u00een func\u021bie de necesit\u0103\u021bile acvariului.<\/li>\n<li>Economii importante de energie electric\u0103 folosind un produs non toxic.<\/li>\n<li>Consum electric: 12 W.<\/li>\n<li>AC 220V.<\/li>\n<\/ul>\n<\/li>\n<\/ul>\n<\/li>\n<\/ul>\n","protected":false},"excerpt":{"rendered":"<p>Lamp\u0103 acvariu submersibil\u0103 cu LED Iluminare LED potrivit\u0103 pentru acvarii cu lungime de 83 cm, cu o putere mare de penetrare \u00een ap\u0103. Design compact \u0219i perfect izolat\u0103 contra p\u0103trunderii umidit\u0103\u021bii \u00een camera ledurilor. Lamp\u0103 submersibil\u0103 acvariu ce poate fi folosit\u0103 \u0219i \u00een afara apei. Poate folosi ca surs\u0103 de iluminat complementar\u0103 sau chiar principal\u0103 [&hellip;]<\/p>\n","protected":false},"featured_media":11479,"template":"","meta":[],"product_brand":[],"product_cat":[61,2017,2193],"product_tag":[2190,2195,2191],"class_list":{"0":"post-11478","1":"product","2":"type-product","3":"status-publish","4":"has-post-thumbnail","6":"product_cat-acvaristica","7":"product_cat-electrice","8":"product_cat-lampi","9":"product_tag-lampa-pentru-acvariu","10":"product_tag-lampa-submersibila","11":"product_tag-lampi-submersibili","13":"first","14":"instock","15":"shipping-taxable","16":"purchasable","17":"product-type-variable"},"_links":{"self":[{"href":"https:\/\/faberpet.ro\/stage\/wp-json\/wp\/v2\/product\/11478","targetHints":{"allow":["GET"]}}],"collection":[{"href":"https:\/\/faberpet.ro\/stage\/wp-json\/wp\/v2\/product"}],"about":[{"href":"https:\/\/faberpet.ro\/stage\/wp-json\/wp\/v2\/types\/product"}],"wp:featuredmedia":[{"embeddable":true,"href":"https:\/\/faberpet.ro\/stage\/wp-json\/wp\/v2\/media\/11479"}],"wp:attachment":[{"href":"https:\/\/faberpet.ro\/stage\/wp-json\/wp\/v2\/media?parent=11478"}],"wp:term":[{"taxonomy":"product_brand","embeddable":true,"href":"https:\/\/faberpet.ro\/stage\/wp-json\/wp\/v2\/product_brand?post=11478"},{"taxonomy":"product_cat","embeddable":true,"href":"https:\/\/faberpet.ro\/stage\/wp-json\/wp\/v2\/product_cat?post=11478"},{"taxonomy":"product_tag","embeddable":true,"href":"https:\/\/faberpet.ro\/stage\/wp-json\/wp\/v2\/product_tag?post=11478"}],"curies":[{"name":"wp","href":"https:\/\/api.w.org\/{rel}","templated":true}]}}