{"id":11485,"date":"2025-02-10T11:17:42","date_gmt":"2025-02-10T08:17:42","guid":{"rendered":"https:\/\/faberpet.ro\/stage\/?post_type=product&#038;p=11485"},"modified":"2025-08-01T10:46:24","modified_gmt":"2025-08-01T08:46:24","slug":"gentuta-umar-pentru-animale-mici-392412-cm-copie","status":"publish","type":"product","link":"https:\/\/faberpet.ro\/stage\/produs\/gentuta-umar-pentru-animale-mici-392412-cm-copie\/","title":{"rendered":"Rucsac tip marsupiu pt. animale mici size M"},"content":{"rendered":"<div><\/div>\n<ul>\n<li style=\"list-style-type: none\">\n<ul>\n<li style=\"list-style-type: none\">\n<ul>\n<li style=\"list-style-type: none\">\n<ul>\n<li>Geanta de transport potrivit\u0103 pentru c\u00e2ini \u0219i pisici de talie mic\u0103;<\/li>\n<li>U\u0219or, respirabil, portabil \u0219i usor de utilizat, poate fi purtat pe fa\u021b\u0103 sau \u00een spate;<\/li>\n<li>Bretele complet reglabile, cu ata\u0219ament intern pentru les\u0103;<\/li>\n<li>Fermoare laterale cu acces facil, \u00eenchidere superioar\u0103 elastic\u0103, respirabil\u0103 pentru a asigura confort at\u00e2t pentru tine c\u00e2t \u0219i pentru animalu\u021bul\u00a0t\u0103u;<\/li>\n<li>Durabil \u0219i lavabil (se poate sp\u0103la u\u0219or f\u0103r\u0103 a-\u0219i pierde calit\u0103\u021bile);<\/li>\n<li>Potrivit pentru mai multe ocazii: plimb\u0103ri, shopping, transport, s.a.<\/li>\n<li><strong>Material:<\/strong>\u00a0Nylon;<\/li>\n<li><strong>Dimensiuni<\/strong>:\u00a0<strong>M<\/strong>\u00a0&#8211; 30 x 34 cm, greutate recomandat\u0103: 2.5 &#8211; 3.5 kg.<\/li>\n<\/ul>\n<\/li>\n<\/ul>\n<\/li>\n<\/ul>\n<\/li>\n<\/ul>\n","protected":false},"excerpt":{"rendered":"<p>Geanta de transport potrivit\u0103 pentru c\u00e2ini \u0219i pisici de talie mic\u0103; U\u0219or, respirabil, portabil \u0219i usor de utilizat, poate fi purtat pe fa\u021b\u0103 sau \u00een spate; Bretele complet reglabile, cu ata\u0219ament intern pentru les\u0103; Fermoare laterale cu acces facil, \u00eenchidere superioar\u0103 elastic\u0103, respirabil\u0103 pentru a asigura confort at\u00e2t pentru tine c\u00e2t \u0219i pentru animalu\u021bul\u00a0t\u0103u; Durabil [&hellip;]<\/p>\n","protected":false},"featured_media":11487,"template":"","meta":[],"product_brand":[],"product_cat":[168,706,704,718,171],"product_tag":[725,726,724],"class_list":{"0":"post-11485","1":"product","2":"type-product","3":"status-publish","4":"has-post-thumbnail","6":"product_cat-caini","7":"product_cat-custi-si-genti-de-transport-pisici","8":"product_cat-custi-si-genti-de-transport","9":"product_cat-genti-de-transport","10":"product_cat-pisici","11":"product_tag-culcus-caine","12":"product_tag-gentuta-transport","13":"product_tag-gentuta-umar","15":"first","16":"instock","17":"shipping-taxable","18":"purchasable","19":"product-type-simple"},"_links":{"self":[{"href":"https:\/\/faberpet.ro\/stage\/wp-json\/wp\/v2\/product\/11485","targetHints":{"allow":["GET"]}}],"collection":[{"href":"https:\/\/faberpet.ro\/stage\/wp-json\/wp\/v2\/product"}],"about":[{"href":"https:\/\/faberpet.ro\/stage\/wp-json\/wp\/v2\/types\/product"}],"wp:featuredmedia":[{"embeddable":true,"href":"https:\/\/faberpet.ro\/stage\/wp-json\/wp\/v2\/media\/11487"}],"wp:attachment":[{"href":"https:\/\/faberpet.ro\/stage\/wp-json\/wp\/v2\/media?parent=11485"}],"wp:term":[{"taxonomy":"product_brand","embeddable":true,"href":"https:\/\/faberpet.ro\/stage\/wp-json\/wp\/v2\/product_brand?post=11485"},{"taxonomy":"product_cat","embeddable":true,"href":"https:\/\/faberpet.ro\/stage\/wp-json\/wp\/v2\/product_cat?post=11485"},{"taxonomy":"product_tag","embeddable":true,"href":"https:\/\/faberpet.ro\/stage\/wp-json\/wp\/v2\/product_tag?post=11485"}],"curies":[{"name":"wp","href":"https:\/\/api.w.org\/{rel}","templated":true}]}}