{"id":11490,"date":"2025-02-10T11:32:51","date_gmt":"2025-02-10T08:32:51","guid":{"rendered":"https:\/\/faberpet.ro\/stage\/?post_type=product&#038;p=11490"},"modified":"2025-08-01T10:46:39","modified_gmt":"2025-08-01T08:46:39","slug":"rucsac-tip-marsupiu-pt-animale-mici-size-l","status":"publish","type":"product","link":"https:\/\/faberpet.ro\/stage\/produs\/rucsac-tip-marsupiu-pt-animale-mici-size-l\/","title":{"rendered":"Rucsac tip marsupiu pt. animale mici size L"},"content":{"rendered":"<div><\/div>\n<ul>\n<li style=\"list-style-type: none\">\n<ul>\n<li style=\"list-style-type: none\">\n<ul>\n<li style=\"list-style-type: none\">\n<ul>\n<li>Geanta de transport potrivit\u0103 pentru c\u00e2ini \u0219i pisici de talie mic\u0103;<\/li>\n<li>U\u0219or, respirabil, portabil \u0219i usor de utilizat, poate fi purtat pe fa\u021b\u0103 sau \u00een spate;<\/li>\n<li>Bretele complet reglabile, cu ata\u0219ament intern pentru les\u0103;<\/li>\n<li>Fermoare laterale cu acces facil, \u00eenchidere superioar\u0103 elastic\u0103, respirabil\u0103 pentru a asigura confort at\u00e2t pentru tine c\u00e2t \u0219i pentru animalu\u021bul\u00a0t\u0103u;<\/li>\n<li>Durabil \u0219i lavabil (se poate sp\u0103la u\u0219or f\u0103r\u0103 a-\u0219i pierde calit\u0103\u021bile);<\/li>\n<li>Potrivit pentru mai multe ocazii: plimb\u0103ri, shopping, transport, s.a.<\/li>\n<li><strong>Material:<\/strong>\u00a0Nylon;<\/li>\n<li><strong>Dimensiuni<\/strong>:\u00a0<b>L<\/b>\u00a0&#8211; 35 x 40 cm, greutate recomandat\u0103: 3.5 &#8211; 5.5 kg.<\/li>\n<\/ul>\n<\/li>\n<\/ul>\n<\/li>\n<\/ul>\n<\/li>\n<\/ul>\n","protected":false},"excerpt":{"rendered":"<p>Geanta de transport potrivit\u0103 pentru c\u00e2ini \u0219i pisici de talie mic\u0103; U\u0219or, respirabil, portabil \u0219i usor de utilizat, poate fi purtat pe fa\u021b\u0103 sau \u00een spate; Bretele complet reglabile, cu ata\u0219ament intern pentru les\u0103; Fermoare laterale cu acces facil, \u00eenchidere superioar\u0103 elastic\u0103, respirabil\u0103 pentru a asigura confort at\u00e2t pentru tine c\u00e2t \u0219i pentru animalu\u021bul\u00a0t\u0103u; Durabil [&hellip;]<\/p>\n","protected":false},"featured_media":11491,"template":"","meta":[],"product_brand":[],"product_cat":[168,704,706,718,171],"product_tag":[725,726,724],"class_list":{"0":"post-11490","1":"product","2":"type-product","3":"status-publish","4":"has-post-thumbnail","6":"product_cat-caini","7":"product_cat-custi-si-genti-de-transport","8":"product_cat-custi-si-genti-de-transport-pisici","9":"product_cat-genti-de-transport","10":"product_cat-pisici","11":"product_tag-culcus-caine","12":"product_tag-gentuta-transport","13":"product_tag-gentuta-umar","15":"first","16":"instock","17":"shipping-taxable","18":"purchasable","19":"product-type-simple"},"_links":{"self":[{"href":"https:\/\/faberpet.ro\/stage\/wp-json\/wp\/v2\/product\/11490","targetHints":{"allow":["GET"]}}],"collection":[{"href":"https:\/\/faberpet.ro\/stage\/wp-json\/wp\/v2\/product"}],"about":[{"href":"https:\/\/faberpet.ro\/stage\/wp-json\/wp\/v2\/types\/product"}],"wp:featuredmedia":[{"embeddable":true,"href":"https:\/\/faberpet.ro\/stage\/wp-json\/wp\/v2\/media\/11491"}],"wp:attachment":[{"href":"https:\/\/faberpet.ro\/stage\/wp-json\/wp\/v2\/media?parent=11490"}],"wp:term":[{"taxonomy":"product_brand","embeddable":true,"href":"https:\/\/faberpet.ro\/stage\/wp-json\/wp\/v2\/product_brand?post=11490"},{"taxonomy":"product_cat","embeddable":true,"href":"https:\/\/faberpet.ro\/stage\/wp-json\/wp\/v2\/product_cat?post=11490"},{"taxonomy":"product_tag","embeddable":true,"href":"https:\/\/faberpet.ro\/stage\/wp-json\/wp\/v2\/product_tag?post=11490"}],"curies":[{"name":"wp","href":"https:\/\/api.w.org\/{rel}","templated":true}]}}