{"id":12057,"date":"2025-02-18T09:50:22","date_gmt":"2025-02-18T06:50:22","guid":{"rendered":"https:\/\/faberpet.ro\/stage\/?post_type=product&#038;p=12057"},"modified":"2025-08-01T13:15:13","modified_gmt":"2025-08-01T11:15:13","slug":"ham-chinga-y-20-mm-simplu-m-42-60-cm-4-set","status":"publish","type":"product","link":"https:\/\/faberpet.ro\/stage\/produs\/ham-chinga-y-20-mm-simplu-m-42-60-cm-4-set\/","title":{"rendered":"Ham chinga Y 20 mm simplu M (42-60 cm)  4\/set"},"content":{"rendered":"<div><\/div>\n<ul>\n<li style=\"list-style-type: none\">\n<ul>\n<li style=\"list-style-type: none\">\n<ul>\n<li>Este confec\u021bionat\u0103 din nylon rezistent \u0219i durabil, fiind c\u0103ptu\u0219it cu un material prietenos cu pielea, l\u0103s\u00e2nd-o s\u0103 respire.<\/li>\n<li>Design-ul\u00a0ergonomic ofer\u0103 o senza\u021bie de\u00a0confort sporit.<\/li>\n<li>Catarama sunt rezistente \u0219i pe timpul iernii.<\/li>\n<li>Hamul are disponibil ca sistem de prindere doua inele de inox\u00a0\u2013 4 mm.<\/li>\n<li>Este recomandat\u0103 pentru c\u00e2ini de talie mic \u0219i medie.<\/li>\n<li>Adaug\u0103 suport adi\u021bional la ridicarea \u0219i asistarea c\u00e2inilor prin dispersarea greut\u0103\u021bii c\u00e2inelui.<\/li>\n<li>Nu cauzeaz\u0103 irita\u021bii \u0219i nu afecteaz\u0103 s\u0103n\u0103tatea animalelor.<\/li>\n<li>Rezistent\u0103.<\/li>\n<li>Reglabil\u0103.<\/li>\n<\/ul>\n<\/li>\n<\/ul>\n<\/li>\n<\/ul>\n<p>Caracteristici: M 42-60 cm<\/p>\n<p>Se vinde ambalat c\u00e2te 4 buc\/set! Pre\u021bul afi\u0219at este per buc!<\/p>\n","protected":false},"excerpt":{"rendered":"<p>Este confec\u021bionat\u0103 din nylon rezistent \u0219i durabil, fiind c\u0103ptu\u0219it cu un material prietenos cu pielea, l\u0103s\u00e2nd-o s\u0103 respire. Design-ul\u00a0ergonomic ofer\u0103 o senza\u021bie de\u00a0confort sporit. Catarama sunt rezistente \u0219i pe timpul iernii. Hamul are disponibil ca sistem de prindere doua inele de inox\u00a0\u2013 4 mm. Este recomandat\u0103 pentru c\u00e2ini de talie mic \u0219i medie. Adaug\u0103 suport [&hellip;]<\/p>\n","protected":false},"featured_media":12058,"template":"","meta":[],"product_brand":[],"product_cat":[168,1058,1092],"product_tag":[884,875,1091],"class_list":{"0":"post-12057","1":"product","2":"type-product","3":"status-publish","4":"has-post-thumbnail","6":"product_cat-caini","7":"product_cat-hamuri","8":"product_cat-hamuri-chingi","9":"product_tag-ham-caini-talie-mare","10":"product_tag-ham-pentru-pisici","11":"product_tag-hamuri-chinga","13":"first","14":"instock","15":"shipping-taxable","16":"purchasable","17":"product-type-simple"},"_links":{"self":[{"href":"https:\/\/faberpet.ro\/stage\/wp-json\/wp\/v2\/product\/12057","targetHints":{"allow":["GET"]}}],"collection":[{"href":"https:\/\/faberpet.ro\/stage\/wp-json\/wp\/v2\/product"}],"about":[{"href":"https:\/\/faberpet.ro\/stage\/wp-json\/wp\/v2\/types\/product"}],"wp:featuredmedia":[{"embeddable":true,"href":"https:\/\/faberpet.ro\/stage\/wp-json\/wp\/v2\/media\/12058"}],"wp:attachment":[{"href":"https:\/\/faberpet.ro\/stage\/wp-json\/wp\/v2\/media?parent=12057"}],"wp:term":[{"taxonomy":"product_brand","embeddable":true,"href":"https:\/\/faberpet.ro\/stage\/wp-json\/wp\/v2\/product_brand?post=12057"},{"taxonomy":"product_cat","embeddable":true,"href":"https:\/\/faberpet.ro\/stage\/wp-json\/wp\/v2\/product_cat?post=12057"},{"taxonomy":"product_tag","embeddable":true,"href":"https:\/\/faberpet.ro\/stage\/wp-json\/wp\/v2\/product_tag?post=12057"}],"curies":[{"name":"wp","href":"https:\/\/api.w.org\/{rel}","templated":true}]}}