{"id":12059,"date":"2025-02-18T09:57:27","date_gmt":"2025-02-18T06:57:27","guid":{"rendered":"https:\/\/faberpet.ro\/stage\/?post_type=product&#038;p=12059"},"modified":"2025-08-01T13:20:58","modified_gmt":"2025-08-01T11:20:58","slug":"ham-extra-tip-c-10-mm-xs-s-6-set-negru","status":"publish","type":"product","link":"https:\/\/faberpet.ro\/stage\/produs\/ham-extra-tip-c-10-mm-xs-s-6-set-negru\/","title":{"rendered":"Ham extra tip C 10 mm, XS-S 6\/set negru"},"content":{"rendered":"<div><\/div>\n<ul>\n<li>Este confec\u021bionat\u0103 din nylon rezistent \u0219i durabil.<\/li>\n<li>Design-ul\u00a0ergonomic ofer\u0103 o senza\u021bie de\u00a0confort sporit.<\/li>\n<li>Catarama sunt rezistente \u0219i pe timpul iernii.<\/li>\n<li>Hamul are disponibil ca sistem de prindere dou\u0103 inele de inox\u00a0\u2013 2 mm.<\/li>\n<li>Este recomandat\u0103 pentru c\u00e2ini de talie mica \u0219i foarte mic\u0103.<\/li>\n<li>Adaug\u0103 suport adi\u021bional la ridicarea \u0219i asistarea c\u00e2inilor prin dispersarea greut\u0103\u021bii c\u00e2inelui.<\/li>\n<li>Nu cauzeaz\u0103 irita\u021bii \u0219i nu afecteaz\u0103 s\u0103n\u0103tatea animalelor.<\/li>\n<li>Rezistent\u0103.<\/li>\n<li>Reglabil\u0103.<\/li>\n<li>Caracteristici: XS-S 24 &#8211; 46 cm<\/li>\n<\/ul>\n<p>Se vinde ambalat c\u00e2te 6 buc\/set! Pre\u021bul afi\u0219at este per buc!<\/p>\n","protected":false},"excerpt":{"rendered":"<p>Este confec\u021bionat\u0103 din nylon rezistent \u0219i durabil. Design-ul\u00a0ergonomic ofer\u0103 o senza\u021bie de\u00a0confort sporit. Catarama sunt rezistente \u0219i pe timpul iernii. Hamul are disponibil ca sistem de prindere dou\u0103 inele de inox\u00a0\u2013 2 mm. Este recomandat\u0103 pentru c\u00e2ini de talie mica \u0219i foarte mic\u0103. Adaug\u0103 suport adi\u021bional la ridicarea \u0219i asistarea c\u00e2inilor prin dispersarea greut\u0103\u021bii c\u00e2inelui. [&hellip;]<\/p>\n","protected":false},"featured_media":12060,"template":"","meta":[],"product_brand":[],"product_cat":[168,1058,1092],"product_tag":[853,1093,1066],"class_list":{"0":"post-12059","1":"product","2":"type-product","3":"status-publish","4":"has-post-thumbnail","6":"product_cat-caini","7":"product_cat-hamuri","8":"product_cat-hamuri-chingi","9":"product_tag-ham-caini","10":"product_tag-ham-extra-tare","11":"product_tag-ham-pentru-caini","13":"first","14":"instock","15":"shipping-taxable","16":"purchasable","17":"product-type-simple"},"_links":{"self":[{"href":"https:\/\/faberpet.ro\/stage\/wp-json\/wp\/v2\/product\/12059","targetHints":{"allow":["GET"]}}],"collection":[{"href":"https:\/\/faberpet.ro\/stage\/wp-json\/wp\/v2\/product"}],"about":[{"href":"https:\/\/faberpet.ro\/stage\/wp-json\/wp\/v2\/types\/product"}],"wp:featuredmedia":[{"embeddable":true,"href":"https:\/\/faberpet.ro\/stage\/wp-json\/wp\/v2\/media\/12060"}],"wp:attachment":[{"href":"https:\/\/faberpet.ro\/stage\/wp-json\/wp\/v2\/media?parent=12059"}],"wp:term":[{"taxonomy":"product_brand","embeddable":true,"href":"https:\/\/faberpet.ro\/stage\/wp-json\/wp\/v2\/product_brand?post=12059"},{"taxonomy":"product_cat","embeddable":true,"href":"https:\/\/faberpet.ro\/stage\/wp-json\/wp\/v2\/product_cat?post=12059"},{"taxonomy":"product_tag","embeddable":true,"href":"https:\/\/faberpet.ro\/stage\/wp-json\/wp\/v2\/product_tag?post=12059"}],"curies":[{"name":"wp","href":"https:\/\/api.w.org\/{rel}","templated":true}]}}