{"id":12061,"date":"2025-02-18T10:15:48","date_gmt":"2025-02-18T07:15:48","guid":{"rendered":"https:\/\/faberpet.ro\/stage\/?post_type=product&#038;p=12061"},"modified":"2026-02-09T12:53:12","modified_gmt":"2026-02-09T10:53:12","slug":"bila-de-grasime-pt-pasari-salbatice-90-gr","status":"publish","type":"product","link":"https:\/\/faberpet.ro\/stage\/produs\/bila-de-grasime-pt-pasari-salbatice-90-gr\/","title":{"rendered":"Bila de grasime pt. pasari salbatice 90 gr"},"content":{"rendered":"<p>Bil\u0103 de gr\u0103sime<\/p>\n<ul>\n<li>Bil\u0103 de gr\u0103sime sunt un aliment bogat in gr\u0103simi \u0219i cereale de \u00eenalt\u0103 calitate.<\/li>\n<li>Un deliciu pentru prietenii t\u0103i \u00eenaripa\u021bi.<\/li>\n<li>Asigur\u0103 o stare bun\u0103 \u0219i o s\u0103n\u0103tate ridicat\u0103 a familiilor de p\u0103s\u0103ri care intr\u0103 \u00een perioada de cuib\u0103rit.<\/li>\n<li>Con\u021bine semin\u021be de floarea soarelui, semin\u021be de alte plante oleaginoase, f\u0103in\u0103 de cereale, nuci, gr\u0103sime animal\u0103, cret\u0103 furajer\u0103, esen\u021biale \u00een ciclul biologic al p\u0103s\u0103rilor.<\/li>\n<li>Bila format\u0103 sunt a\u0219ezate \u00een plas\u0103,\u00a0datorit\u0103 c\u0103rora le po\u021bi at\u00e2rna direct pe o creang\u0103 &#8211; fie \u00een gr\u0103dina casei tale, fie \u00een parc.<\/li>\n<li>Recomand\u0103m instalarea sarmei de fixare de-a lungul sudurii plasei, ceea ce cre\u0219te durabilitatea fix\u0103rii.<\/li>\n<li>Nici temperatura ridicat\u0103, nici cea sc\u0103zut\u0103 nu face dificil\u0103 colectarea alimentelor din boturile p\u0103s\u0103rilor.<\/li>\n<li>A se p\u0103stra la loc uscat \u0219i r\u0103coros.<\/li>\n<li>Greutatea net\u0103: 90 g;<\/li>\n<\/ul>\n","protected":false},"excerpt":{"rendered":"<p>Bil\u0103 de gr\u0103sime Bil\u0103 de gr\u0103sime sunt un aliment bogat in gr\u0103simi \u0219i cereale de \u00eenalt\u0103 calitate. Un deliciu pentru prietenii t\u0103i \u00eenaripa\u021bi. Asigur\u0103 o stare bun\u0103 \u0219i o s\u0103n\u0103tate ridicat\u0103 a familiilor de p\u0103s\u0103ri care intr\u0103 \u00een perioada de cuib\u0103rit. Con\u021bine semin\u021be de floarea soarelui, semin\u021be de alte plante oleaginoase, f\u0103in\u0103 de cereale, nuci, [&hellip;]<\/p>\n","protected":false},"featured_media":12062,"template":"","meta":[],"product_brand":[],"product_cat":[2425,174],"product_tag":[2424,2423,233],"class_list":{"0":"post-12061","1":"product","2":"type-product","3":"status-publish","4":"has-post-thumbnail","6":"product_cat-hrana-pasari","7":"product_cat-pasari","8":"product_tag-colac-biocsip-hrana","9":"product_tag-hrana-pasari","10":"product_tag-suplimente-hrana","12":"first","13":"instock","14":"shipping-taxable","15":"purchasable","16":"product-type-simple"},"_links":{"self":[{"href":"https:\/\/faberpet.ro\/stage\/wp-json\/wp\/v2\/product\/12061","targetHints":{"allow":["GET"]}}],"collection":[{"href":"https:\/\/faberpet.ro\/stage\/wp-json\/wp\/v2\/product"}],"about":[{"href":"https:\/\/faberpet.ro\/stage\/wp-json\/wp\/v2\/types\/product"}],"wp:featuredmedia":[{"embeddable":true,"href":"https:\/\/faberpet.ro\/stage\/wp-json\/wp\/v2\/media\/12062"}],"wp:attachment":[{"href":"https:\/\/faberpet.ro\/stage\/wp-json\/wp\/v2\/media?parent=12061"}],"wp:term":[{"taxonomy":"product_brand","embeddable":true,"href":"https:\/\/faberpet.ro\/stage\/wp-json\/wp\/v2\/product_brand?post=12061"},{"taxonomy":"product_cat","embeddable":true,"href":"https:\/\/faberpet.ro\/stage\/wp-json\/wp\/v2\/product_cat?post=12061"},{"taxonomy":"product_tag","embeddable":true,"href":"https:\/\/faberpet.ro\/stage\/wp-json\/wp\/v2\/product_tag?post=12061"}],"curies":[{"name":"wp","href":"https:\/\/api.w.org\/{rel}","templated":true}]}}