{"id":12067,"date":"2025-02-18T13:15:05","date_gmt":"2025-02-18T10:15:05","guid":{"rendered":"https:\/\/faberpet.ro\/stage\/?post_type=product&#038;p=12067"},"modified":"2025-08-01T13:46:08","modified_gmt":"2025-08-01T11:46:08","slug":"jucarie-pui-cu-sunet-16-cm","status":"publish","type":"product","link":"https:\/\/faberpet.ro\/stage\/produs\/jucarie-pui-cu-sunet-16-cm\/","title":{"rendered":"Jucarie pui cu sunet 16 cm"},"content":{"rendered":"<div><\/div>\n<ul>\n<li style=\"list-style-type: none\">\n<ul>\n<li>Juc\u0103riile pentru c\u00e2ini sau pisici au at\u00e2t un rol practic, c\u00e2t \u0219i un rol distractiv.<\/li>\n<li>Juc\u0103ria este confec\u021bionat\u0103 din vinil.<\/li>\n<li>Este deosebit de prietenos cu din\u021bii animalului dvs.<\/li>\n<li>Datorit\u0103 sunetului, este u\u0219or antrenat la joac\u0103.<\/li>\n<li>Stimuleaz\u0103 interesul animalului;<\/li>\n<li>Potrivit\u0103 pentru c\u0103\u021belu\u0219i;<\/li>\n<li>U\u0219or de igienizat.<\/li>\n<li>Dimensiuni:\u00a0 16 cm;<\/li>\n<\/ul>\n<\/li>\n<\/ul>\n","protected":false},"excerpt":{"rendered":"<p>Juc\u0103riile pentru c\u00e2ini sau pisici au at\u00e2t un rol practic, c\u00e2t \u0219i un rol distractiv. Juc\u0103ria este confec\u021bionat\u0103 din vinil. Este deosebit de prietenos cu din\u021bii animalului dvs. Datorit\u0103 sunetului, este u\u0219or antrenat la joac\u0103. Stimuleaz\u0103 interesul animalului; Potrivit\u0103 pentru c\u0103\u021belu\u0219i; U\u0219or de igienizat. Dimensiuni:\u00a0 16 cm;<\/p>\n","protected":false},"featured_media":12068,"template":"","meta":[],"product_brand":[],"product_cat":[168,1109,1162],"product_tag":[1244,1224,1245],"class_list":{"0":"post-12067","1":"product","2":"type-product","3":"status-publish","4":"has-post-thumbnail","6":"product_cat-caini","7":"product_cat-jucarii","8":"product_cat-jucarii-diverse","9":"product_tag-jucarie-ferplast","10":"product_tag-jucarie-vinil","11":"product_tag-pui-cu-sunet","13":"first","14":"instock","15":"shipping-taxable","16":"purchasable","17":"product-type-simple"},"_links":{"self":[{"href":"https:\/\/faberpet.ro\/stage\/wp-json\/wp\/v2\/product\/12067","targetHints":{"allow":["GET"]}}],"collection":[{"href":"https:\/\/faberpet.ro\/stage\/wp-json\/wp\/v2\/product"}],"about":[{"href":"https:\/\/faberpet.ro\/stage\/wp-json\/wp\/v2\/types\/product"}],"wp:featuredmedia":[{"embeddable":true,"href":"https:\/\/faberpet.ro\/stage\/wp-json\/wp\/v2\/media\/12068"}],"wp:attachment":[{"href":"https:\/\/faberpet.ro\/stage\/wp-json\/wp\/v2\/media?parent=12067"}],"wp:term":[{"taxonomy":"product_brand","embeddable":true,"href":"https:\/\/faberpet.ro\/stage\/wp-json\/wp\/v2\/product_brand?post=12067"},{"taxonomy":"product_cat","embeddable":true,"href":"https:\/\/faberpet.ro\/stage\/wp-json\/wp\/v2\/product_cat?post=12067"},{"taxonomy":"product_tag","embeddable":true,"href":"https:\/\/faberpet.ro\/stage\/wp-json\/wp\/v2\/product_tag?post=12067"}],"curies":[{"name":"wp","href":"https:\/\/api.w.org\/{rel}","templated":true}]}}