{"id":12069,"date":"2025-02-18T13:56:02","date_gmt":"2025-02-18T10:56:02","guid":{"rendered":"https:\/\/faberpet.ro\/stage\/?post_type=product&#038;p=12069"},"modified":"2025-08-04T07:47:33","modified_gmt":"2025-08-04T05:47:33","slug":"jucarie-inel-cauciuc-de-diferita-forma-3-in-1-2","status":"publish","type":"product","link":"https:\/\/faberpet.ro\/stage\/produs\/jucarie-inel-cauciuc-de-diferita-forma-3-in-1-2\/","title":{"rendered":"Jucarie inel cauciuc de diferit\u0103 forma 3 in 1"},"content":{"rendered":"<div><\/div>\n<ul>\n<li style=\"list-style-type: none\">\n<ul>\n<li>Juc\u0103ria este confec\u021bionat\u0103 din cauciuc.<\/li>\n<li>Acest material u\u015for elastic \u015fi non-toxic, este deosebit de prietenos cu din\u0163ii c\u00e2inelui dumneavoastr\u0103.<\/li>\n<li>Juc\u0103ria este perfect\u0103 pentru jocul de \u201eaport\u201d, fiind u\u0219or de prins \u0219i foarte rezistent\u0103.<\/li>\n<li>Aceast\u0103 juc\u0103rie le ofer\u0103 c\u00e2inelui o ocupa\u021bie, fiind \u0219i un obiect de ros \u00een acela\u0219i timp.<\/li>\n<li>Potrivit\u0103 pentru toate v\u00e2rstele, de la c\u0103\u0163elu\u015fi la seniori.<\/li>\n<li>U\u0219or de igienizat;<\/li>\n<li>Lungime: 18 cm.<\/li>\n<\/ul>\n<\/li>\n<\/ul>\n<p><b>Aten\u021bie!<\/b>\u00a0Ca \u00een cazul oric\u0103rui alt produs, este important s\u0103 v\u0103 supraveghea\u021bi animalul de companie \u00een timpul jocului.\u00a0Verifica\u021bi produsul \u00een mod regulat \u0219i \u00eenlocui\u021bi-l \u00een cazul \u00een care este deteriorat sau \u00eei lipsesc piese pentru a evita o eventual\u0103 r\u0103nire a animalului de companie.<\/p>\n","protected":false},"excerpt":{"rendered":"<p>Juc\u0103ria este confec\u021bionat\u0103 din cauciuc. Acest material u\u015for elastic \u015fi non-toxic, este deosebit de prietenos cu din\u0163ii c\u00e2inelui dumneavoastr\u0103. Juc\u0103ria este perfect\u0103 pentru jocul de \u201eaport\u201d, fiind u\u0219or de prins \u0219i foarte rezistent\u0103. Aceast\u0103 juc\u0103rie le ofer\u0103 c\u00e2inelui o ocupa\u021bie, fiind \u0219i un obiect de ros \u00een acela\u0219i timp. Potrivit\u0103 pentru toate v\u00e2rstele, de la [&hellip;]<\/p>\n","protected":false},"featured_media":12070,"template":"","meta":[],"product_brand":[],"product_cat":[168,1109,1162],"product_tag":[478,1295,1294],"class_list":{"0":"post-12069","1":"product","2":"type-product","3":"status-publish","4":"has-post-thumbnail","6":"product_cat-caini","7":"product_cat-jucarii","8":"product_cat-jucarii-diverse","9":"product_tag-diferite-forma","10":"product_tag-jucarie-caini-inel","11":"product_tag-jucarie-inel","13":"first","14":"instock","15":"shipping-taxable","16":"purchasable","17":"product-type-simple"},"_links":{"self":[{"href":"https:\/\/faberpet.ro\/stage\/wp-json\/wp\/v2\/product\/12069","targetHints":{"allow":["GET"]}}],"collection":[{"href":"https:\/\/faberpet.ro\/stage\/wp-json\/wp\/v2\/product"}],"about":[{"href":"https:\/\/faberpet.ro\/stage\/wp-json\/wp\/v2\/types\/product"}],"wp:featuredmedia":[{"embeddable":true,"href":"https:\/\/faberpet.ro\/stage\/wp-json\/wp\/v2\/media\/12070"}],"wp:attachment":[{"href":"https:\/\/faberpet.ro\/stage\/wp-json\/wp\/v2\/media?parent=12069"}],"wp:term":[{"taxonomy":"product_brand","embeddable":true,"href":"https:\/\/faberpet.ro\/stage\/wp-json\/wp\/v2\/product_brand?post=12069"},{"taxonomy":"product_cat","embeddable":true,"href":"https:\/\/faberpet.ro\/stage\/wp-json\/wp\/v2\/product_cat?post=12069"},{"taxonomy":"product_tag","embeddable":true,"href":"https:\/\/faberpet.ro\/stage\/wp-json\/wp\/v2\/product_tag?post=12069"}],"curies":[{"name":"wp","href":"https:\/\/api.w.org\/{rel}","templated":true}]}}