{"id":12074,"date":"2025-02-19T09:58:20","date_gmt":"2025-02-19T06:58:20","guid":{"rendered":"https:\/\/faberpet.ro\/stage\/?post_type=product&#038;p=12074"},"modified":"2025-12-15T13:31:40","modified_gmt":"2025-12-15T11:31:40","slug":"lesa-piele-impletita-pentru-cai-15-mm-90-cm-copie","status":"publish","type":"product","link":"https:\/\/faberpet.ro\/stage\/produs\/lesa-piele-impletita-pentru-cai-15-mm-90-cm-copie\/","title":{"rendered":"Lesa piele rotunda 22 mm\/120 cm"},"content":{"rendered":"<p>Les\u0103 piele este realizat din piele natural\u0103. Poate fi folosit\u0103, \u00een timpul plimb\u0103rilor prin spa\u021bii largi, pu\u021bin populate, c\u00e2nd dore\u0219ti s\u0103 oferi mai mult\u0103 libertate de mi\u0219care c\u00e2inelui. Rezistent\u0103 \u0219i calitatea produsului permite folosirea acestuia \u00een cazul tuturor c\u00e2inilor indiferent de talia acestora. Carabiniera este metalic\u0103, se poate ata\u0219a \u0219i deta\u0219a u\u0219or de zgarda c\u00e2inelui.<\/p>\n<p>Dimensiuni les\u0103: l\u0103\u021bime 2,2\u00a0 cm \u0219i lungime 120 cm.<\/p>\n","protected":false},"excerpt":{"rendered":"<p>Les\u0103 piele este realizat din piele natural\u0103. Poate fi folosit\u0103, \u00een timpul plimb\u0103rilor prin spa\u021bii largi, pu\u021bin populate, c\u00e2nd dore\u0219ti s\u0103 oferi mai mult\u0103 libertate de mi\u0219care c\u00e2inelui. Rezistent\u0103 \u0219i calitatea produsului permite folosirea acestuia \u00een cazul tuturor c\u00e2inilor indiferent de talia acestora. Carabiniera este metalic\u0103, se poate ata\u0219a \u0219i deta\u0219a u\u0219or de zgarda c\u00e2inelui. [&hellip;]<\/p>\n","protected":false},"featured_media":12075,"template":"","meta":[],"product_brand":[],"product_cat":[167,168,935,1395],"product_tag":[1486,1487,1473],"class_list":{"0":"post-12074","1":"product","2":"type-product","3":"status-publish","4":"has-post-thumbnail","6":"product_cat-cai-si-vaci","7":"product_cat-caini","8":"product_cat-lese","9":"product_cat-lese-piele","10":"product_tag-lesa-pentru-cai","11":"product_tag-lese-cai","12":"product_tag-piele-impletita","14":"first","15":"instock","16":"shipping-taxable","17":"purchasable","18":"product-type-simple"},"_links":{"self":[{"href":"https:\/\/faberpet.ro\/stage\/wp-json\/wp\/v2\/product\/12074","targetHints":{"allow":["GET"]}}],"collection":[{"href":"https:\/\/faberpet.ro\/stage\/wp-json\/wp\/v2\/product"}],"about":[{"href":"https:\/\/faberpet.ro\/stage\/wp-json\/wp\/v2\/types\/product"}],"wp:featuredmedia":[{"embeddable":true,"href":"https:\/\/faberpet.ro\/stage\/wp-json\/wp\/v2\/media\/12075"}],"wp:attachment":[{"href":"https:\/\/faberpet.ro\/stage\/wp-json\/wp\/v2\/media?parent=12074"}],"wp:term":[{"taxonomy":"product_brand","embeddable":true,"href":"https:\/\/faberpet.ro\/stage\/wp-json\/wp\/v2\/product_brand?post=12074"},{"taxonomy":"product_cat","embeddable":true,"href":"https:\/\/faberpet.ro\/stage\/wp-json\/wp\/v2\/product_cat?post=12074"},{"taxonomy":"product_tag","embeddable":true,"href":"https:\/\/faberpet.ro\/stage\/wp-json\/wp\/v2\/product_tag?post=12074"}],"curies":[{"name":"wp","href":"https:\/\/api.w.org\/{rel}","templated":true}]}}