{"id":12078,"date":"2025-02-20T10:23:01","date_gmt":"2025-02-20T07:23:01","guid":{"rendered":"https:\/\/faberpet.ro\/stage\/?post_type=product&#038;p=12078"},"modified":"2025-08-28T06:44:30","modified_gmt":"2025-08-28T04:44:30","slug":"pensete-pentru-capuse-2buc-set","status":"publish","type":"product","link":"https:\/\/faberpet.ro\/stage\/produs\/pensete-pentru-capuse-2buc-set\/","title":{"rendered":"Pensete pentru capuse 2buc\/set"},"content":{"rendered":"<p>Pensete pentru c\u0103pu\u0219e<\/p>\n<ul>\n<li style=\"list-style-type: none\">\n<ul>\n<li style=\"list-style-type: none\">\n<ul>\n<li style=\"list-style-type: none\">\n<ul>\n<li>Penseta de \u00eendep\u0103rtare a c\u0103pu\u0219elor pentru c\u00e2ini este un instrument specializat, care este folosit pentru a extrage eficient \u0219i \u00een siguran\u021b\u0103 c\u0103pu\u0219ele din blana animalului.<\/li>\n<li>Este un accesoriu indispensabil pentru proprietarii de caini, fiind util \u00een prevenirea transmiterii bolilor periculoase de c\u0103tre c\u0103pu\u0219e \u0219i \u00een men\u021binerea s\u0103n\u0103t\u0103\u021bii animalelor de companie.<\/li>\n<li>Un c\u00e2rlig pentru c\u0103pu\u0219e mici \u0219i mijlocii;<\/li>\n<li>Nu necesit\u0103 utilizarea de substan\u021be chimice;<\/li>\n<li>Rezistent la agen\u021bi dezinfectan\u021bi;<\/li>\n<li>Reutilizabil;<\/li>\n<li>Plastic;<\/li>\n<\/ul>\n<\/li>\n<\/ul>\n<\/li>\n<\/ul>\n<\/li>\n<\/ul>\n","protected":false},"excerpt":{"rendered":"<p>Pensete pentru c\u0103pu\u0219e Penseta de \u00eendep\u0103rtare a c\u0103pu\u0219elor pentru c\u00e2ini este un instrument specializat, care este folosit pentru a extrage eficient \u0219i \u00een siguran\u021b\u0103 c\u0103pu\u0219ele din blana animalului. Este un accesoriu indispensabil pentru proprietarii de caini, fiind util \u00een prevenirea transmiterii bolilor periculoase de c\u0103tre c\u0103pu\u0219e \u0219i \u00een men\u021binerea s\u0103n\u0103t\u0103\u021bii animalelor de companie. Un c\u00e2rlig [&hellip;]<\/p>\n","protected":false},"featured_media":12079,"template":"","meta":[],"product_brand":[],"product_cat":[597,625,168,171],"product_tag":[1825,1823,1824],"class_list":{"0":"post-12078","1":"product","2":"type-product","3":"status-publish","4":"has-post-thumbnail","6":"product_cat-accesorii","7":"product_cat-accesorii-pisici","8":"product_cat-caini","9":"product_cat-pisici","10":"product_tag-capuse-caini","11":"product_tag-dispozitiv-capuse","12":"product_tag-indepartare-purici","14":"first","15":"instock","16":"shipping-taxable","17":"purchasable","18":"product-type-simple"},"_links":{"self":[{"href":"https:\/\/faberpet.ro\/stage\/wp-json\/wp\/v2\/product\/12078","targetHints":{"allow":["GET"]}}],"collection":[{"href":"https:\/\/faberpet.ro\/stage\/wp-json\/wp\/v2\/product"}],"about":[{"href":"https:\/\/faberpet.ro\/stage\/wp-json\/wp\/v2\/types\/product"}],"wp:featuredmedia":[{"embeddable":true,"href":"https:\/\/faberpet.ro\/stage\/wp-json\/wp\/v2\/media\/12079"}],"wp:attachment":[{"href":"https:\/\/faberpet.ro\/stage\/wp-json\/wp\/v2\/media?parent=12078"}],"wp:term":[{"taxonomy":"product_brand","embeddable":true,"href":"https:\/\/faberpet.ro\/stage\/wp-json\/wp\/v2\/product_brand?post=12078"},{"taxonomy":"product_cat","embeddable":true,"href":"https:\/\/faberpet.ro\/stage\/wp-json\/wp\/v2\/product_cat?post=12078"},{"taxonomy":"product_tag","embeddable":true,"href":"https:\/\/faberpet.ro\/stage\/wp-json\/wp\/v2\/product_tag?post=12078"}],"curies":[{"name":"wp","href":"https:\/\/api.w.org\/{rel}","templated":true}]}}