{"id":12159,"date":"2025-02-25T11:05:20","date_gmt":"2025-02-25T08:05:20","guid":{"rendered":"https:\/\/faberpet.ro\/stage\/?post_type=product&#038;p=12159"},"modified":"2025-08-04T08:16:33","modified_gmt":"2025-08-04T06:16:33","slug":"jucarie-pisici-mingi","status":"publish","type":"product","link":"https:\/\/faberpet.ro\/stage\/produs\/jucarie-pisici-mingi\/","title":{"rendered":"Jucarie pisici mingi 4 cm 2 buc\/set"},"content":{"rendered":"<p>Juc\u0103ria este confec\u021bionat\u0103 din plastic.<\/p>\n<p>Este special conceput\u0103 s\u0103 atrag\u0103 \u0219i s\u0103 capteze aten\u021bia pisicilor \u0219i c\u0103\u021belu\u0219ilor.<\/p>\n<p>Potrivit\u0103 pentru pisici \u0219i c\u0103\u021belu\u0219i.<\/p>\n<p>U\u0219or de igienizat.<\/p>\n<p>Diametru: 4 cm.<\/p>\n<p>&nbsp;<\/p>\n<p>Aten\u021bie! Ca \u00een cazul oric\u0103rui alt produs, este important s\u0103 v\u0103 supraveghea\u021bi animalul de companie \u00een timpul jocului. Verifica\u021bi produsul \u00een mod regulat \u0219i \u00eenlocui\u021bi- l \u00een cazul \u00een care este deteriorat sau \u00eei lipsesc piese pentru a evita o eventual\u0103 r\u0103nire a animalului de companie. este recomandat \u00eenlocuirea juc\u0103riei \u00een momentul deterior\u0103rii!<\/p>\n<p>Pre\u021bul afi\u0219at este per set!<\/p>\n","protected":false},"excerpt":{"rendered":"<p>Juc\u0103ria este confec\u021bionat\u0103 din plastic. Este special conceput\u0103 s\u0103 atrag\u0103 \u0219i s\u0103 capteze aten\u021bia pisicilor \u0219i c\u0103\u021belu\u0219ilor. Potrivit\u0103 pentru pisici \u0219i c\u0103\u021belu\u0219i. U\u0219or de igienizat. Diametru: 4 cm. &nbsp; Aten\u021bie! Ca \u00een cazul oric\u0103rui alt produs, este important s\u0103 v\u0103 supraveghea\u021bi animalul de companie \u00een timpul jocului. Verifica\u021bi produsul \u00een mod regulat \u0219i \u00eenlocui\u021bi- l [&hellip;]<\/p>\n","protected":false},"featured_media":12161,"template":"","meta":[],"product_brand":[],"product_cat":[1122,171],"product_tag":[1325,1319,1320],"class_list":{"0":"post-12159","1":"product","2":"type-product","3":"status-publish","4":"has-post-thumbnail","6":"product_cat-jucarii-pisici","7":"product_cat-pisici","8":"product_tag-jucarie-pisici-mingi","9":"product_tag-jucarii-pline","10":"product_tag-minge","12":"first","13":"instock","14":"shipping-taxable","15":"purchasable","16":"product-type-simple"},"_links":{"self":[{"href":"https:\/\/faberpet.ro\/stage\/wp-json\/wp\/v2\/product\/12159","targetHints":{"allow":["GET"]}}],"collection":[{"href":"https:\/\/faberpet.ro\/stage\/wp-json\/wp\/v2\/product"}],"about":[{"href":"https:\/\/faberpet.ro\/stage\/wp-json\/wp\/v2\/types\/product"}],"wp:featuredmedia":[{"embeddable":true,"href":"https:\/\/faberpet.ro\/stage\/wp-json\/wp\/v2\/media\/12161"}],"wp:attachment":[{"href":"https:\/\/faberpet.ro\/stage\/wp-json\/wp\/v2\/media?parent=12159"}],"wp:term":[{"taxonomy":"product_brand","embeddable":true,"href":"https:\/\/faberpet.ro\/stage\/wp-json\/wp\/v2\/product_brand?post=12159"},{"taxonomy":"product_cat","embeddable":true,"href":"https:\/\/faberpet.ro\/stage\/wp-json\/wp\/v2\/product_cat?post=12159"},{"taxonomy":"product_tag","embeddable":true,"href":"https:\/\/faberpet.ro\/stage\/wp-json\/wp\/v2\/product_tag?post=12159"}],"curies":[{"name":"wp","href":"https:\/\/api.w.org\/{rel}","templated":true}]}}