{"id":12312,"date":"2025-03-05T10:02:48","date_gmt":"2025-03-05T08:02:48","guid":{"rendered":"https:\/\/faberpet.ro\/stage\/?post_type=product&#038;p=12312"},"modified":"2025-08-13T07:18:03","modified_gmt":"2025-08-13T05:18:03","slug":"brichete-de-sare-5-kg","status":"publish","type":"product","link":"https:\/\/faberpet.ro\/stage\/produs\/brichete-de-sare-5-kg\/","title":{"rendered":"Brichete de sare pt. zootehnie 5 Kg"},"content":{"rendered":"<p>Bloc mineral pentru prevenirea caren\u0163elor \u00een seleniu la ierbivore.<\/p>\n<p>INDICA\u0162II:Con\u0163ine 250 mg seleniu\/kg.<\/p>\n<p>Se p\u0103streaz\u0103 ferit de umezeal\u0103, la temperatura camerei (15-25 C\u02da).<\/p>\n<p>A nu l\u0103sa la \u00eendem\u00e2na copiilor.<\/p>\n","protected":false},"excerpt":{"rendered":"<p>Bloc mineral pentru prevenirea caren\u0163elor \u00een seleniu la ierbivore. INDICA\u0162II:Con\u0163ine 250 mg seleniu\/kg. Se p\u0103streaz\u0103 ferit de umezeal\u0103, la temperatura camerei (15-25 C\u02da). A nu l\u0103sa la \u00eendem\u00e2na copiilor.<\/p>\n","protected":false},"featured_media":12313,"template":"","meta":[],"product_brand":[],"product_cat":[2694,166,167],"product_tag":[2593,2592,178],"class_list":{"0":"post-12312","1":"product","2":"type-product","3":"status-publish","4":"has-post-thumbnail","6":"product_cat-alte-animale","7":"product_cat-animale-ferma","8":"product_cat-cai-si-vaci","9":"product_tag-aci-fort","10":"product_tag-acidifiant-uz-veterinar","11":"product_tag-uz-veterinar","13":"first","14":"instock","15":"shipping-taxable","16":"purchasable","17":"product-type-simple"},"_links":{"self":[{"href":"https:\/\/faberpet.ro\/stage\/wp-json\/wp\/v2\/product\/12312","targetHints":{"allow":["GET"]}}],"collection":[{"href":"https:\/\/faberpet.ro\/stage\/wp-json\/wp\/v2\/product"}],"about":[{"href":"https:\/\/faberpet.ro\/stage\/wp-json\/wp\/v2\/types\/product"}],"wp:featuredmedia":[{"embeddable":true,"href":"https:\/\/faberpet.ro\/stage\/wp-json\/wp\/v2\/media\/12313"}],"wp:attachment":[{"href":"https:\/\/faberpet.ro\/stage\/wp-json\/wp\/v2\/media?parent=12312"}],"wp:term":[{"taxonomy":"product_brand","embeddable":true,"href":"https:\/\/faberpet.ro\/stage\/wp-json\/wp\/v2\/product_brand?post=12312"},{"taxonomy":"product_cat","embeddable":true,"href":"https:\/\/faberpet.ro\/stage\/wp-json\/wp\/v2\/product_cat?post=12312"},{"taxonomy":"product_tag","embeddable":true,"href":"https:\/\/faberpet.ro\/stage\/wp-json\/wp\/v2\/product_tag?post=12312"}],"curies":[{"name":"wp","href":"https:\/\/api.w.org\/{rel}","templated":true}]}}