{"id":12634,"date":"2025-03-20T13:58:19","date_gmt":"2025-03-20T11:58:19","guid":{"rendered":"https:\/\/faberpet.ro\/stage\/?post_type=product&#038;p=12634"},"modified":"2025-08-01T08:13:53","modified_gmt":"2025-08-01T06:13:53","slug":"distribuitor-aer-metalic-4-mm-cu-2-iesiri","status":"publish","type":"product","link":"https:\/\/faberpet.ro\/stage\/produs\/distribuitor-aer-metalic-4-mm-cu-2-iesiri\/","title":{"rendered":"Distribuitor aer metalic 4 mm cu 2 iesiri"},"content":{"rendered":"<p>Distribuitor metalic pentru aer cu 2 robine\u021bi confec\u021bionat din crom. Are la cap\u0103t un dop de cauciuc ce d\u0103 posibilitatea de unire cu alte distribuitoare similare \u00een aceea\u0219i re\u021bea. Capabil s\u0103 \u00eendeplineasc\u0103 2 func\u021bii de baz\u0103: robinetul de aer metalic permite ajustarea fluxului de aer individual pe fiecare ie\u0219ire cu un debit constant iar galeria de aer permite evacuarea presiunii excesive a aerului de la pomp\u0103. Dac\u0103 presiunea excesiv\u0103 este permis\u0103 pentru a ajunge la pompa de aer pentru perioade lungi de timp, aceast\u0103 presiune poate provoca defectarea diafragmei pompei. Faciliteaz\u0103 distribuirea aerului la 2 obiective. Nu corodeaz\u0103 \u00een timp \u0219i asigur\u0103 un reglaj fin ce nu se modific\u0103 \u00een timp. Diametrul intern intrare furtun principal: 4 mm. Diametrul celor 2 ie\u0219iri: 4 mm.<\/p>\n","protected":false},"excerpt":{"rendered":"<p>Distribuitor metalic pentru aer cu 2 robine\u021bi confec\u021bionat din crom. Are la cap\u0103t un dop de cauciuc ce d\u0103 posibilitatea de unire cu alte distribuitoare similare \u00een aceea\u0219i re\u021bea. Capabil s\u0103 \u00eendeplineasc\u0103 2 func\u021bii de baz\u0103: robinetul de aer metalic permite ajustarea fluxului de aer individual pe fiecare ie\u0219ire cu un debit constant iar galeria [&hellip;]<\/p>\n","protected":false},"featured_media":12635,"template":"","meta":[],"product_brand":[],"product_cat":[306,61,307],"product_tag":[334,410,331],"class_list":{"0":"post-12634","1":"product","2":"type-product","3":"status-publish","4":"has-post-thumbnail","6":"product_cat-accesorii-acvarii","7":"product_cat-acvaristica","8":"product_cat-robinete-si-ventuze","9":"product_tag-distribuitor-aer","10":"product_tag-pompa-aer-distribuitor","11":"product_tag-robinete-aer-acvariu","13":"first","14":"instock","15":"shipping-taxable","16":"purchasable","17":"product-type-simple"},"_links":{"self":[{"href":"https:\/\/faberpet.ro\/stage\/wp-json\/wp\/v2\/product\/12634","targetHints":{"allow":["GET"]}}],"collection":[{"href":"https:\/\/faberpet.ro\/stage\/wp-json\/wp\/v2\/product"}],"about":[{"href":"https:\/\/faberpet.ro\/stage\/wp-json\/wp\/v2\/types\/product"}],"wp:featuredmedia":[{"embeddable":true,"href":"https:\/\/faberpet.ro\/stage\/wp-json\/wp\/v2\/media\/12635"}],"wp:attachment":[{"href":"https:\/\/faberpet.ro\/stage\/wp-json\/wp\/v2\/media?parent=12634"}],"wp:term":[{"taxonomy":"product_brand","embeddable":true,"href":"https:\/\/faberpet.ro\/stage\/wp-json\/wp\/v2\/product_brand?post=12634"},{"taxonomy":"product_cat","embeddable":true,"href":"https:\/\/faberpet.ro\/stage\/wp-json\/wp\/v2\/product_cat?post=12634"},{"taxonomy":"product_tag","embeddable":true,"href":"https:\/\/faberpet.ro\/stage\/wp-json\/wp\/v2\/product_tag?post=12634"}],"curies":[{"name":"wp","href":"https:\/\/api.w.org\/{rel}","templated":true}]}}