{"id":12658,"date":"2025-03-24T10:55:09","date_gmt":"2025-03-24T08:55:09","guid":{"rendered":"https:\/\/faberpet.ro\/stage\/?post_type=product&#038;p=12658"},"modified":"2025-08-01T08:45:26","modified_gmt":"2025-08-01T06:45:26","slug":"filtru-de-burete-cu-talpa-pe-colt-xy-2892","status":"publish","type":"product","link":"https:\/\/faberpet.ro\/stage\/produs\/filtru-de-burete-cu-talpa-pe-colt-xy-2892\/","title":{"rendered":"Filtru de burete cu talp\u0103 pe colt \u00d811 XY-2893"},"content":{"rendered":"<p>Filtru de burete acvariu ideal pentru instalare \u00eentr-un col\u021b al acvariului.<\/p>\n<p>Se aplic\u0103 la diferite sisteme de filtrare ca unitate de prefiltrare.<\/p>\n<p>Baza filtrului este grea \u0219i permite pozi\u021bionarea filtrului \u00een acvariu f\u0103r\u0103 ventuze sau alte sisteme de fixare.<\/p>\n<p>Filtrele de burete asigur\u0103 o filtrare mecanic\u0103 \u0219i biologic\u0103 adecvat\u0103.<\/p>\n<p>\u021aeava de evacuare poate fi scurtat\u0103 prin t\u0103iere.<\/p>\n<p>Dimensiuni burete: 11 x 11 cm.<\/p>\n<p>\u00cenainte de a-l pune \u00een func\u021biune l\u0103sa\u021bi-l \u00een apa acvariului timp de 5 minute f\u0103r\u0103 a pune \u00een func\u021biune.<\/p>\n<p>Pe toat\u0103 durata folosirii a filtrului, este obligatoriu de a sp\u0103la buretele filtrului \u00een urma schimbului par\u021bial sau total de ap\u0103.<\/p>\n<p>\u00cen\u0103l\u021bime total\u0103: 24 cm.<\/p>\n<p>\u00cenainte de a- l pune \u00een func\u021biune l\u0103sa\u021bi- l \u00een apa acvariului timp de 5 minute f\u0103r\u0103 a pune \u00een func\u021biune. Pe toat\u0103 durata folosirii a filtrului, este obligatoriu de a sp\u0103la buretele filtrului \u00een urma schimbului par\u021bial sau total de ap\u0103.<\/p>\n","protected":false},"excerpt":{"rendered":"<p>Filtru de burete acvariu ideal pentru instalare \u00eentr-un col\u021b al acvariului. Se aplic\u0103 la diferite sisteme de filtrare ca unitate de prefiltrare. Baza filtrului este grea \u0219i permite pozi\u021bionarea filtrului \u00een acvariu f\u0103r\u0103 ventuze sau alte sisteme de fixare. Filtrele de burete asigur\u0103 o filtrare mecanic\u0103 \u0219i biologic\u0103 adecvat\u0103. \u021aeava de evacuare poate fi scurtat\u0103 [&hellip;]<\/p>\n","protected":false},"featured_media":12660,"template":"","meta":[],"product_brand":[],"product_cat":[61,488,387],"product_tag":[509,492,2901],"class_list":{"0":"post-12658","1":"product","2":"type-product","3":"status-publish","4":"has-post-thumbnail","6":"product_cat-acvaristica","7":"product_cat-bureti-si-filtre-cu-burete","8":"product_cat-echipamente-de-intretinere","9":"product_tag-filtru-acvariu-intern","10":"product_tag-filtru-burete","11":"product_tag-xy-2829","13":"first","14":"instock","15":"shipping-taxable","16":"purchasable","17":"product-type-simple"},"_links":{"self":[{"href":"https:\/\/faberpet.ro\/stage\/wp-json\/wp\/v2\/product\/12658","targetHints":{"allow":["GET"]}}],"collection":[{"href":"https:\/\/faberpet.ro\/stage\/wp-json\/wp\/v2\/product"}],"about":[{"href":"https:\/\/faberpet.ro\/stage\/wp-json\/wp\/v2\/types\/product"}],"wp:featuredmedia":[{"embeddable":true,"href":"https:\/\/faberpet.ro\/stage\/wp-json\/wp\/v2\/media\/12660"}],"wp:attachment":[{"href":"https:\/\/faberpet.ro\/stage\/wp-json\/wp\/v2\/media?parent=12658"}],"wp:term":[{"taxonomy":"product_brand","embeddable":true,"href":"https:\/\/faberpet.ro\/stage\/wp-json\/wp\/v2\/product_brand?post=12658"},{"taxonomy":"product_cat","embeddable":true,"href":"https:\/\/faberpet.ro\/stage\/wp-json\/wp\/v2\/product_cat?post=12658"},{"taxonomy":"product_tag","embeddable":true,"href":"https:\/\/faberpet.ro\/stage\/wp-json\/wp\/v2\/product_tag?post=12658"}],"curies":[{"name":"wp","href":"https:\/\/api.w.org\/{rel}","templated":true}]}}