{"id":12685,"date":"2025-03-25T12:54:42","date_gmt":"2025-03-25T10:54:42","guid":{"rendered":"https:\/\/faberpet.ro\/stage\/?post_type=product&#038;p=12685"},"modified":"2025-08-04T09:17:56","modified_gmt":"2025-08-04T07:17:56","slug":"lesa-cordelina-cu-arc-18-mm-130-cm-2","status":"publish","type":"product","link":"https:\/\/faberpet.ro\/stage\/produs\/lesa-cordelina-cu-arc-18-mm-130-cm-2\/","title":{"rendered":"Lesa cordelina cu arc 18 mm\/150 cm"},"content":{"rendered":"<p>Confec\u021bionat\u0103 din \u021bes\u0103tur\u0103 rotund\u0103 din nylon (cordelin\u0103) de calitate. Lesa este ideal\u0103 at\u00e2t \u00een perioada de dresaj c\u00e2t \u015fi pentru plimb\u0103rile zilnice ale c\u00e2inilor de talie medie sau mare, activi, puternici, care solicit\u0103 un control mai riguros \u00een timpul deplas\u0103rii. \u00cent\u0103riturile din plastic, dispuse la nivelul \u00eembin\u0103rii m\u00e2nerului \u015fi a carabinei, asigur\u0103 un plus de rezisten\u0163\u0103 acestor zone, relativ sensibile din structura unei lese. Mecanismul de absorb\u021bie (arcul) a \u0219ocurilor \u00eempiedic\u0103 r\u0103nirea accidental\u0103 a c\u00e2inelui \u00een timpul trac\u021biunilor bru\u0219te. Carabiniera este metalic\u0103, se poate ata\u0219a \u0219i deta\u0219a u\u0219or de zgarda c\u00e2inelui. Are un sistem, care \u00eempiedic\u0103 deschiderea accidental\u0103 a acestuia. este u\u0219or de \u00eentre\u021binut prin sp\u0103lare cu ap\u0103 cald\u0103 \u015fi un detergent lipsit de toxicitate pentru animalele de companie. Dimensiuni les\u0103: l\u0103\u021bime 1, 8 cm \u0219i lungime 150 cm.<\/p>\n<p>IMPORTANT: Acest produs este disponibil \u00een diverse culori, a\u0219adar nu putem garanta livrarea unei anumite culori.<\/p>\n","protected":false},"excerpt":{"rendered":"<p>Confec\u021bionat\u0103 din \u021bes\u0103tur\u0103 rotund\u0103 din nylon (cordelin\u0103) de calitate. Lesa este ideal\u0103 at\u00e2t \u00een perioada de dresaj c\u00e2t \u015fi pentru plimb\u0103rile zilnice ale c\u00e2inilor de talie medie sau mare, activi, puternici, care solicit\u0103 un control mai riguros \u00een timpul deplas\u0103rii. \u00cent\u0103riturile din plastic, dispuse la nivelul \u00eembin\u0103rii m\u00e2nerului \u015fi a carabinei, asigur\u0103 un plus de [&hellip;]<\/p>\n","protected":false},"featured_media":12687,"template":"","meta":[],"product_brand":[],"product_cat":[168,935,1446],"product_tag":[1461,865,1453],"class_list":{"0":"post-12685","1":"product","2":"type-product","3":"status-publish","4":"has-post-thumbnail","6":"product_cat-caini","7":"product_cat-lese","8":"product_cat-lese-cordelina","9":"product_tag-accesorii-caine","10":"product_tag-lesa-caini","11":"product_tag-lesa-caini-cordelina","13":"first","14":"instock","15":"shipping-taxable","16":"purchasable","17":"product-type-simple"},"_links":{"self":[{"href":"https:\/\/faberpet.ro\/stage\/wp-json\/wp\/v2\/product\/12685","targetHints":{"allow":["GET"]}}],"collection":[{"href":"https:\/\/faberpet.ro\/stage\/wp-json\/wp\/v2\/product"}],"about":[{"href":"https:\/\/faberpet.ro\/stage\/wp-json\/wp\/v2\/types\/product"}],"wp:featuredmedia":[{"embeddable":true,"href":"https:\/\/faberpet.ro\/stage\/wp-json\/wp\/v2\/media\/12687"}],"wp:attachment":[{"href":"https:\/\/faberpet.ro\/stage\/wp-json\/wp\/v2\/media?parent=12685"}],"wp:term":[{"taxonomy":"product_brand","embeddable":true,"href":"https:\/\/faberpet.ro\/stage\/wp-json\/wp\/v2\/product_brand?post=12685"},{"taxonomy":"product_cat","embeddable":true,"href":"https:\/\/faberpet.ro\/stage\/wp-json\/wp\/v2\/product_cat?post=12685"},{"taxonomy":"product_tag","embeddable":true,"href":"https:\/\/faberpet.ro\/stage\/wp-json\/wp\/v2\/product_tag?post=12685"}],"curies":[{"name":"wp","href":"https:\/\/api.w.org\/{rel}","templated":true}]}}