{"id":12789,"date":"2025-03-31T09:30:10","date_gmt":"2025-03-31T07:30:10","guid":{"rendered":"https:\/\/faberpet.ro\/stage\/?post_type=product&#038;p=12789"},"modified":"2025-08-01T08:30:02","modified_gmt":"2025-08-01T06:30:02","slug":"set-curatare-acvariu-5-in-1-copie","status":"publish","type":"product","link":"https:\/\/faberpet.ro\/stage\/produs\/set-curatare-acvariu-5-in-1-copie\/","title":{"rendered":"Burete pt. curatare acvariu cu maner lung 40 cm"},"content":{"rendered":"<ul>\n<li>Fabricat din burete de bun\u0103 calitate, \u00eendep\u0103rteaz\u0103 algele \u00eenc\u0103p\u0103\u021b\u00e2nate \u0219i reziduurile lipicioase f\u0103r\u0103 a va deteriora rezervorul.<\/li>\n<li>M\u00e2ner antiderapant, usor de utilizat.<\/li>\n<li>Durabil \u0219i reutilizabil.<\/li>\n<li>Va rug\u0103m s\u0103 p\u0103stra\u021bi capul periei uscat dup\u0103 utilizare.<\/li>\n<li>Cap\u0103tul m\u00e2nerului este proiectat cu o gaur\u0103, convenabil pentru ag\u0103\u021bat \u0219i depozitat.<\/li>\n<li>Solu\u021bia de cur\u0103\u021bare cu bureti are un maner lung, ceea ce \u00eel face un ajutor de cur\u0103\u021bare foarte eficient pentru a ajunge la colturile \u0219i marginile ad\u00e2nci ale acvariului de acas\u0103.<\/li>\n<li>Material: plastic de \u00eenalt\u0103 calitate.<\/li>\n<\/ul>\n<p>&nbsp;<\/p>\n","protected":false},"excerpt":{"rendered":"<p>Fabricat din burete de bun\u0103 calitate, \u00eendep\u0103rteaz\u0103 algele \u00eenc\u0103p\u0103\u021b\u00e2nate \u0219i reziduurile lipicioase f\u0103r\u0103 a va deteriora rezervorul. M\u00e2ner antiderapant, usor de utilizat. Durabil \u0219i reutilizabil. Va rug\u0103m s\u0103 p\u0103stra\u021bi capul periei uscat dup\u0103 utilizare. Cap\u0103tul m\u00e2nerului este proiectat cu o gaur\u0103, convenabil pentru ag\u0103\u021bat \u0219i depozitat. Solu\u021bia de cur\u0103\u021bare cu bureti are un maner lung, [&hellip;]<\/p>\n","protected":false},"featured_media":12791,"template":"","meta":[],"product_brand":[],"product_cat":[61,387,437],"product_tag":[447,449,448],"class_list":{"0":"post-12789","1":"product","2":"type-product","3":"status-publish","4":"has-post-thumbnail","6":"product_cat-acvaristica","7":"product_cat-echipamente-de-intretinere","8":"product_cat-razuitoare","9":"product_tag-racleta-razuitor","10":"product_tag-razitori-acvarii","11":"product_tag-set-razuitor","13":"first","14":"instock","15":"shipping-taxable","16":"purchasable","17":"product-type-simple"},"_links":{"self":[{"href":"https:\/\/faberpet.ro\/stage\/wp-json\/wp\/v2\/product\/12789","targetHints":{"allow":["GET"]}}],"collection":[{"href":"https:\/\/faberpet.ro\/stage\/wp-json\/wp\/v2\/product"}],"about":[{"href":"https:\/\/faberpet.ro\/stage\/wp-json\/wp\/v2\/types\/product"}],"wp:featuredmedia":[{"embeddable":true,"href":"https:\/\/faberpet.ro\/stage\/wp-json\/wp\/v2\/media\/12791"}],"wp:attachment":[{"href":"https:\/\/faberpet.ro\/stage\/wp-json\/wp\/v2\/media?parent=12789"}],"wp:term":[{"taxonomy":"product_brand","embeddable":true,"href":"https:\/\/faberpet.ro\/stage\/wp-json\/wp\/v2\/product_brand?post=12789"},{"taxonomy":"product_cat","embeddable":true,"href":"https:\/\/faberpet.ro\/stage\/wp-json\/wp\/v2\/product_cat?post=12789"},{"taxonomy":"product_tag","embeddable":true,"href":"https:\/\/faberpet.ro\/stage\/wp-json\/wp\/v2\/product_tag?post=12789"}],"curies":[{"name":"wp","href":"https:\/\/api.w.org\/{rel}","templated":true}]}}