{"id":12796,"date":"2025-03-31T11:48:41","date_gmt":"2025-03-31T09:48:41","guid":{"rendered":"https:\/\/faberpet.ro\/stage\/?post_type=product&#038;p=12796"},"modified":"2025-08-04T07:31:54","modified_gmt":"2025-08-04T05:31:54","slug":"jucarie-hamburger-cu-sunet-8-cm","status":"publish","type":"product","link":"https:\/\/faberpet.ro\/stage\/produs\/jucarie-hamburger-cu-sunet-8-cm\/","title":{"rendered":"Jucarie hamburger cu sunet 8 cm"},"content":{"rendered":"<p>Juc\u0103riile pentru c\u00e2ini sau pisici au at\u00e2t un rol practic, c\u00e2t \u0219i un rol distractiv. Confec\u021bionat\u0103 din vinil, material ce foarte rezistent la intemperii \u015fi extrem de durabil. este deosebit de prietenos cu din\u021bii animalului dvs. Datorit\u0103 sunetului, este u\u0219or antrenat la joac\u0103. Stimuleaz\u0103 interesul animalului;U\u0219or de igienizat. Dimensiuni: 8 cm;<\/p>\n","protected":false},"excerpt":{"rendered":"<p>Juc\u0103riile pentru c\u00e2ini sau pisici au at\u00e2t un rol practic, c\u00e2t \u0219i un rol distractiv. Confec\u021bionat\u0103 din vinil, material ce foarte rezistent la intemperii \u015fi extrem de durabil. este deosebit de prietenos cu din\u021bii animalului dvs. Datorit\u0103 sunetului, este u\u0219or antrenat la joac\u0103. Stimuleaz\u0103 interesul animalului;U\u0219or de igienizat. Dimensiuni: 8 cm;<\/p>\n","protected":false},"featured_media":12797,"template":"","meta":[],"product_brand":[],"product_cat":[168,1109,1162],"product_tag":[1252,1251,1200],"class_list":{"0":"post-12796","1":"product","2":"type-product","3":"status-publish","4":"has-post-thumbnail","6":"product_cat-caini","7":"product_cat-jucarii","8":"product_cat-jucarii-diverse","9":"product_tag-jucarie-hamburger","10":"product_tag-jucarie-pentru-caini","11":"product_tag-jucarii-cu-sunet","13":"first","14":"instock","15":"shipping-taxable","16":"purchasable","17":"product-type-simple"},"_links":{"self":[{"href":"https:\/\/faberpet.ro\/stage\/wp-json\/wp\/v2\/product\/12796","targetHints":{"allow":["GET"]}}],"collection":[{"href":"https:\/\/faberpet.ro\/stage\/wp-json\/wp\/v2\/product"}],"about":[{"href":"https:\/\/faberpet.ro\/stage\/wp-json\/wp\/v2\/types\/product"}],"wp:featuredmedia":[{"embeddable":true,"href":"https:\/\/faberpet.ro\/stage\/wp-json\/wp\/v2\/media\/12797"}],"wp:attachment":[{"href":"https:\/\/faberpet.ro\/stage\/wp-json\/wp\/v2\/media?parent=12796"}],"wp:term":[{"taxonomy":"product_brand","embeddable":true,"href":"https:\/\/faberpet.ro\/stage\/wp-json\/wp\/v2\/product_brand?post=12796"},{"taxonomy":"product_cat","embeddable":true,"href":"https:\/\/faberpet.ro\/stage\/wp-json\/wp\/v2\/product_cat?post=12796"},{"taxonomy":"product_tag","embeddable":true,"href":"https:\/\/faberpet.ro\/stage\/wp-json\/wp\/v2\/product_tag?post=12796"}],"curies":[{"name":"wp","href":"https:\/\/api.w.org\/{rel}","templated":true}]}}