{"id":12815,"date":"2025-04-01T09:27:12","date_gmt":"2025-04-01T07:27:12","guid":{"rendered":"https:\/\/faberpet.ro\/stage\/?post_type=product&#038;p=12815"},"modified":"2025-08-04T08:26:30","modified_gmt":"2025-08-04T06:26:30","slug":"jucarie-pisici-soricel","status":"publish","type":"product","link":"https:\/\/faberpet.ro\/stage\/produs\/jucarie-pisici-soricel\/","title":{"rendered":"Jucarie pisici soricel cu minge 7,5 cm"},"content":{"rendered":"<p>Este o juc\u0103rie de calitate pentru pisici, fabricat\u0103 din polyester.<\/p>\n<p>Are form\u0103 de \u0219oricel, pe care pisicile \u00ee\u0219i pot ascu\u021bi gheru\u021bele.<\/p>\n<p>Potrivit\u0103 pentru c\u0103\u021belu\u0219i \u0219i pisici;<\/p>\n<p>U\u0219or de igienizat.<\/p>\n<p>Dimensiuni:\u00a0 7,5 cm;<\/p>\n<p>Disponibil\u0103 \u00een diferite culori.<\/p>\n<p>&nbsp;<\/p>\n","protected":false},"excerpt":{"rendered":"<p>Este o juc\u0103rie de calitate pentru pisici, fabricat\u0103 din polyester. Are form\u0103 de \u0219oricel, pe care pisicile \u00ee\u0219i pot ascu\u021bi gheru\u021bele. Potrivit\u0103 pentru c\u0103\u021belu\u0219i \u0219i pisici; U\u0219or de igienizat. Dimensiuni:\u00a0 7,5 cm; Disponibil\u0103 \u00een diferite culori. &nbsp;<\/p>\n","protected":false},"featured_media":12817,"template":"","meta":[],"product_brand":[],"product_cat":[1122,171],"product_tag":[1337,1117,1338],"class_list":{"0":"post-12815","1":"product","2":"type-product","3":"status-publish","4":"has-post-thumbnail","6":"product_cat-jucarii-pisici","7":"product_cat-pisici","8":"product_tag-jucarie-soareci","9":"product_tag-jucarii-caini","10":"product_tag-jucarii-pisicute","12":"first","13":"instock","14":"shipping-taxable","15":"purchasable","16":"product-type-simple"},"_links":{"self":[{"href":"https:\/\/faberpet.ro\/stage\/wp-json\/wp\/v2\/product\/12815","targetHints":{"allow":["GET"]}}],"collection":[{"href":"https:\/\/faberpet.ro\/stage\/wp-json\/wp\/v2\/product"}],"about":[{"href":"https:\/\/faberpet.ro\/stage\/wp-json\/wp\/v2\/types\/product"}],"wp:featuredmedia":[{"embeddable":true,"href":"https:\/\/faberpet.ro\/stage\/wp-json\/wp\/v2\/media\/12817"}],"wp:attachment":[{"href":"https:\/\/faberpet.ro\/stage\/wp-json\/wp\/v2\/media?parent=12815"}],"wp:term":[{"taxonomy":"product_brand","embeddable":true,"href":"https:\/\/faberpet.ro\/stage\/wp-json\/wp\/v2\/product_brand?post=12815"},{"taxonomy":"product_cat","embeddable":true,"href":"https:\/\/faberpet.ro\/stage\/wp-json\/wp\/v2\/product_cat?post=12815"},{"taxonomy":"product_tag","embeddable":true,"href":"https:\/\/faberpet.ro\/stage\/wp-json\/wp\/v2\/product_tag?post=12815"}],"curies":[{"name":"wp","href":"https:\/\/api.w.org\/{rel}","templated":true}]}}