{"id":12840,"date":"2025-04-01T14:53:11","date_gmt":"2025-04-01T12:53:11","guid":{"rendered":"https:\/\/faberpet.ro\/stage\/?post_type=product&#038;p=12840"},"modified":"2025-08-04T08:26:09","modified_gmt":"2025-08-04T06:26:09","slug":"jucarie-soricel-cu-minge-sisal-10-cm","status":"publish","type":"product","link":"https:\/\/faberpet.ro\/stage\/produs\/jucarie-soricel-cu-minge-sisal-10-cm\/","title":{"rendered":"Jucarie soricel cu minge sisal"},"content":{"rendered":"<p>Este o juc\u0103rie de calitate pentru pisici fabricat\u0103 din sisal \u0219i polyester.<\/p>\n<p>Special conceput\u0103 s\u0103 atrag\u0103 \u0219i s\u0103 capteze aten\u021bia pisicilor.<\/p>\n<p>Potrivit\u0103 pentru pisici;<\/p>\n<p>U\u0219or de igienizat.<\/p>\n<p>Dimensiuni: \u0219oricel 10 cm; diametru minge 4 cm.<\/p>\n","protected":false},"excerpt":{"rendered":"<p>Este o juc\u0103rie de calitate pentru pisici fabricat\u0103 din sisal \u0219i polyester. Special conceput\u0103 s\u0103 atrag\u0103 \u0219i s\u0103 capteze aten\u021bia pisicilor. Potrivit\u0103 pentru pisici; U\u0219or de igienizat. Dimensiuni: \u0219oricel 10 cm; diametru minge 4 cm.<\/p>\n","protected":false},"featured_media":12847,"template":"","meta":[],"product_brand":[],"product_cat":[1122,171],"product_tag":[1237,1333,1334],"class_list":{"0":"post-12840","1":"product","2":"type-product","3":"status-publish","4":"has-post-thumbnail","6":"product_cat-jucarii-pisici","7":"product_cat-pisici","8":"product_tag-jucarie-pisici","9":"product_tag-jucarie-sisal","10":"product_tag-vrajitoare","12":"first","13":"instock","14":"shipping-taxable","15":"purchasable","16":"product-type-simple"},"_links":{"self":[{"href":"https:\/\/faberpet.ro\/stage\/wp-json\/wp\/v2\/product\/12840","targetHints":{"allow":["GET"]}}],"collection":[{"href":"https:\/\/faberpet.ro\/stage\/wp-json\/wp\/v2\/product"}],"about":[{"href":"https:\/\/faberpet.ro\/stage\/wp-json\/wp\/v2\/types\/product"}],"wp:featuredmedia":[{"embeddable":true,"href":"https:\/\/faberpet.ro\/stage\/wp-json\/wp\/v2\/media\/12847"}],"wp:attachment":[{"href":"https:\/\/faberpet.ro\/stage\/wp-json\/wp\/v2\/media?parent=12840"}],"wp:term":[{"taxonomy":"product_brand","embeddable":true,"href":"https:\/\/faberpet.ro\/stage\/wp-json\/wp\/v2\/product_brand?post=12840"},{"taxonomy":"product_cat","embeddable":true,"href":"https:\/\/faberpet.ro\/stage\/wp-json\/wp\/v2\/product_cat?post=12840"},{"taxonomy":"product_tag","embeddable":true,"href":"https:\/\/faberpet.ro\/stage\/wp-json\/wp\/v2\/product_tag?post=12840"}],"curies":[{"name":"wp","href":"https:\/\/api.w.org\/{rel}","templated":true}]}}