{"id":12848,"date":"2025-04-02T08:10:56","date_gmt":"2025-04-02T06:10:56","guid":{"rendered":"https:\/\/faberpet.ro\/stage\/?post_type=product&#038;p=12848"},"modified":"2025-08-04T08:24:52","modified_gmt":"2025-08-04T06:24:52","slug":"jucarie-soricei-7-cm-2-set","status":"publish","type":"product","link":"https:\/\/faberpet.ro\/stage\/produs\/jucarie-soricei-7-cm-2-set\/","title":{"rendered":"Jucarie soricei cu pene 7 cm 2\/set"},"content":{"rendered":"<p>Este special conceput\u0103 s\u0103 atrag\u0103 \u0219i s\u0103 capteze aten\u021bia pisicilor.<\/p>\n<p>Stimuleaz\u0103 instinctul de joac\u0103 \u0219i de pr\u0103d\u0103tor al pisicii \u0219i o \u021bine ocupat\u0103 ore \u00eendelungate.<\/p>\n<p>Potrivit\u0103 pentru pisici.<\/p>\n<p>U\u0219or de igienizat.<\/p>\n<p>Lungime: 7 cm<\/p>\n","protected":false},"excerpt":{"rendered":"<p>Este special conceput\u0103 s\u0103 atrag\u0103 \u0219i s\u0103 capteze aten\u021bia pisicilor. Stimuleaz\u0103 instinctul de joac\u0103 \u0219i de pr\u0103d\u0103tor al pisicii \u0219i o \u021bine ocupat\u0103 ore \u00eendelungate. Potrivit\u0103 pentru pisici. U\u0219or de igienizat. Lungime: 7 cm<\/p>\n","protected":false},"featured_media":12849,"template":"","meta":[],"product_brand":[],"product_cat":[1122,171],"product_tag":[1328,1329,1330],"class_list":{"0":"post-12848","1":"product","2":"type-product","3":"status-publish","4":"has-post-thumbnail","6":"product_cat-jucarii-pisici","7":"product_cat-pisici","8":"product_tag-jucarie-pisici-soricei","9":"product_tag-jucarie-soricei","10":"product_tag-soricei-cu-sunet","12":"first","13":"instock","14":"shipping-taxable","15":"purchasable","16":"product-type-simple"},"_links":{"self":[{"href":"https:\/\/faberpet.ro\/stage\/wp-json\/wp\/v2\/product\/12848","targetHints":{"allow":["GET"]}}],"collection":[{"href":"https:\/\/faberpet.ro\/stage\/wp-json\/wp\/v2\/product"}],"about":[{"href":"https:\/\/faberpet.ro\/stage\/wp-json\/wp\/v2\/types\/product"}],"wp:featuredmedia":[{"embeddable":true,"href":"https:\/\/faberpet.ro\/stage\/wp-json\/wp\/v2\/media\/12849"}],"wp:attachment":[{"href":"https:\/\/faberpet.ro\/stage\/wp-json\/wp\/v2\/media?parent=12848"}],"wp:term":[{"taxonomy":"product_brand","embeddable":true,"href":"https:\/\/faberpet.ro\/stage\/wp-json\/wp\/v2\/product_brand?post=12848"},{"taxonomy":"product_cat","embeddable":true,"href":"https:\/\/faberpet.ro\/stage\/wp-json\/wp\/v2\/product_cat?post=12848"},{"taxonomy":"product_tag","embeddable":true,"href":"https:\/\/faberpet.ro\/stage\/wp-json\/wp\/v2\/product_tag?post=12848"}],"curies":[{"name":"wp","href":"https:\/\/api.w.org\/{rel}","templated":true}]}}