{"id":12863,"date":"2025-04-02T13:06:25","date_gmt":"2025-04-02T11:06:25","guid":{"rendered":"https:\/\/faberpet.ro\/stage\/?post_type=product&#038;p=12863"},"modified":"2025-08-01T12:26:26","modified_gmt":"2025-08-01T10:26:26","slug":"castron-plastic-rotund-cu-crestaturi-0-45-l-2","status":"publish","type":"product","link":"https:\/\/faberpet.ro\/stage\/produs\/castron-plastic-rotund-cu-crestaturi-0-45-l-2\/","title":{"rendered":"Castron plastic rotund arcuit 0.5 l"},"content":{"rendered":"<p>Este pentru servitul mesei la c\u00e2ini de talie mic\u0103 \u0219i pisici. Foarte practic pentru hr\u0103nirea animalelor, deosebit de rezistent. Prev\u0103zut cu suport antiderapant la baz\u0103, pentru a preveni alunecarea.<\/p>\n<p>Diametrul castronului este de 13 cm.<\/p>\n<p>Volumul de hran\u0103 este de 0. 45 litri.<\/p>\n<p>IMPORTANT: Acest produs este disponibil \u00een diverse culori, a\u0219adar nu putem garanta livrarea unei anumite culori.<\/p>\n","protected":false},"excerpt":{"rendered":"<p>Este pentru servitul mesei la c\u00e2ini de talie mic\u0103 \u0219i pisici. Foarte practic pentru hr\u0103nirea animalelor, deosebit de rezistent. Prev\u0103zut cu suport antiderapant la baz\u0103, pentru a preveni alunecarea. Diametrul castronului este de 13 cm. Volumul de hran\u0103 este de 0. 45 litri. IMPORTANT: Acest produs este disponibil \u00een diverse culori, a\u0219adar nu putem garanta [&hellip;]<\/p>\n","protected":false},"featured_media":12864,"template":"","meta":[],"product_brand":[],"product_cat":[168,954,955,953,171],"product_tag":[1020,986,969],"class_list":{"0":"post-12863","1":"product","2":"type-product","3":"status-publish","4":"has-post-thumbnail","6":"product_cat-caini","7":"product_cat-castroane","8":"product_cat-castroane-pisici","9":"product_cat-castroane-si-adapatoare","10":"product_cat-pisici","11":"product_tag-boluri-pentru-caini","12":"product_tag-castroane-caini","13":"product_tag-castron-plastic-caini","15":"first","16":"instock","17":"shipping-taxable","18":"purchasable","19":"product-type-simple"},"_links":{"self":[{"href":"https:\/\/faberpet.ro\/stage\/wp-json\/wp\/v2\/product\/12863","targetHints":{"allow":["GET"]}}],"collection":[{"href":"https:\/\/faberpet.ro\/stage\/wp-json\/wp\/v2\/product"}],"about":[{"href":"https:\/\/faberpet.ro\/stage\/wp-json\/wp\/v2\/types\/product"}],"wp:featuredmedia":[{"embeddable":true,"href":"https:\/\/faberpet.ro\/stage\/wp-json\/wp\/v2\/media\/12864"}],"wp:attachment":[{"href":"https:\/\/faberpet.ro\/stage\/wp-json\/wp\/v2\/media?parent=12863"}],"wp:term":[{"taxonomy":"product_brand","embeddable":true,"href":"https:\/\/faberpet.ro\/stage\/wp-json\/wp\/v2\/product_brand?post=12863"},{"taxonomy":"product_cat","embeddable":true,"href":"https:\/\/faberpet.ro\/stage\/wp-json\/wp\/v2\/product_cat?post=12863"},{"taxonomy":"product_tag","embeddable":true,"href":"https:\/\/faberpet.ro\/stage\/wp-json\/wp\/v2\/product_tag?post=12863"}],"curies":[{"name":"wp","href":"https:\/\/api.w.org\/{rel}","templated":true}]}}