{"id":12882,"date":"2025-04-03T09:09:14","date_gmt":"2025-04-03T07:09:14","guid":{"rendered":"https:\/\/faberpet.ro\/stage\/?post_type=product&#038;p=12882"},"modified":"2025-08-04T07:36:42","modified_gmt":"2025-08-04T05:36:42","slug":"minge-cauciuc-transparent-palpiatoare-cu-tepi-si-sunet-6-cm","status":"publish","type":"product","link":"https:\/\/faberpet.ro\/stage\/produs\/minge-cauciuc-transparent-palpiatoare-cu-tepi-si-sunet-6-cm\/","title":{"rendered":"Minge cauciuc multicolor palpaitoare cu tepi 7 cm"},"content":{"rendered":"<p>Juc\u0103ria este confec\u0163ionat\u0103 din cauciuc, material ce foarte rezistent la intemperii \u015fi extrem de durabil. G\u0103urile \u00eentre \u021bepi au rol \u00een cur\u0103\u021barea din\u021bilor \u0219i a gingiilor. Datorit\u0103 sunetului, este u\u0219or antrenat la joac\u0103. Stimuleaz\u0103 interesul animalului;<\/p>\n<p>U\u0219or de igienizat.<\/p>\n<p>Diametru: 7 cm;<\/p>\n<p>IMPORTANT: Acest produs este disponibil \u00een diverse culori, a\u0219adar nu putem garanta livrarea unei anumite culori. Aten\u021bie! Ca \u00een cazul oric\u0103rui alt produs, este important s\u0103 v\u0103 supraveghea\u021bi animalul de companie \u00een timpul jocului. Verifica\u021bi produsul \u00een mod regulat \u0219i \u00eenlocui\u021bi-l \u00een cazul \u00een care este deteriorat sau \u00eei lipsesc piese pentru a evita o eventual\u0103 r\u0103nire a animalului de companie.<\/p>\n","protected":false},"excerpt":{"rendered":"<p>Juc\u0103ria este confec\u0163ionat\u0103 din cauciuc, material ce foarte rezistent la intemperii \u015fi extrem de durabil. G\u0103urile \u00eentre \u021bepi au rol \u00een cur\u0103\u021barea din\u021bilor \u0219i a gingiilor. Datorit\u0103 sunetului, este u\u0219or antrenat la joac\u0103. Stimuleaz\u0103 interesul animalului; U\u0219or de igienizat. Diametru: 7 cm; IMPORTANT: Acest produs este disponibil \u00een diverse culori, a\u0219adar nu putem garanta livrarea [&hellip;]<\/p>\n","protected":false},"featured_media":12884,"template":"","meta":[],"product_brand":[],"product_cat":[168,1109,1110],"product_tag":[1268,1181,1152],"class_list":{"0":"post-12882","1":"product","2":"type-product","3":"status-publish","4":"has-post-thumbnail","6":"product_cat-caini","7":"product_cat-jucarii","8":"product_cat-jucarii-minge","9":"product_tag-jucarie-caine-cauiuc","10":"product_tag-jucarie-cauciuc","11":"product_tag-minge-cauciuc","13":"first","14":"instock","15":"shipping-taxable","16":"purchasable","17":"product-type-simple"},"_links":{"self":[{"href":"https:\/\/faberpet.ro\/stage\/wp-json\/wp\/v2\/product\/12882","targetHints":{"allow":["GET"]}}],"collection":[{"href":"https:\/\/faberpet.ro\/stage\/wp-json\/wp\/v2\/product"}],"about":[{"href":"https:\/\/faberpet.ro\/stage\/wp-json\/wp\/v2\/types\/product"}],"wp:featuredmedia":[{"embeddable":true,"href":"https:\/\/faberpet.ro\/stage\/wp-json\/wp\/v2\/media\/12884"}],"wp:attachment":[{"href":"https:\/\/faberpet.ro\/stage\/wp-json\/wp\/v2\/media?parent=12882"}],"wp:term":[{"taxonomy":"product_brand","embeddable":true,"href":"https:\/\/faberpet.ro\/stage\/wp-json\/wp\/v2\/product_brand?post=12882"},{"taxonomy":"product_cat","embeddable":true,"href":"https:\/\/faberpet.ro\/stage\/wp-json\/wp\/v2\/product_cat?post=12882"},{"taxonomy":"product_tag","embeddable":true,"href":"https:\/\/faberpet.ro\/stage\/wp-json\/wp\/v2\/product_tag?post=12882"}],"curies":[{"name":"wp","href":"https:\/\/api.w.org\/{rel}","templated":true}]}}