{"id":12959,"date":"2025-04-09T11:24:32","date_gmt":"2025-04-09T09:24:32","guid":{"rendered":"https:\/\/faberpet.ro\/stage\/?post_type=product&#038;p=12959"},"modified":"2025-08-04T11:28:25","modified_gmt":"2025-08-04T09:28:25","slug":"compresor-aer-sunsun-aco-818-300l-min-385w","status":"publish","type":"product","link":"https:\/\/faberpet.ro\/stage\/produs\/compresor-aer-sunsun-aco-818-300l-min-385w\/","title":{"rendered":"Compresor aer SUNSUN ACO-818 300L\/min 385W"},"content":{"rendered":"<p>Compresor de aer pentru o gam\u0103 variat\u0103 de utiliz\u0103ri. Acest model de mini compresor face parte din gama de pompe aer acvariu cu debit generos. Compresor de aer pentru acvarii, iazuri, transport pe\u0219te, acvacultur\u0103 cu un nivel popula\u021bional ridicat, fose septice sau alte obiective unde este necesar\u0103 admisia de aer. Pompa oxigenare acvariu cu motor electromagnetic linear de construc\u021bie simpl\u0103 \u0219i eficien\u021b\u0103 ridicat\u0103. Func\u021bionare lin\u0103. Consum redus de energie electric\u0103. Zgomot redus.<\/p>\n<p>Putere consumat\u0103: 385 W.<\/p>\n<p>Debit de aer: 300 L\/min.<\/p>\n<p>Compresorul vine echipat cu teu distribuitor aer cu 20 ie\u0219iri de 4 mm \u00een diametru.<\/p>\n<p>AC 220 V.<\/p>\n","protected":false},"excerpt":{"rendered":"<p>Compresor de aer pentru o gam\u0103 variat\u0103 de utiliz\u0103ri. Acest model de mini compresor face parte din gama de pompe aer acvariu cu debit generos. Compresor de aer pentru acvarii, iazuri, transport pe\u0219te, acvacultur\u0103 cu un nivel popula\u021bional ridicat, fose septice sau alte obiective unde este necesar\u0103 admisia de aer. Pompa oxigenare acvariu cu motor [&hellip;]<\/p>\n","protected":false},"featured_media":12960,"template":"","meta":[],"product_brand":[],"product_cat":[61,2303,2017],"product_tag":[537,2300,2301],"class_list":{"0":"post-12959","1":"product","2":"type-product","3":"status-publish","4":"has-post-thumbnail","6":"product_cat-acvaristica","7":"product_cat-compresoare","8":"product_cat-electrice","9":"product_tag-boyu","10":"product_tag-compresor-aer-acvariu","11":"product_tag-compresor-aer-pentru-iaz","13":"first","14":"instock","15":"shipping-taxable","16":"purchasable","17":"product-type-simple"},"_links":{"self":[{"href":"https:\/\/faberpet.ro\/stage\/wp-json\/wp\/v2\/product\/12959","targetHints":{"allow":["GET"]}}],"collection":[{"href":"https:\/\/faberpet.ro\/stage\/wp-json\/wp\/v2\/product"}],"about":[{"href":"https:\/\/faberpet.ro\/stage\/wp-json\/wp\/v2\/types\/product"}],"wp:featuredmedia":[{"embeddable":true,"href":"https:\/\/faberpet.ro\/stage\/wp-json\/wp\/v2\/media\/12960"}],"wp:attachment":[{"href":"https:\/\/faberpet.ro\/stage\/wp-json\/wp\/v2\/media?parent=12959"}],"wp:term":[{"taxonomy":"product_brand","embeddable":true,"href":"https:\/\/faberpet.ro\/stage\/wp-json\/wp\/v2\/product_brand?post=12959"},{"taxonomy":"product_cat","embeddable":true,"href":"https:\/\/faberpet.ro\/stage\/wp-json\/wp\/v2\/product_cat?post=12959"},{"taxonomy":"product_tag","embeddable":true,"href":"https:\/\/faberpet.ro\/stage\/wp-json\/wp\/v2\/product_tag?post=12959"}],"curies":[{"name":"wp","href":"https:\/\/api.w.org\/{rel}","templated":true}]}}