{"id":12997,"date":"2025-04-11T08:21:02","date_gmt":"2025-04-11T06:21:02","guid":{"rendered":"https:\/\/faberpet.ro\/stage\/?post_type=product&#038;p=12997"},"modified":"2025-08-04T11:14:05","modified_gmt":"2025-08-04T09:14:05","slug":"set-pompa-aer-cu-minifiltru-rs-086-1-2l-min-2w","status":"publish","type":"product","link":"https:\/\/faberpet.ro\/stage\/produs\/set-pompa-aer-cu-minifiltru-rs-086-1-2l-min-2w\/","title":{"rendered":"Set pompa aer cu minifiltru MB-202 1.2L\/min 2W"},"content":{"rendered":"<p>Pomp\u0103 aer pentru acvariu cu eficien\u021b\u0103 ridicat\u0103, economisire de energie electric\u0103, fiabil \u0219i durabil. \u00cen primul r\u00e2nd o pomp\u0103 de aer asigur\u0103 oxigenarea acvariului. Apoi exist\u0103 mai multe utiliz\u0103ri ale unei pompe de aer: la alimentarea cu aer a pietrelor de aer, perdelelor de aer, diverse decoruri, crearea unor curen\u021bi de ap\u0103 \u00een acvariu. Motor electric cu performan\u021be excelente, un consum redus de energie electric\u0103 \u0219i o func\u021bionare foarte silen\u021bioas\u0103 datorit\u0103 unui sistem de labirint intern ce reduce semnificativ orice zgomot.<\/p>\n<p>U\u0219or de utilizat.<\/p>\n<p>Putere consumat\u0103: 2 W.<\/p>\n<p>Debit de aer: max. 1, 2 L\/min.<\/p>\n<p>Num\u0103rul ie\u0219irilor de aer: 1 ie\u0219ire.<\/p>\n<p>AC 220 V.<\/p>\n","protected":false},"excerpt":{"rendered":"<p>Pomp\u0103 aer pentru acvariu cu eficien\u021b\u0103 ridicat\u0103, economisire de energie electric\u0103, fiabil \u0219i durabil. \u00cen primul r\u00e2nd o pomp\u0103 de aer asigur\u0103 oxigenarea acvariului. Apoi exist\u0103 mai multe utiliz\u0103ri ale unei pompe de aer: la alimentarea cu aer a pietrelor de aer, perdelelor de aer, diverse decoruri, crearea unor curen\u021bi de ap\u0103 \u00een acvariu. Motor [&hellip;]<\/p>\n","protected":false},"featured_media":12999,"template":"","meta":[],"product_brand":[],"product_cat":[61,2017,2224],"product_tag":[2133,2229,2230],"class_list":{"0":"post-12997","1":"product","2":"type-product","3":"status-publish","4":"has-post-thumbnail","6":"product_cat-acvaristica","7":"product_cat-electrice","8":"product_cat-pompe-de-aer","9":"product_tag-pompa-aer-acvariu","10":"product_tag-pompa-aer-sobo","11":"product_tag-sobo-sb-248a","13":"first","14":"instock","15":"shipping-taxable","16":"purchasable","17":"product-type-simple"},"_links":{"self":[{"href":"https:\/\/faberpet.ro\/stage\/wp-json\/wp\/v2\/product\/12997","targetHints":{"allow":["GET"]}}],"collection":[{"href":"https:\/\/faberpet.ro\/stage\/wp-json\/wp\/v2\/product"}],"about":[{"href":"https:\/\/faberpet.ro\/stage\/wp-json\/wp\/v2\/types\/product"}],"wp:featuredmedia":[{"embeddable":true,"href":"https:\/\/faberpet.ro\/stage\/wp-json\/wp\/v2\/media\/12999"}],"wp:attachment":[{"href":"https:\/\/faberpet.ro\/stage\/wp-json\/wp\/v2\/media?parent=12997"}],"wp:term":[{"taxonomy":"product_brand","embeddable":true,"href":"https:\/\/faberpet.ro\/stage\/wp-json\/wp\/v2\/product_brand?post=12997"},{"taxonomy":"product_cat","embeddable":true,"href":"https:\/\/faberpet.ro\/stage\/wp-json\/wp\/v2\/product_cat?post=12997"},{"taxonomy":"product_tag","embeddable":true,"href":"https:\/\/faberpet.ro\/stage\/wp-json\/wp\/v2\/product_tag?post=12997"}],"curies":[{"name":"wp","href":"https:\/\/api.w.org\/{rel}","templated":true}]}}