{"id":13033,"date":"2025-04-22T07:22:53","date_gmt":"2025-04-22T05:22:53","guid":{"rendered":"https:\/\/faberpet.ro\/stage\/?post_type=product&#038;p=13033"},"modified":"2025-08-04T08:47:45","modified_gmt":"2025-08-04T06:47:45","slug":"zgarda-chinga-latex-decorat-1x30-cm-4-set","status":"publish","type":"product","link":"https:\/\/faberpet.ro\/stage\/produs\/zgarda-chinga-latex-decorat-1x30-cm-4-set\/","title":{"rendered":"Zgarda chinga latex decorat 1&#215;30 cm 4\/set"},"content":{"rendered":"<p>Zgard\u0103 confec\u021bionat\u0103 din material latex. Are l\u0103\u021bimea de 1 cm \u0219i lungimea maxim\u0103 desf\u0103\u0219urat\u0103 de 30 cm. Reglare simpl\u0103 \u0219i rapid\u0103, beneficiind de un sistem de \u00eenchidere eficient ce include o cataram\u0103 rafinat\u0103 din metal cromat. Este prev\u0103zut cu un inel de prindere din inox \u0219i cu clopo\u021bel. Confortabil\u0103, elegant\u0103. Un accesoriu util \u0219i atr\u0103g\u0103tor pentru animalul Dvs.<\/p>\n<p>Amestecat \u00een diferite culori \u00een set.<\/p>\n<p>Se vinde ambalat c\u00e2te 4 buc\/set!<\/p>\n<p>Pre\u021bul afi\u0219at este per buc!<\/p>\n","protected":false},"excerpt":{"rendered":"<p>Zgard\u0103 confec\u021bionat\u0103 din material latex. Are l\u0103\u021bimea de 1 cm \u0219i lungimea maxim\u0103 desf\u0103\u0219urat\u0103 de 30 cm. Reglare simpl\u0103 \u0219i rapid\u0103, beneficiind de un sistem de \u00eenchidere eficient ce include o cataram\u0103 rafinat\u0103 din metal cromat. Este prev\u0103zut cu un inel de prindere din inox \u0219i cu clopo\u021bel. Confortabil\u0103, elegant\u0103. Un accesoriu util \u0219i atr\u0103g\u0103tor [&hellip;]<\/p>\n","protected":false},"featured_media":13034,"template":"","meta":[],"product_brand":[],"product_cat":[168,171,1908,1909,1907,1854],"product_tag":[861,1962,1961],"class_list":{"0":"post-13033","1":"product","2":"type-product","3":"status-publish","4":"has-post-thumbnail","6":"product_cat-caini","7":"product_cat-pisici","8":"product_cat-zgarzi-chinga","9":"product_cat-zgarzi-chinga-zgarzi-si-curele","10":"product_cat-zgarzi-pisici","11":"product_cat-zgarzi-si-curele","12":"product_tag-zgarda-caini","13":"product_tag-zgarda-latex-caini","14":"product_tag-zgarzi-din-latex","16":"first","17":"instock","18":"shipping-taxable","19":"purchasable","20":"product-type-simple"},"_links":{"self":[{"href":"https:\/\/faberpet.ro\/stage\/wp-json\/wp\/v2\/product\/13033","targetHints":{"allow":["GET"]}}],"collection":[{"href":"https:\/\/faberpet.ro\/stage\/wp-json\/wp\/v2\/product"}],"about":[{"href":"https:\/\/faberpet.ro\/stage\/wp-json\/wp\/v2\/types\/product"}],"wp:featuredmedia":[{"embeddable":true,"href":"https:\/\/faberpet.ro\/stage\/wp-json\/wp\/v2\/media\/13034"}],"wp:attachment":[{"href":"https:\/\/faberpet.ro\/stage\/wp-json\/wp\/v2\/media?parent=13033"}],"wp:term":[{"taxonomy":"product_brand","embeddable":true,"href":"https:\/\/faberpet.ro\/stage\/wp-json\/wp\/v2\/product_brand?post=13033"},{"taxonomy":"product_cat","embeddable":true,"href":"https:\/\/faberpet.ro\/stage\/wp-json\/wp\/v2\/product_cat?post=13033"},{"taxonomy":"product_tag","embeddable":true,"href":"https:\/\/faberpet.ro\/stage\/wp-json\/wp\/v2\/product_tag?post=13033"}],"curies":[{"name":"wp","href":"https:\/\/api.w.org\/{rel}","templated":true}]}}