{"id":13068,"date":"2025-04-23T11:11:34","date_gmt":"2025-04-23T09:11:34","guid":{"rendered":"https:\/\/faberpet.ro\/stage\/?post_type=product&#038;p=13068"},"modified":"2025-08-01T13:13:28","modified_gmt":"2025-08-01T11:13:28","slug":"ham-extra-tip-h-15-mm-imprimat-xs-56-69-cm","status":"publish","type":"product","link":"https:\/\/faberpet.ro\/stage\/produs\/ham-extra-tip-h-15-mm-imprimat-xs-56-69-cm\/","title":{"rendered":"Ham extra tip H 15 mm imprimat, S-M 32-43 cm"},"content":{"rendered":"<div><\/div>\n<ul>\n<li>Este confec\u021bionat\u0103 din nylon rezistent \u0219i durabil.<\/li>\n<li>Design-ul\u00a0ergonomic ofer\u0103 o senza\u021bie de\u00a0confort sporit.<\/li>\n<li>Catarama sunt rezistente \u0219i pe timpul iernii.<\/li>\n<li>Hamul are disponibil ca sistem de prindere dou\u0103 inele de inox\u00a0\u2013 2 mm.<\/li>\n<li>Este recomandat\u0103 pentru c\u00e2ini de talie mica.<\/li>\n<li>Adaug\u0103 suport adi\u021bional la ridicarea \u0219i asistarea c\u00e2inilor prin dispersarea greut\u0103\u021bii c\u00e2inelui.<\/li>\n<li>Nu cauzeaz\u0103 irita\u021bii \u0219i nu afecteaz\u0103 s\u0103n\u0103tatea animalelor.<\/li>\n<li>Rezistent\u0103.<\/li>\n<li>Reglabil.<\/li>\n<\/ul>\n<p>Circumferinta taliei: 32-43 cm<\/p>\n<p>Greutate orientativ\u0103: 5-15 kg<\/p>\n<p>&nbsp;<\/p>\n","protected":false},"excerpt":{"rendered":"<p>Este confec\u021bionat\u0103 din nylon rezistent \u0219i durabil. Design-ul\u00a0ergonomic ofer\u0103 o senza\u021bie de\u00a0confort sporit. Catarama sunt rezistente \u0219i pe timpul iernii. Hamul are disponibil ca sistem de prindere dou\u0103 inele de inox\u00a0\u2013 2 mm. Este recomandat\u0103 pentru c\u00e2ini de talie mica. Adaug\u0103 suport adi\u021bional la ridicarea \u0219i asistarea c\u00e2inilor prin dispersarea greut\u0103\u021bii c\u00e2inelui. Nu cauzeaz\u0103 irita\u021bii [&hellip;]<\/p>\n","protected":false},"featured_media":13070,"template":"","meta":[],"product_brand":[],"product_cat":[168,1058,1092],"product_tag":[1084,853,1085],"class_list":{"0":"post-13068","1":"product","2":"type-product","3":"status-publish","4":"has-post-thumbnail","6":"product_cat-caini","7":"product_cat-hamuri","8":"product_cat-hamuri-chingi","9":"product_tag-ham-caine-talie-medie","10":"product_tag-ham-caini","11":"product_tag-ham-multifunctional","13":"first","14":"instock","15":"shipping-taxable","16":"purchasable","17":"product-type-simple"},"_links":{"self":[{"href":"https:\/\/faberpet.ro\/stage\/wp-json\/wp\/v2\/product\/13068","targetHints":{"allow":["GET"]}}],"collection":[{"href":"https:\/\/faberpet.ro\/stage\/wp-json\/wp\/v2\/product"}],"about":[{"href":"https:\/\/faberpet.ro\/stage\/wp-json\/wp\/v2\/types\/product"}],"wp:featuredmedia":[{"embeddable":true,"href":"https:\/\/faberpet.ro\/stage\/wp-json\/wp\/v2\/media\/13070"}],"wp:attachment":[{"href":"https:\/\/faberpet.ro\/stage\/wp-json\/wp\/v2\/media?parent=13068"}],"wp:term":[{"taxonomy":"product_brand","embeddable":true,"href":"https:\/\/faberpet.ro\/stage\/wp-json\/wp\/v2\/product_brand?post=13068"},{"taxonomy":"product_cat","embeddable":true,"href":"https:\/\/faberpet.ro\/stage\/wp-json\/wp\/v2\/product_cat?post=13068"},{"taxonomy":"product_tag","embeddable":true,"href":"https:\/\/faberpet.ro\/stage\/wp-json\/wp\/v2\/product_tag?post=13068"}],"curies":[{"name":"wp","href":"https:\/\/api.w.org\/{rel}","templated":true}]}}