{"id":13095,"date":"2025-04-24T14:29:55","date_gmt":"2025-04-24T12:29:55","guid":{"rendered":"https:\/\/faberpet.ro\/stage\/?post_type=product&#038;p=13095"},"modified":"2025-08-04T08:59:39","modified_gmt":"2025-08-04T06:59:39","slug":"zgarda-piele-cu-tinte-ascutite-5x80-cm-copie","status":"publish","type":"product","link":"https:\/\/faberpet.ro\/stage\/produs\/zgarda-piele-cu-tinte-ascutite-5x80-cm-copie\/","title":{"rendered":"Zgarda piele cu tinte ascutite 4&#215;70 cm"},"content":{"rendered":"<p>Zgard\u0103 confec\u021bionat\u0103 din piele natural\u0103 de calitate. Are l\u0103\u021bimea de 4 cm \u0219i lungimea maxim\u0103 desf\u0103\u0219urat\u0103 de 70 cm. Reglare simpl\u0103 \u0219i rapid\u0103, beneficiind de un sistem de \u00eenchidere eficient ce include o cataram\u0103 dubl\u0103 din metal cromat. este prev\u0103zut\u0103 cu un inel de prindere din inox \u0219i \u021binte ascu\u021bite. Confortabil\u0103, elegant\u0103. Rezistent\u0103, puternic\u0103. Un accesoriu util \u0219i atr\u0103g\u0103tor pentru animalu\u021bul Dvs.<\/p>\n","protected":false},"excerpt":{"rendered":"<p>Zgard\u0103 confec\u021bionat\u0103 din piele natural\u0103 de calitate. Are l\u0103\u021bimea de 4 cm \u0219i lungimea maxim\u0103 desf\u0103\u0219urat\u0103 de 70 cm. Reglare simpl\u0103 \u0219i rapid\u0103, beneficiind de un sistem de \u00eenchidere eficient ce include o cataram\u0103 dubl\u0103 din metal cromat. este prev\u0103zut\u0103 cu un inel de prindere din inox \u0219i \u021binte ascu\u021bite. Confortabil\u0103, elegant\u0103. Rezistent\u0103, puternic\u0103. Un [&hellip;]<\/p>\n","protected":false},"featured_media":13096,"template":"","meta":[],"product_brand":[],"product_cat":[168,1929,1854],"product_tag":[1992,1970,1945],"class_list":{"0":"post-13095","1":"product","2":"type-product","3":"status-publish","4":"has-post-thumbnail","6":"product_cat-caini","7":"product_cat-zgarzi-piele","8":"product_cat-zgarzi-si-curele","9":"product_tag-zgarda-de-purici","10":"product_tag-zgarda-pasla","11":"product_tag-zgarzi-pisici","13":"first","14":"instock","15":"shipping-taxable","16":"purchasable","17":"product-type-simple"},"_links":{"self":[{"href":"https:\/\/faberpet.ro\/stage\/wp-json\/wp\/v2\/product\/13095","targetHints":{"allow":["GET"]}}],"collection":[{"href":"https:\/\/faberpet.ro\/stage\/wp-json\/wp\/v2\/product"}],"about":[{"href":"https:\/\/faberpet.ro\/stage\/wp-json\/wp\/v2\/types\/product"}],"wp:featuredmedia":[{"embeddable":true,"href":"https:\/\/faberpet.ro\/stage\/wp-json\/wp\/v2\/media\/13096"}],"wp:attachment":[{"href":"https:\/\/faberpet.ro\/stage\/wp-json\/wp\/v2\/media?parent=13095"}],"wp:term":[{"taxonomy":"product_brand","embeddable":true,"href":"https:\/\/faberpet.ro\/stage\/wp-json\/wp\/v2\/product_brand?post=13095"},{"taxonomy":"product_cat","embeddable":true,"href":"https:\/\/faberpet.ro\/stage\/wp-json\/wp\/v2\/product_cat?post=13095"},{"taxonomy":"product_tag","embeddable":true,"href":"https:\/\/faberpet.ro\/stage\/wp-json\/wp\/v2\/product_tag?post=13095"}],"curies":[{"name":"wp","href":"https:\/\/api.w.org\/{rel}","templated":true}]}}