{"id":13103,"date":"2025-04-25T07:43:19","date_gmt":"2025-04-25T05:43:19","guid":{"rendered":"https:\/\/faberpet.ro\/stage\/?post_type=product&#038;p=13103"},"modified":"2025-08-04T08:59:06","modified_gmt":"2025-08-04T06:59:06","slug":"zgarda-piele-extratare-cu-capse-bombat-4x70-cm","status":"publish","type":"product","link":"https:\/\/faberpet.ro\/stage\/produs\/zgarda-piele-extratare-cu-capse-bombat-4x70-cm\/","title":{"rendered":"Zgarda piele extratare cu capse bombate 4&#215;70 cm"},"content":{"rendered":"<p>Zgard\u0103 confec\u021bionat\u0103 din piele natural\u0103 de calitate. Are l\u0103\u021bimea de 4 cm \u0219i lungimea maxim\u0103 desf\u0103\u0219urat\u0103 de 70 cm. Reglare simpl\u0103 \u0219i rapid\u0103, beneficiind de un sistem de \u00eenchidere eficient ce include o cataram\u0103 dubl\u0103 din metal cromat. este prev\u0103zut\u0103 cu un inel de prindere din inox.<\/p>\n<p>Comfortabil\u0103, elegant\u0103.<\/p>\n<p>Rezistent\u0103, puternic\u0103.<\/p>\n<p>Extratare.<\/p>\n<p>Un accesoriu util \u0219i atr\u0103g\u0103tor pentru animalu\u021bul Dvs.<\/p>\n","protected":false},"excerpt":{"rendered":"<p>Zgard\u0103 confec\u021bionat\u0103 din piele natural\u0103 de calitate. Are l\u0103\u021bimea de 4 cm \u0219i lungimea maxim\u0103 desf\u0103\u0219urat\u0103 de 70 cm. Reglare simpl\u0103 \u0219i rapid\u0103, beneficiind de un sistem de \u00eenchidere eficient ce include o cataram\u0103 dubl\u0103 din metal cromat. este prev\u0103zut\u0103 cu un inel de prindere din inox. Comfortabil\u0103, elegant\u0103. Rezistent\u0103, puternic\u0103. Extratare. Un accesoriu util [&hellip;]<\/p>\n","protected":false},"featured_media":13104,"template":"","meta":[],"product_brand":[],"product_cat":[168,1929,1854],"product_tag":[614,1989,1966],"class_list":{"0":"post-13103","1":"product","2":"type-product","3":"status-publish","4":"has-post-thumbnail","6":"product_cat-caini","7":"product_cat-zgarzi-piele","8":"product_cat-zgarzi-si-curele","9":"product_tag-zgarda-antiparazitara","10":"product_tag-zgarda-negru","11":"product_tag-zgarda-silon","13":"first","14":"instock","15":"shipping-taxable","16":"purchasable","17":"product-type-simple"},"_links":{"self":[{"href":"https:\/\/faberpet.ro\/stage\/wp-json\/wp\/v2\/product\/13103","targetHints":{"allow":["GET"]}}],"collection":[{"href":"https:\/\/faberpet.ro\/stage\/wp-json\/wp\/v2\/product"}],"about":[{"href":"https:\/\/faberpet.ro\/stage\/wp-json\/wp\/v2\/types\/product"}],"wp:featuredmedia":[{"embeddable":true,"href":"https:\/\/faberpet.ro\/stage\/wp-json\/wp\/v2\/media\/13104"}],"wp:attachment":[{"href":"https:\/\/faberpet.ro\/stage\/wp-json\/wp\/v2\/media?parent=13103"}],"wp:term":[{"taxonomy":"product_brand","embeddable":true,"href":"https:\/\/faberpet.ro\/stage\/wp-json\/wp\/v2\/product_brand?post=13103"},{"taxonomy":"product_cat","embeddable":true,"href":"https:\/\/faberpet.ro\/stage\/wp-json\/wp\/v2\/product_cat?post=13103"},{"taxonomy":"product_tag","embeddable":true,"href":"https:\/\/faberpet.ro\/stage\/wp-json\/wp\/v2\/product_tag?post=13103"}],"curies":[{"name":"wp","href":"https:\/\/api.w.org\/{rel}","templated":true}]}}