{"id":13125,"date":"2025-04-28T11:04:54","date_gmt":"2025-04-28T09:04:54","guid":{"rendered":"https:\/\/faberpet.ro\/stage\/?post_type=product&#038;p=13125"},"modified":"2025-08-04T09:26:52","modified_gmt":"2025-08-04T07:26:52","slug":"lesa-de-plimbare-pentru-cai-25mm-8-m","status":"publish","type":"product","link":"https:\/\/faberpet.ro\/stage\/produs\/lesa-de-plimbare-pentru-cai-25mm-8-m\/","title":{"rendered":"Lesa de plimbare pentru cai 25mm\/8 m"},"content":{"rendered":"<p>Les\u0103 de \u00eenalt\u0103 calitate, confec\u021bionat\u0103 din material sintetic.<\/p>\n<p>Ideal\u0103 pentru exerci\u021biile de supunere, de urm\u0103rie \u0219i pentru plimb\u0103ri.<\/p>\n<p>Carabiniera este metalic\u0103, se poate ata\u0219a \u0219i deta\u0219a u\u0219or. Are un sistem, care \u00eempiedic\u0103 deschiderea accidental\u0103 a acestuia.<\/p>\n<p>U\u0219or de \u00eentre\u021binut prin sp\u0103lare manual\u0103 cu ap\u0103 cald\u0103 \u0219i detergent.<\/p>\n<p>Dimensiuni les\u0103: l\u0103\u021bime 2,5 cm \u0219i lungime 8 m.<\/p>\n","protected":false},"excerpt":{"rendered":"<p>Les\u0103 de \u00eenalt\u0103 calitate, confec\u021bionat\u0103 din material sintetic. Ideal\u0103 pentru exerci\u021biile de supunere, de urm\u0103rie \u0219i pentru plimb\u0103ri. Carabiniera este metalic\u0103, se poate ata\u0219a \u0219i deta\u0219a u\u0219or. Are un sistem, care \u00eempiedic\u0103 deschiderea accidental\u0103 a acestuia. U\u0219or de \u00eentre\u021binut prin sp\u0103lare manual\u0103 cu ap\u0103 cald\u0103 \u0219i detergent. Dimensiuni les\u0103: l\u0103\u021bime 2,5 cm \u0219i lungime 8 [&hellip;]<\/p>\n","protected":false},"featured_media":13128,"template":"","meta":[],"product_brand":[],"product_cat":[166,167,935,1395],"product_tag":[1486,1487,1473],"class_list":{"0":"post-13125","1":"product","2":"type-product","3":"status-publish","4":"has-post-thumbnail","6":"product_cat-animale-ferma","7":"product_cat-cai-si-vaci","8":"product_cat-lese","9":"product_cat-lese-piele","10":"product_tag-lesa-pentru-cai","11":"product_tag-lese-cai","12":"product_tag-piele-impletita","14":"first","15":"instock","16":"shipping-taxable","17":"purchasable","18":"product-type-simple"},"_links":{"self":[{"href":"https:\/\/faberpet.ro\/stage\/wp-json\/wp\/v2\/product\/13125","targetHints":{"allow":["GET"]}}],"collection":[{"href":"https:\/\/faberpet.ro\/stage\/wp-json\/wp\/v2\/product"}],"about":[{"href":"https:\/\/faberpet.ro\/stage\/wp-json\/wp\/v2\/types\/product"}],"wp:featuredmedia":[{"embeddable":true,"href":"https:\/\/faberpet.ro\/stage\/wp-json\/wp\/v2\/media\/13128"}],"wp:attachment":[{"href":"https:\/\/faberpet.ro\/stage\/wp-json\/wp\/v2\/media?parent=13125"}],"wp:term":[{"taxonomy":"product_brand","embeddable":true,"href":"https:\/\/faberpet.ro\/stage\/wp-json\/wp\/v2\/product_brand?post=13125"},{"taxonomy":"product_cat","embeddable":true,"href":"https:\/\/faberpet.ro\/stage\/wp-json\/wp\/v2\/product_cat?post=13125"},{"taxonomy":"product_tag","embeddable":true,"href":"https:\/\/faberpet.ro\/stage\/wp-json\/wp\/v2\/product_tag?post=13125"}],"curies":[{"name":"wp","href":"https:\/\/api.w.org\/{rel}","templated":true}]}}