{"id":13144,"date":"2025-04-29T10:44:08","date_gmt":"2025-04-29T08:44:08","guid":{"rendered":"https:\/\/faberpet.ro\/stage\/?post_type=product&#038;p=13144"},"modified":"2025-08-04T08:09:08","modified_gmt":"2025-08-04T06:09:08","slug":"tesala-cu-dinti-densi-si-maner-cauciuc-pieptan-12-cm","status":"publish","type":"product","link":"https:\/\/faberpet.ro\/stage\/produs\/tesala-cu-dinti-densi-si-maner-cauciuc-pieptan-12-cm\/","title":{"rendered":"Tesala cu dinti densi si maner cauciuc + pieptan 12 cm"},"content":{"rendered":"<p>Aceast\u0103 perie a fost conceput\u0103 pentru a v\u0103 ajuta, pentru o \u00eengrijire simpl\u0103 \u0219i u\u0219oar\u0103 a animalu\u021belor dvs. Desc\u00e2lcire profund\u0103 \u0219i eficient\u0103 datorit\u0103 r\u00e2ndurile de din\u021bi. Are din\u021bi metalici fixa\u021bi \u00een pat metal. Ideal\u0103 pentru c\u00e2ini \u0219i pisici cu p\u0103rul mediu sau lung. este prev\u0103zut\u0103 cu un m\u00e2ner ergonomic din lemn, comfortabil pentru aderen\u021b\u0103 maxim\u0103.<\/p>\n<p>Ghid de utilizare perie: Asigura\u021bi- v\u0103 c\u0103 blana c\u00e2inelui dvs. este complet uscat\u0103. Peria\u021bi \u00eencet animalul dvs. \u00een sensul cre\u0219terii p\u0103rului. Face\u021bi mi\u0219c\u0103ri lungi \u0219i suple \u0219i evita\u021bi s\u0103 trece\u021bi de mai multe ori \u00een acela\u0219i loc. La periere acorda\u021bi o deosebit\u0103 aten\u021bie zonelor mai sensibile ale animalului Dvs. (burta, labe, p\u0103r\u021bi genitale, anus). O periere prea ap\u0103sat\u0103 sau repetat\u0103 poate irita pielea. Dac\u0103 remarca\u021bi o iritare sau \u00eenro\u0219ire a pielii \u00eenceta\u021bi imediat s\u0103 folosi\u021bi peria. Evita\u021bi s\u0103 v\u0103 sprijini\u021bi pe animal atunci c\u00e2nd \u00eel piept\u0103na\u021bi.<\/p>\n<p>L\u0103\u021bimea \u021besalei &#8211; 12 cm. Lungimea \u021besalei &#8211; 16 cm.<\/p>\n<p>&nbsp;<\/p>\n","protected":false},"excerpt":{"rendered":"<p>Aceast\u0103 perie a fost conceput\u0103 pentru a v\u0103 ajuta, pentru o \u00eengrijire simpl\u0103 \u0219i u\u0219oar\u0103 a animalu\u021belor dvs. Desc\u00e2lcire profund\u0103 \u0219i eficient\u0103 datorit\u0103 r\u00e2ndurile de din\u021bi. Are din\u021bi metalici fixa\u021bi \u00een pat metal. Ideal\u0103 pentru c\u00e2ini \u0219i pisici cu p\u0103rul mediu sau lung. este prev\u0103zut\u0103 cu un m\u00e2ner ergonomic din lemn, comfortabil pentru aderen\u021b\u0103 maxim\u0103. [&hellip;]<\/p>\n","protected":false},"featured_media":13145,"template":"","meta":[],"product_brand":[],"product_cat":[168,1672,1792],"product_tag":[1716,1696,1706],"class_list":{"0":"post-13144","1":"product","2":"type-product","3":"status-publish","4":"has-post-thumbnail","6":"product_cat-caini","7":"product_cat-perii-si-piepteni","8":"product_cat-tesale","9":"product_tag-perii-caini","10":"product_tag-tesala-caini","11":"product_tag-tesala-pisici","13":"first","14":"instock","15":"shipping-taxable","16":"purchasable","17":"product-type-simple"},"_links":{"self":[{"href":"https:\/\/faberpet.ro\/stage\/wp-json\/wp\/v2\/product\/13144","targetHints":{"allow":["GET"]}}],"collection":[{"href":"https:\/\/faberpet.ro\/stage\/wp-json\/wp\/v2\/product"}],"about":[{"href":"https:\/\/faberpet.ro\/stage\/wp-json\/wp\/v2\/types\/product"}],"wp:featuredmedia":[{"embeddable":true,"href":"https:\/\/faberpet.ro\/stage\/wp-json\/wp\/v2\/media\/13145"}],"wp:attachment":[{"href":"https:\/\/faberpet.ro\/stage\/wp-json\/wp\/v2\/media?parent=13144"}],"wp:term":[{"taxonomy":"product_brand","embeddable":true,"href":"https:\/\/faberpet.ro\/stage\/wp-json\/wp\/v2\/product_brand?post=13144"},{"taxonomy":"product_cat","embeddable":true,"href":"https:\/\/faberpet.ro\/stage\/wp-json\/wp\/v2\/product_cat?post=13144"},{"taxonomy":"product_tag","embeddable":true,"href":"https:\/\/faberpet.ro\/stage\/wp-json\/wp\/v2\/product_tag?post=13144"}],"curies":[{"name":"wp","href":"https:\/\/api.w.org\/{rel}","templated":true}]}}