{"id":13172,"date":"2025-04-30T07:26:21","date_gmt":"2025-04-30T05:26:21","guid":{"rendered":"https:\/\/faberpet.ro\/stage\/?post_type=product&#038;p=13172"},"modified":"2025-08-01T10:29:51","modified_gmt":"2025-08-01T08:29:51","slug":"geanta-de-transport-cu-burete","status":"publish","type":"product","link":"https:\/\/faberpet.ro\/stage\/produs\/geanta-de-transport-cu-burete\/","title":{"rendered":"Geanta de transport captusit cu burete 2\/set"},"content":{"rendered":"<p>Forma ergonomic\u0103, confortabil\u0103 at\u00e2t pentru animal c\u00e2t \u0219i pentru dumneavoastr\u0103;<\/p>\n<p>Prev\u0103zut\u0103 cu fermoar \u0219i clam\u0103 pentru prinderea zg\u0103rzii;<\/p>\n<p>Are o pern\u0103 moale deta\u0219abil\u0103 \u0219i fund impermeabil. Poate fi folosit\u0103 at\u00e2t ca geant\u0103 de m\u00e2n\u0103 c\u00e2t \u0219i ca geant\u0103 de um\u0103r.<\/p>\n<p>Realizat\u0103 din material poliester, umplut\u0103 cu blana moale, pentru un plus confort.<\/p>\n<p>Are 2 aerisiri, \u00een dreptul capului \u0219i \u00een dreptul cozii;<\/p>\n<p>Gentu\u021ba poate fi sp\u0103lat\u0103 la ma\u0219ina automat\u0103;<\/p>\n<p>IMPORTANT: Acest produs este disponibil \u00een diverse culori, a\u0219adar nu putem garanta livrarea unei anumite culori.<\/p>\n<p>Dimensiuni: &#8211; mare &#8211; 44*36*38 cm &#8211; mic &#8211; 31*24*23 cm<\/p>\n<p>Se vinde ambalat c\u00e2te 2 buc\/set! Pre\u021bul afi\u0219at este per set!<\/p>\n","protected":false},"excerpt":{"rendered":"<p>Forma ergonomic\u0103, confortabil\u0103 at\u00e2t pentru animal c\u00e2t \u0219i pentru dumneavoastr\u0103; Prev\u0103zut\u0103 cu fermoar \u0219i clam\u0103 pentru prinderea zg\u0103rzii; Are o pern\u0103 moale deta\u0219abil\u0103 \u0219i fund impermeabil. Poate fi folosit\u0103 at\u00e2t ca geant\u0103 de m\u00e2n\u0103 c\u00e2t \u0219i ca geant\u0103 de um\u0103r. Realizat\u0103 din material poliester, umplut\u0103 cu blana moale, pentru un plus confort. Are 2 aerisiri, [&hellip;]<\/p>\n","protected":false},"featured_media":13174,"template":"","meta":[],"product_brand":[],"product_cat":[168,704,706,718,171],"product_tag":[721,723,722],"class_list":{"0":"post-13172","1":"product","2":"type-product","3":"status-publish","4":"has-post-thumbnail","6":"product_cat-caini","7":"product_cat-custi-si-genti-de-transport","8":"product_cat-custi-si-genti-de-transport-pisici","9":"product_cat-genti-de-transport","10":"product_cat-pisici","11":"product_tag-geanta-imblanit-caini","12":"product_tag-geanta-pentru-caine","13":"product_tag-genti-transport","15":"first","16":"instock","17":"shipping-taxable","18":"purchasable","19":"product-type-simple"},"_links":{"self":[{"href":"https:\/\/faberpet.ro\/stage\/wp-json\/wp\/v2\/product\/13172","targetHints":{"allow":["GET"]}}],"collection":[{"href":"https:\/\/faberpet.ro\/stage\/wp-json\/wp\/v2\/product"}],"about":[{"href":"https:\/\/faberpet.ro\/stage\/wp-json\/wp\/v2\/types\/product"}],"wp:featuredmedia":[{"embeddable":true,"href":"https:\/\/faberpet.ro\/stage\/wp-json\/wp\/v2\/media\/13174"}],"wp:attachment":[{"href":"https:\/\/faberpet.ro\/stage\/wp-json\/wp\/v2\/media?parent=13172"}],"wp:term":[{"taxonomy":"product_brand","embeddable":true,"href":"https:\/\/faberpet.ro\/stage\/wp-json\/wp\/v2\/product_brand?post=13172"},{"taxonomy":"product_cat","embeddable":true,"href":"https:\/\/faberpet.ro\/stage\/wp-json\/wp\/v2\/product_cat?post=13172"},{"taxonomy":"product_tag","embeddable":true,"href":"https:\/\/faberpet.ro\/stage\/wp-json\/wp\/v2\/product_tag?post=13172"}],"curies":[{"name":"wp","href":"https:\/\/api.w.org\/{rel}","templated":true}]}}