{"id":13182,"date":"2025-04-30T12:07:36","date_gmt":"2025-04-30T10:07:36","guid":{"rendered":"https:\/\/faberpet.ro\/stage\/?post_type=product&#038;p=13182"},"modified":"2025-08-01T11:18:57","modified_gmt":"2025-08-01T09:18:57","slug":"culcus-casuta-rabatabila-3-set","status":"publish","type":"product","link":"https:\/\/faberpet.ro\/stage\/produs\/culcus-casuta-rabatabila-3-set\/","title":{"rendered":"Set 3 culcus &#8211; casuta rabatabila S, M, L"},"content":{"rendered":"<p>Pisicile \u0219i unii c\u00e2ini medie au \u00een mod natural o fascina\u021bie pentru astfel de culcu\u0219 \u0219i tot felul de locuri unde se pot ascunde. C\u0103su\u021ba este confec\u021bionat din textil, foarte confortabil\u0103 pentru animalul dvs. de companie. Are o pern\u0103 moale deta\u0219abil\u0103 \u0219i fund impermeabil. Ofer\u0103 o suprafa\u021b\u0103 de \u0219edere generoas\u0103.<\/p>\n<p>Produsul este recomandat pentru c\u00e2ini \u0219i pisici. U\u0219or de \u00eentre\u021binut, este lavabil la o temperatur\u0103 de max. 30\u00b0 C. Se recomand\u0103 doar sp\u0103larea manual\u0103! Compozi\u021bie: Exterior, interior \u0219i pernu\u021be: 100% poliester.<\/p>\n<p>IMPORTANT: Acest produs este disponibil \u00een diverse culori, a\u0219adar nu putem garanta livrarea unei anumite culori.<\/p>\n<p>Dimensiuni:<\/p>\n<p>S: Lungime 31 cm, L\u0103\u021bime 30 cm, \u00cen\u0103l\u021bime 33 cm<\/p>\n<p>M: Lungime 35 cm, L\u0103\u021bime 32 cm, \u00cen\u0103l\u021bime 37 cm<\/p>\n<p>L: Lungime: 40 cm, L\u0103\u021bime 36 cm, \u00cen\u0103l\u021bime 43 cm<\/p>\n<p>&nbsp;<\/p>\n","protected":false},"excerpt":{"rendered":"<p>Pisicile \u0219i unii c\u00e2ini medie au \u00een mod natural o fascina\u021bie pentru astfel de culcu\u0219 \u0219i tot felul de locuri unde se pot ascunde. C\u0103su\u021ba este confec\u021bionat din textil, foarte confortabil\u0103 pentru animalul dvs. de companie. Are o pern\u0103 moale deta\u0219abil\u0103 \u0219i fund impermeabil. Ofer\u0103 o suprafa\u021b\u0103 de \u0219edere generoas\u0103. Produsul este recomandat pentru c\u00e2ini [&hellip;]<\/p>\n","protected":false},"featured_media":13184,"template":"","meta":[],"product_brand":[],"product_cat":[168,783],"product_tag":[781,798,787],"class_list":{"0":"post-13182","1":"product","2":"type-product","3":"status-publish","4":"has-post-thumbnail","6":"product_cat-caini","7":"product_cat-paturi-si-culcusuri","8":"product_tag-culcus-caini","9":"product_tag-culcus-pentru-caini","10":"product_tag-culcus-pisici","12":"first","13":"instock","14":"shipping-taxable","15":"purchasable","16":"product-type-simple"},"_links":{"self":[{"href":"https:\/\/faberpet.ro\/stage\/wp-json\/wp\/v2\/product\/13182","targetHints":{"allow":["GET"]}}],"collection":[{"href":"https:\/\/faberpet.ro\/stage\/wp-json\/wp\/v2\/product"}],"about":[{"href":"https:\/\/faberpet.ro\/stage\/wp-json\/wp\/v2\/types\/product"}],"wp:featuredmedia":[{"embeddable":true,"href":"https:\/\/faberpet.ro\/stage\/wp-json\/wp\/v2\/media\/13184"}],"wp:attachment":[{"href":"https:\/\/faberpet.ro\/stage\/wp-json\/wp\/v2\/media?parent=13182"}],"wp:term":[{"taxonomy":"product_brand","embeddable":true,"href":"https:\/\/faberpet.ro\/stage\/wp-json\/wp\/v2\/product_brand?post=13182"},{"taxonomy":"product_cat","embeddable":true,"href":"https:\/\/faberpet.ro\/stage\/wp-json\/wp\/v2\/product_cat?post=13182"},{"taxonomy":"product_tag","embeddable":true,"href":"https:\/\/faberpet.ro\/stage\/wp-json\/wp\/v2\/product_tag?post=13182"}],"curies":[{"name":"wp","href":"https:\/\/api.w.org\/{rel}","templated":true}]}}