{"id":13271,"date":"2025-05-12T11:45:41","date_gmt":"2025-05-12T09:45:41","guid":{"rendered":"https:\/\/faberpet.ro\/stage\/?post_type=product&#038;p=13271"},"modified":"2025-08-01T08:42:29","modified_gmt":"2025-08-01T06:42:29","slug":"filtru-burete-cu-teava-o6-cm-xy-2820","status":"publish","type":"product","link":"https:\/\/faberpet.ro\/stage\/produs\/filtru-burete-cu-teava-o6-cm-xy-2820\/","title":{"rendered":"Filtru burete cu teava \u00d85 cm XY-2820"},"content":{"rendered":"<p>Filtru intern de burete pentru acvariile de ap\u0103 dulce de maximum 20- 30 litri.<\/p>\n<p>Asigur\u0103 o filtrare mecanic\u0103 \u0219i biologic\u0103 de calitate prin suprafa\u021ba mare de filtrare.<\/p>\n<p>Materialul filtrant este construit dintr- un burete special ce nu con\u021bine fenoli.<\/p>\n<p>Posibilitatea de a regla \u00een\u0103l\u021bimea bulelor \u00een func\u021bie de necesit\u0103\u021bi.<\/p>\n<p>\u00cen plus fa\u021b\u0103 de func\u021bia de filtrare, adaug\u0103 \u0219i oxigen \u00een ap\u0103, ceea ce este important pentru via\u021ba pe\u0219tilor \u0219i a altor organisme vii din acvariu.<\/p>\n<p>Func\u021bioneaz\u0103 cu furtun la o pomp\u0103 de aer. Prinderea pe acvariu se realizeaz\u0103 cu ajutorul ventuzei.<\/p>\n<ul>\n<li><strong>\u00cen\u0103l\u021bime<\/strong>: 11 &#8211; 14,3 cm<\/li>\n<li><strong>Diametru burete<\/strong>: 5 cm<\/li>\n<\/ul>\n<p>\u00cenainte de a- l pune \u00een func\u021biune l\u0103sa\u021bi- l \u00een apa acvariului timp de 5 minute f\u0103r\u0103 a pune \u00een func\u021biune. Pe toat\u0103 durata folosirii a filtrului, este obligatoriu de a sp\u0103la buretele filtrului \u00een urma schimbului par\u021bial sau total de ap\u0103.<\/p>\n","protected":false},"excerpt":{"rendered":"<p>Filtru intern de burete pentru acvariile de ap\u0103 dulce de maximum 20- 30 litri. Asigur\u0103 o filtrare mecanic\u0103 \u0219i biologic\u0103 de calitate prin suprafa\u021ba mare de filtrare. Materialul filtrant este construit dintr- un burete special ce nu con\u021bine fenoli. Posibilitatea de a regla \u00een\u0103l\u021bimea bulelor \u00een func\u021bie de necesit\u0103\u021bi. \u00cen plus fa\u021b\u0103 de func\u021bia de [&hellip;]<\/p>\n","protected":false},"featured_media":13273,"template":"","meta":[],"product_brand":[],"product_cat":[61,488,387],"product_tag":[515,514,513],"class_list":{"0":"post-13271","1":"product","2":"type-product","3":"status-publish","4":"has-post-thumbnail","6":"product_cat-acvaristica","7":"product_cat-bureti-si-filtre-cu-burete","8":"product_cat-echipamente-de-intretinere","9":"product_tag-bureti-pentru-acvarii","10":"product_tag-filtre-de-rezerva-acvariu","11":"product_tag-filtru-burete-simplu","13":"first","14":"instock","15":"shipping-taxable","16":"purchasable","17":"product-type-simple"},"_links":{"self":[{"href":"https:\/\/faberpet.ro\/stage\/wp-json\/wp\/v2\/product\/13271","targetHints":{"allow":["GET"]}}],"collection":[{"href":"https:\/\/faberpet.ro\/stage\/wp-json\/wp\/v2\/product"}],"about":[{"href":"https:\/\/faberpet.ro\/stage\/wp-json\/wp\/v2\/types\/product"}],"wp:featuredmedia":[{"embeddable":true,"href":"https:\/\/faberpet.ro\/stage\/wp-json\/wp\/v2\/media\/13273"}],"wp:attachment":[{"href":"https:\/\/faberpet.ro\/stage\/wp-json\/wp\/v2\/media?parent=13271"}],"wp:term":[{"taxonomy":"product_brand","embeddable":true,"href":"https:\/\/faberpet.ro\/stage\/wp-json\/wp\/v2\/product_brand?post=13271"},{"taxonomy":"product_cat","embeddable":true,"href":"https:\/\/faberpet.ro\/stage\/wp-json\/wp\/v2\/product_cat?post=13271"},{"taxonomy":"product_tag","embeddable":true,"href":"https:\/\/faberpet.ro\/stage\/wp-json\/wp\/v2\/product_tag?post=13271"}],"curies":[{"name":"wp","href":"https:\/\/api.w.org\/{rel}","templated":true}]}}