{"id":13291,"date":"2025-05-14T12:42:53","date_gmt":"2025-05-14T10:42:53","guid":{"rendered":"https:\/\/faberpet.ro\/stage\/?post_type=product&#038;p=13291"},"modified":"2025-08-04T12:01:32","modified_gmt":"2025-08-04T10:01:32","slug":"hrana-pentru-canari-cu-vitamine-1000-gr-premium","status":"publish","type":"product","link":"https:\/\/faberpet.ro\/stage\/produs\/hrana-pentru-canari-cu-vitamine-1000-gr-premium\/","title":{"rendered":"Hrana pentru Canari cu vitamine 1000 gr &#8211; PREMIUM"},"content":{"rendered":"<p>P\u0103s\u0103rile pot fi o companie excelent\u0103 pentru familia noastr\u0103, ciripesc, se joac\u0103 \u00eentre ele \u0219i se dr\u0103gu\u021besc. \u00ce\u0219i comunic\u0103 sentimentele printr-o varietate de tonuri \u0219i limbaj corporal. Totu\u0219i, nu ar trebui s\u0103 uit\u0103m niciodat\u0103 c\u0103, indiferent c\u00e2t de distractive \u0219i dr\u0103gu\u021be ar fi animalele mici, ele necesit\u0103 o aten\u021bie serioas\u0103. Sunt creaturi sociale \u0219i se simt cel mai confortabil \u00een perechi sau chiar \u00een grupuri. Au o nevoie mare de mi\u0219care, a\u0219a c\u0103, dac\u0103 putem, \u00eei l\u0103s\u0103m s\u0103 zboare \u00een afara cu\u0219tii. Acest lucru construie\u0219te, de asemenea, suficient\u0103 \u00eencredere \u00eentre pas\u0103re \u0219i om.<br \/>\nCa hran\u0103 principal\u0103, le oferim amestecul nostru alimentar, care con\u021bine nutrien\u021bii de care au nevoie \u00een propor\u021bia potrivit\u0103. \u00cen caz de necesitate oferi\u021bi ap\u0103 proasp\u0103t\u0103. A se p\u0103stra la loc uscat \u0219i r\u0103coros.<\/p>\n<p>Cantitatea net\u0103: 1000 gr.<\/p>\n<p>Compozi\u021bia amestecului nostru: mei galben, rapi\u021b\u0103, mei deschis, mei ro\u0219u, semin\u021be de in, orez, ov\u0103z decorticat, mei negru, semin\u021be de c\u00e2nep\u0103.<\/p>\n<p>Vitamina A Vitamina C Vitamina D3 Etc. . . .<\/p>\n","protected":false},"excerpt":{"rendered":"<p>P\u0103s\u0103rile pot fi o companie excelent\u0103 pentru familia noastr\u0103, ciripesc, se joac\u0103 \u00eentre ele \u0219i se dr\u0103gu\u021besc. \u00ce\u0219i comunic\u0103 sentimentele printr-o varietate de tonuri \u0219i limbaj corporal. Totu\u0219i, nu ar trebui s\u0103 uit\u0103m niciodat\u0103 c\u0103, indiferent c\u00e2t de distractive \u0219i dr\u0103gu\u021be ar fi animalele mici, ele necesit\u0103 o aten\u021bie serioas\u0103. Sunt creaturi sociale \u0219i se [&hellip;]<\/p>\n","protected":false},"featured_media":13294,"template":"","meta":[],"product_brand":[],"product_cat":[2425,174],"product_tag":[2462,2463,2458],"class_list":{"0":"post-13291","1":"product","2":"type-product","3":"status-publish","4":"has-post-thumbnail","6":"product_cat-hrana-pasari","7":"product_cat-pasari","8":"product_tag-hrana-cu-vitamine","9":"product_tag-mancare-pasari-exotice","10":"product_tag-perusi","12":"first","13":"instock","14":"shipping-taxable","15":"purchasable","16":"product-type-simple"},"_links":{"self":[{"href":"https:\/\/faberpet.ro\/stage\/wp-json\/wp\/v2\/product\/13291","targetHints":{"allow":["GET"]}}],"collection":[{"href":"https:\/\/faberpet.ro\/stage\/wp-json\/wp\/v2\/product"}],"about":[{"href":"https:\/\/faberpet.ro\/stage\/wp-json\/wp\/v2\/types\/product"}],"wp:featuredmedia":[{"embeddable":true,"href":"https:\/\/faberpet.ro\/stage\/wp-json\/wp\/v2\/media\/13294"}],"wp:attachment":[{"href":"https:\/\/faberpet.ro\/stage\/wp-json\/wp\/v2\/media?parent=13291"}],"wp:term":[{"taxonomy":"product_brand","embeddable":true,"href":"https:\/\/faberpet.ro\/stage\/wp-json\/wp\/v2\/product_brand?post=13291"},{"taxonomy":"product_cat","embeddable":true,"href":"https:\/\/faberpet.ro\/stage\/wp-json\/wp\/v2\/product_cat?post=13291"},{"taxonomy":"product_tag","embeddable":true,"href":"https:\/\/faberpet.ro\/stage\/wp-json\/wp\/v2\/product_tag?post=13291"}],"curies":[{"name":"wp","href":"https:\/\/api.w.org\/{rel}","templated":true}]}}