{"id":13295,"date":"2025-05-14T13:21:13","date_gmt":"2025-05-14T11:21:13","guid":{"rendered":"https:\/\/faberpet.ro\/stage\/?post_type=product&#038;p=13295"},"modified":"2025-08-04T12:02:51","modified_gmt":"2025-08-04T10:02:51","slug":"hrana-pentru-cinteza-cu-vitamine-1000-gr-premium","status":"publish","type":"product","link":"https:\/\/faberpet.ro\/stage\/produs\/hrana-pentru-cinteza-cu-vitamine-1000-gr-premium\/","title":{"rendered":"Hrana pentru Cinteza cu vitamine 1000 gr &#8211; PREMIUM"},"content":{"rendered":"<p>Cintezele sunt p\u0103s\u0103ri de cas\u0103 populare, iar cre\u0219terea cintezelor zebr\u0103 este cea mai cunoscut\u0103 dintre ele \u00een \u021bara noastr\u0103. Sunt p\u0103s\u0103ri amabile, vesele, cu mi\u0219c\u0103ri vioaie \u0219i se simt cel mai bine \u00een companie. Este important s\u0103 alege\u021bi cu\u0219ca de dimensiunea potrivit\u0103 pentru ei, deoarece le place s\u0103 zboare \u0219i s\u0103 foloseasc\u0103 \u00eentregul spa\u021biu al casei lor. Sunt p\u0103s\u0103ri nepreten\u021bioase \u00een ceea ce prive\u0219te hr\u0103nirea, nu sunt deosebit de preten\u021bioase, a\u0219a c\u0103 recomand\u0103m hrana noastr\u0103 ca hran\u0103 de baz\u0103 pentru ele. Le putem suplimenta hrana cu diverse legume \u0219i alimente moi. Gustarea lor preferat\u0103 este meiul Vogel mei ciorchin\u0103, pe care \u00eel pot ag\u0103\u021ba \u00een cu\u0219c\u0103 \u0219i \u00eel pot ron\u021b\u0103i dup\u0103 bunul plac. Le place s\u0103 fac\u0103 baie de mai multe ori pe zi, a\u0219a c\u0103 asigur\u0103-te c\u0103 au ocazia s\u0103 fac\u0103 acest lucru.<\/p>\n<p>\u00cen caz de necesitate oferi\u021bi ap\u0103 proasp\u0103t\u0103. A se p\u0103stra la loc uscat \u0219i r\u0103coros.<\/p>\n<p>Cantitatea net\u0103: 1000 gr.<\/p>\n<p>Se compune dintr-un amestec de semin\u021be u\u0219oare, mu\u0219chi, mei galben, mei ro\u0219u, semin\u021be de in, semin\u021be negre \u0219i biscui\u021bi pentru p\u0103s\u0103ri, \u00een propor\u021bii adecvate.<\/p>\n<p>Vitamina A Vitamina C Vitamina D3 Etc. . . .<\/p>\n","protected":false},"excerpt":{"rendered":"<p>Cintezele sunt p\u0103s\u0103ri de cas\u0103 populare, iar cre\u0219terea cintezelor zebr\u0103 este cea mai cunoscut\u0103 dintre ele \u00een \u021bara noastr\u0103. Sunt p\u0103s\u0103ri amabile, vesele, cu mi\u0219c\u0103ri vioaie \u0219i se simt cel mai bine \u00een companie. Este important s\u0103 alege\u021bi cu\u0219ca de dimensiunea potrivit\u0103 pentru ei, deoarece le place s\u0103 zboare \u0219i s\u0103 foloseasc\u0103 \u00eentregul spa\u021biu al [&hellip;]<\/p>\n","protected":false},"featured_media":13296,"template":"","meta":[],"product_brand":[],"product_cat":[2425,174],"product_tag":[2462,2463,2458],"class_list":{"0":"post-13295","1":"product","2":"type-product","3":"status-publish","4":"has-post-thumbnail","6":"product_cat-hrana-pasari","7":"product_cat-pasari","8":"product_tag-hrana-cu-vitamine","9":"product_tag-mancare-pasari-exotice","10":"product_tag-perusi","12":"first","13":"instock","14":"shipping-taxable","15":"purchasable","16":"product-type-simple"},"_links":{"self":[{"href":"https:\/\/faberpet.ro\/stage\/wp-json\/wp\/v2\/product\/13295","targetHints":{"allow":["GET"]}}],"collection":[{"href":"https:\/\/faberpet.ro\/stage\/wp-json\/wp\/v2\/product"}],"about":[{"href":"https:\/\/faberpet.ro\/stage\/wp-json\/wp\/v2\/types\/product"}],"wp:featuredmedia":[{"embeddable":true,"href":"https:\/\/faberpet.ro\/stage\/wp-json\/wp\/v2\/media\/13296"}],"wp:attachment":[{"href":"https:\/\/faberpet.ro\/stage\/wp-json\/wp\/v2\/media?parent=13295"}],"wp:term":[{"taxonomy":"product_brand","embeddable":true,"href":"https:\/\/faberpet.ro\/stage\/wp-json\/wp\/v2\/product_brand?post=13295"},{"taxonomy":"product_cat","embeddable":true,"href":"https:\/\/faberpet.ro\/stage\/wp-json\/wp\/v2\/product_cat?post=13295"},{"taxonomy":"product_tag","embeddable":true,"href":"https:\/\/faberpet.ro\/stage\/wp-json\/wp\/v2\/product_tag?post=13295"}],"curies":[{"name":"wp","href":"https:\/\/api.w.org\/{rel}","templated":true}]}}