{"id":13309,"date":"2025-05-15T08:40:56","date_gmt":"2025-05-15T06:40:56","guid":{"rendered":"https:\/\/faberpet.ro\/stage\/?post_type=product&#038;p=13309"},"modified":"2025-08-04T11:37:40","modified_gmt":"2025-08-04T09:37:40","slug":"hranitor-plastic-interior-130-ml","status":"publish","type":"product","link":"https:\/\/faberpet.ro\/stage\/produs\/hranitor-plastic-interior-130-ml\/","title":{"rendered":"Hranitor plastic interior 130 ml"},"content":{"rendered":"<p>Hr\u0103nitor din plastic pentru animale de colivie. Fixare cu u\u0219urin\u021b\u0103 de gratiile coliviei cu ajutorul ag\u0103\u021b\u0103torilor metalice. U\u0219or de cur\u0103\u021bat. Acest bol este potrivit pentru ap\u0103 sau hran\u0103.<\/p>\n<p>Capacitate: 130 ml.<\/p>\n<p>\u00cen\u0103l\u021bime: 7,5 cm.<\/p>\n<p>Diverse culori. Selectarea culorilor nu este posibil\u0103. Depinde de disponibilitatea stocului.<\/p>\n","protected":false},"excerpt":{"rendered":"<p>Hr\u0103nitor din plastic pentru animale de colivie. Fixare cu u\u0219urin\u021b\u0103 de gratiile coliviei cu ajutorul ag\u0103\u021b\u0103torilor metalice. U\u0219or de cur\u0103\u021bat. Acest bol este potrivit pentru ap\u0103 sau hran\u0103. Capacitate: 130 ml. \u00cen\u0103l\u021bime: 7,5 cm. Diverse culori. Selectarea culorilor nu este posibil\u0103. Depinde de disponibilitatea stocului.<\/p>\n","protected":false},"featured_media":13311,"template":"","meta":[],"product_brand":[],"product_cat":[956,2338,174,652],"product_tag":[2353,2347,2352],"class_list":{"0":"post-13309","1":"product","2":"type-product","3":"status-publish","4":"has-post-thumbnail","6":"product_cat-adapatoare-si-hranitoare","7":"product_cat-adapatoare-si-hranitoare-pasari","8":"product_cat-pasari","9":"product_cat-rozatoare","10":"product_tag-accesorii-pasari","11":"product_tag-hranitor-pasari","12":"product_tag-hranitor-plastic","14":"first","15":"instock","16":"shipping-taxable","17":"purchasable","18":"product-type-simple"},"_links":{"self":[{"href":"https:\/\/faberpet.ro\/stage\/wp-json\/wp\/v2\/product\/13309","targetHints":{"allow":["GET"]}}],"collection":[{"href":"https:\/\/faberpet.ro\/stage\/wp-json\/wp\/v2\/product"}],"about":[{"href":"https:\/\/faberpet.ro\/stage\/wp-json\/wp\/v2\/types\/product"}],"wp:featuredmedia":[{"embeddable":true,"href":"https:\/\/faberpet.ro\/stage\/wp-json\/wp\/v2\/media\/13311"}],"wp:attachment":[{"href":"https:\/\/faberpet.ro\/stage\/wp-json\/wp\/v2\/media?parent=13309"}],"wp:term":[{"taxonomy":"product_brand","embeddable":true,"href":"https:\/\/faberpet.ro\/stage\/wp-json\/wp\/v2\/product_brand?post=13309"},{"taxonomy":"product_cat","embeddable":true,"href":"https:\/\/faberpet.ro\/stage\/wp-json\/wp\/v2\/product_cat?post=13309"},{"taxonomy":"product_tag","embeddable":true,"href":"https:\/\/faberpet.ro\/stage\/wp-json\/wp\/v2\/product_tag?post=13309"}],"curies":[{"name":"wp","href":"https:\/\/api.w.org\/{rel}","templated":true}]}}