{"id":13443,"date":"2025-05-22T07:42:22","date_gmt":"2025-05-22T05:42:22","guid":{"rendered":"https:\/\/faberpet.ro\/stage\/?post_type=product&#038;p=13443"},"modified":"2025-12-10T09:55:33","modified_gmt":"2025-12-10T07:55:33","slug":"os-presat-natur-10-cm-25-set","status":"publish","type":"product","link":"https:\/\/faberpet.ro\/stage\/produs\/os-presat-natur-10-cm-25-set\/","title":{"rendered":"Os presat natur 10 cm 25\/set"},"content":{"rendered":"<p>Os presat\u0103 din piele natural\u0103 de vit\u0103 ce asigur\u0103 igiena dentar\u0103 a c\u00e2inilor \u0219i \u00eent\u0103re\u0219te gingiile \u00eentr- un mod natural. Este comestibil\u0103 \u0219i rezistent o perioad\u0103 \u00eendelungat\u0103 la mestecat. Nu con\u021bine arome, coloran\u021bi sau conservan\u021bi. Recomandat tuturor raselor de c\u00e2ini. A se p\u0103stra la loc uscat \u0219i r\u0103coros.<\/p>\n<p>Lungime os: 10 cm.<\/p>\n<p>Compozi\u021bie analitic\u0103: Proteine 82 % Gr\u0103simi 0. 5 % Umiditate 18 %<\/p>\n<p>&nbsp;<\/p>\n<p>Se vinde ambalat c\u00e2te 25 buc\/set! Pre\u021bul afi\u0219at este per set!<\/p>\n","protected":false},"excerpt":{"rendered":"<p>Os presat\u0103 din piele natural\u0103 de vit\u0103 ce asigur\u0103 igiena dentar\u0103 a c\u00e2inilor \u0219i \u00eent\u0103re\u0219te gingiile \u00eentr- un mod natural. Este comestibil\u0103 \u0219i rezistent o perioad\u0103 \u00eendelungat\u0103 la mestecat. Nu con\u021bine arome, coloran\u021bi sau conservan\u021bi. Recomandat tuturor raselor de c\u00e2ini. A se p\u0103stra la loc uscat \u0219i r\u0103coros. Lungime os: 10 cm. Compozi\u021bie analitic\u0103: Proteine [&hellip;]<\/p>\n","protected":false},"featured_media":13444,"template":"","meta":[],"product_brand":[],"product_cat":[168,1628],"product_tag":[1654,1656,1655],"class_list":{"0":"post-13443","1":"product","2":"type-product","3":"status-publish","4":"has-post-thumbnail","6":"product_cat-caini","7":"product_cat-recompense-si-delicii","8":"product_tag-oase-pentru-caini","9":"product_tag-oase-recompensa","10":"product_tag-piele-presata","12":"first","13":"instock","14":"shipping-taxable","15":"purchasable","16":"product-type-simple"},"_links":{"self":[{"href":"https:\/\/faberpet.ro\/stage\/wp-json\/wp\/v2\/product\/13443","targetHints":{"allow":["GET"]}}],"collection":[{"href":"https:\/\/faberpet.ro\/stage\/wp-json\/wp\/v2\/product"}],"about":[{"href":"https:\/\/faberpet.ro\/stage\/wp-json\/wp\/v2\/types\/product"}],"wp:featuredmedia":[{"embeddable":true,"href":"https:\/\/faberpet.ro\/stage\/wp-json\/wp\/v2\/media\/13444"}],"wp:attachment":[{"href":"https:\/\/faberpet.ro\/stage\/wp-json\/wp\/v2\/media?parent=13443"}],"wp:term":[{"taxonomy":"product_brand","embeddable":true,"href":"https:\/\/faberpet.ro\/stage\/wp-json\/wp\/v2\/product_brand?post=13443"},{"taxonomy":"product_cat","embeddable":true,"href":"https:\/\/faberpet.ro\/stage\/wp-json\/wp\/v2\/product_cat?post=13443"},{"taxonomy":"product_tag","embeddable":true,"href":"https:\/\/faberpet.ro\/stage\/wp-json\/wp\/v2\/product_tag?post=13443"}],"curies":[{"name":"wp","href":"https:\/\/api.w.org\/{rel}","templated":true}]}}