{"id":13887,"date":"2025-07-14T09:08:50","date_gmt":"2025-07-14T07:08:50","guid":{"rendered":"https:\/\/faberpet.ro\/stage\/?post_type=product&#038;p=13887"},"modified":"2025-08-28T06:59:48","modified_gmt":"2025-08-28T04:59:48","slug":"castron-inox-cu-margine-cauciuc-simplu-2-5-l-copie","status":"publish","type":"product","link":"https:\/\/faberpet.ro\/stage\/produs\/castron-inox-cu-margine-cauciuc-simplu-2-5-l-copie\/","title":{"rendered":"Castron din otel inoxidabil simplu 0,5 l"},"content":{"rendered":"<p>Este foarte practic pentru hranirea animalelor, deosebit de rezistent. Lavabil \u0219i \u00een ma\u0219ina de sp\u0103lat vase. Volumul de hran\u0103 este de 0,5 litri, iar diametrul castronului este de 16 cm.<\/p>\n<p>Dimensiunile generoase f\u0103c\u00e2nd posibil\u0103 hr\u0103nirea animalelor mare \u00een condi\u021bii optime de igien\u0103 \u0219i confort.<\/p>\n","protected":false},"excerpt":{"rendered":"<p>Este foarte practic pentru hranirea animalelor, deosebit de rezistent. Lavabil \u0219i \u00een ma\u0219ina de sp\u0103lat vase. Volumul de hran\u0103 este de 0,5 litri, iar diametrul castronului este de 16 cm. Dimensiunile generoase f\u0103c\u00e2nd posibil\u0103 hr\u0103nirea animalelor mare \u00een condi\u021bii optime de igien\u0103 \u0219i confort.<\/p>\n","protected":false},"featured_media":13889,"template":"","meta":[],"product_brand":[],"product_cat":[168,954,953],"product_tag":[961,986,1042],"class_list":{"0":"post-13887","1":"product","2":"type-product","3":"status-publish","4":"has-post-thumbnail","6":"product_cat-caini","7":"product_cat-castroane","8":"product_cat-castroane-si-adapatoare","9":"product_tag-bol-caini","10":"product_tag-castroane-caini","11":"product_tag-castron-caine","13":"first","14":"instock","15":"shipping-taxable","16":"purchasable","17":"product-type-simple"},"_links":{"self":[{"href":"https:\/\/faberpet.ro\/stage\/wp-json\/wp\/v2\/product\/13887","targetHints":{"allow":["GET"]}}],"collection":[{"href":"https:\/\/faberpet.ro\/stage\/wp-json\/wp\/v2\/product"}],"about":[{"href":"https:\/\/faberpet.ro\/stage\/wp-json\/wp\/v2\/types\/product"}],"wp:featuredmedia":[{"embeddable":true,"href":"https:\/\/faberpet.ro\/stage\/wp-json\/wp\/v2\/media\/13889"}],"wp:attachment":[{"href":"https:\/\/faberpet.ro\/stage\/wp-json\/wp\/v2\/media?parent=13887"}],"wp:term":[{"taxonomy":"product_brand","embeddable":true,"href":"https:\/\/faberpet.ro\/stage\/wp-json\/wp\/v2\/product_brand?post=13887"},{"taxonomy":"product_cat","embeddable":true,"href":"https:\/\/faberpet.ro\/stage\/wp-json\/wp\/v2\/product_cat?post=13887"},{"taxonomy":"product_tag","embeddable":true,"href":"https:\/\/faberpet.ro\/stage\/wp-json\/wp\/v2\/product_tag?post=13887"}],"curies":[{"name":"wp","href":"https:\/\/api.w.org\/{rel}","templated":true}]}}