{"id":14126,"date":"2025-08-27T07:44:01","date_gmt":"2025-08-27T05:44:01","guid":{"rendered":"https:\/\/faberpet.ro\/stage\/?post_type=product&#038;p=14126"},"modified":"2025-08-27T07:57:17","modified_gmt":"2025-08-27T05:57:17","slug":"hranitor-simplu-alb-cu-2-compartimente-2150ml-21-cm-2-set","status":"publish","type":"product","link":"https:\/\/faberpet.ro\/stage\/produs\/hranitor-simplu-alb-cu-2-compartimente-2150ml-21-cm-2-set\/","title":{"rendered":"Hranitor-adapator 18 cm, 300 ml"},"content":{"rendered":"<p>Hr\u0103nitor practic pentru coliviile p\u0103s\u0103rilor, ce le permite s\u0103 se hr\u0103neasc\u0103 u\u0219or dou\u0103 hrane diferite \u00eentr-un loc. Solid, este confec\u021bionat din plastic alb, rezistent.<\/p>\n<p>Fixare cu u\u0219urin\u021b\u0103 de gratiile coliviei. U\u0219or de cur\u0103\u021bat.<\/p>\n<p>Dimensiuni: 300 ml. 18 cm.<\/p>\n","protected":false},"excerpt":{"rendered":"<p>Hr\u0103nitor practic pentru coliviile p\u0103s\u0103rilor, ce le permite s\u0103 se hr\u0103neasc\u0103 u\u0219or dou\u0103 hrane diferite \u00eentr-un loc. Solid, este confec\u021bionat din plastic alb, rezistent. Fixare cu u\u0219urin\u021b\u0103 de gratiile coliviei. U\u0219or de cur\u0103\u021bat. Dimensiuni: 300 ml. 18 cm.<\/p>\n","protected":false},"featured_media":14128,"template":"","meta":[],"product_brand":[],"product_cat":[2338,174],"product_tag":[2336,2337,2335],"class_list":{"0":"post-14126","1":"product","2":"type-product","3":"status-publish","4":"has-post-thumbnail","6":"product_cat-adapatoare-si-hranitoare-pasari","7":"product_cat-pasari","8":"product_tag-hranitor-pasari-tropicale","9":"product_tag-hranitor-simplu","10":"product_tag-pasari-colivie","12":"first","13":"instock","14":"shipping-taxable","15":"purchasable","16":"product-type-simple"},"_links":{"self":[{"href":"https:\/\/faberpet.ro\/stage\/wp-json\/wp\/v2\/product\/14126","targetHints":{"allow":["GET"]}}],"collection":[{"href":"https:\/\/faberpet.ro\/stage\/wp-json\/wp\/v2\/product"}],"about":[{"href":"https:\/\/faberpet.ro\/stage\/wp-json\/wp\/v2\/types\/product"}],"wp:featuredmedia":[{"embeddable":true,"href":"https:\/\/faberpet.ro\/stage\/wp-json\/wp\/v2\/media\/14128"}],"wp:attachment":[{"href":"https:\/\/faberpet.ro\/stage\/wp-json\/wp\/v2\/media?parent=14126"}],"wp:term":[{"taxonomy":"product_brand","embeddable":true,"href":"https:\/\/faberpet.ro\/stage\/wp-json\/wp\/v2\/product_brand?post=14126"},{"taxonomy":"product_cat","embeddable":true,"href":"https:\/\/faberpet.ro\/stage\/wp-json\/wp\/v2\/product_cat?post=14126"},{"taxonomy":"product_tag","embeddable":true,"href":"https:\/\/faberpet.ro\/stage\/wp-json\/wp\/v2\/product_tag?post=14126"}],"curies":[{"name":"wp","href":"https:\/\/api.w.org\/{rel}","templated":true}]}}