{"id":14130,"date":"2025-08-27T08:19:45","date_gmt":"2025-08-27T06:19:45","guid":{"rendered":"https:\/\/faberpet.ro\/stage\/?post_type=product&#038;p=14130"},"modified":"2025-08-27T08:33:51","modified_gmt":"2025-08-27T06:33:51","slug":"adapator-cilindric-exterior-pasari-gros-510-cm","status":"publish","type":"product","link":"https:\/\/faberpet.ro\/stage\/produs\/adapator-cilindric-exterior-pasari-gros-510-cm\/","title":{"rendered":"Adapator cilindric exterior pasari gros 5*10 cm"},"content":{"rendered":"<p>Ad\u0103p\u0103tor din plastic tip cilindric pentru p\u0103s\u0103ri de colivie. Se monteaz\u0103 din exteriorul coliviei. U\u0219or de cur\u0103\u021bat.<\/p>\n<p>Dimensiuni: \u00een\u0103l\u021bime 10 cm, diametru: 5 cm.<\/p>\n<p>Pre\u021bul afi\u0219at este per set!<\/p>\n","protected":false},"excerpt":{"rendered":"<p>Ad\u0103p\u0103tor din plastic tip cilindric pentru p\u0103s\u0103ri de colivie. Se monteaz\u0103 din exteriorul coliviei. U\u0219or de cur\u0103\u021bat. Dimensiuni: \u00een\u0103l\u021bime 10 cm, diametru: 5 cm. Pre\u021bul afi\u0219at este per set!<\/p>\n","protected":false},"featured_media":14131,"template":"","meta":[],"product_brand":[],"product_cat":[2338,174],"product_tag":[2345,2346,2347],"class_list":{"0":"post-14130","1":"product","2":"type-product","3":"status-publish","4":"has-post-thumbnail","6":"product_cat-adapatoare-si-hranitoare-pasari","7":"product_cat-pasari","8":"product_tag-adapator-pentru-pasari","9":"product_tag-hranitoare-exterioare-colivie","10":"product_tag-hranitor-pasari","12":"first","13":"instock","14":"shipping-taxable","15":"purchasable","16":"product-type-simple"},"_links":{"self":[{"href":"https:\/\/faberpet.ro\/stage\/wp-json\/wp\/v2\/product\/14130","targetHints":{"allow":["GET"]}}],"collection":[{"href":"https:\/\/faberpet.ro\/stage\/wp-json\/wp\/v2\/product"}],"about":[{"href":"https:\/\/faberpet.ro\/stage\/wp-json\/wp\/v2\/types\/product"}],"wp:featuredmedia":[{"embeddable":true,"href":"https:\/\/faberpet.ro\/stage\/wp-json\/wp\/v2\/media\/14131"}],"wp:attachment":[{"href":"https:\/\/faberpet.ro\/stage\/wp-json\/wp\/v2\/media?parent=14130"}],"wp:term":[{"taxonomy":"product_brand","embeddable":true,"href":"https:\/\/faberpet.ro\/stage\/wp-json\/wp\/v2\/product_brand?post=14130"},{"taxonomy":"product_cat","embeddable":true,"href":"https:\/\/faberpet.ro\/stage\/wp-json\/wp\/v2\/product_cat?post=14130"},{"taxonomy":"product_tag","embeddable":true,"href":"https:\/\/faberpet.ro\/stage\/wp-json\/wp\/v2\/product_tag?post=14130"}],"curies":[{"name":"wp","href":"https:\/\/api.w.org\/{rel}","templated":true}]}}