{"id":14133,"date":"2025-08-27T08:53:17","date_gmt":"2025-08-27T06:53:17","guid":{"rendered":"https:\/\/faberpet.ro\/stage\/?post_type=product&#038;p=14133"},"modified":"2025-08-27T09:06:32","modified_gmt":"2025-08-27T07:06:32","slug":"hranitor-palnie-exterior-pasari-125-cm-copie","status":"publish","type":"product","link":"https:\/\/faberpet.ro\/stage\/produs\/hranitor-palnie-exterior-pasari-125-cm-copie\/","title":{"rendered":"Hranitor palnie exterior cu capac 12 cm"},"content":{"rendered":"<p>Hr\u0103nitor din plastic tip p\u00e2lnie cu capac pentru p\u0103s\u0103ri de colivie. Se monteaz\u0103 din exteriorul coliviei. U\u0219or de cur\u0103\u021bat.<\/p>\n<p>Dimensiune: \u00een\u0103l\u021bime 12 cm.<\/p>\n","protected":false},"excerpt":{"rendered":"<p>Hr\u0103nitor din plastic tip p\u00e2lnie cu capac pentru p\u0103s\u0103ri de colivie. Se monteaz\u0103 din exteriorul coliviei. U\u0219or de cur\u0103\u021bat. Dimensiune: \u00een\u0103l\u021bime 12 cm.<\/p>\n","protected":false},"featured_media":14135,"template":"","meta":[],"product_brand":[],"product_cat":[2338,174],"product_tag":[2339,2341,2340],"class_list":{"0":"post-14133","1":"product","2":"type-product","3":"status-publish","4":"has-post-thumbnail","6":"product_cat-adapatoare-si-hranitoare-pasari","7":"product_cat-pasari","8":"product_tag-hranitor-pasari-exotice","9":"product_tag-palnie-exterior","10":"product_tag-pasari-exotice","12":"first","13":"instock","14":"shipping-taxable","15":"purchasable","16":"product-type-simple"},"_links":{"self":[{"href":"https:\/\/faberpet.ro\/stage\/wp-json\/wp\/v2\/product\/14133","targetHints":{"allow":["GET"]}}],"collection":[{"href":"https:\/\/faberpet.ro\/stage\/wp-json\/wp\/v2\/product"}],"about":[{"href":"https:\/\/faberpet.ro\/stage\/wp-json\/wp\/v2\/types\/product"}],"wp:featuredmedia":[{"embeddable":true,"href":"https:\/\/faberpet.ro\/stage\/wp-json\/wp\/v2\/media\/14135"}],"wp:attachment":[{"href":"https:\/\/faberpet.ro\/stage\/wp-json\/wp\/v2\/media?parent=14133"}],"wp:term":[{"taxonomy":"product_brand","embeddable":true,"href":"https:\/\/faberpet.ro\/stage\/wp-json\/wp\/v2\/product_brand?post=14133"},{"taxonomy":"product_cat","embeddable":true,"href":"https:\/\/faberpet.ro\/stage\/wp-json\/wp\/v2\/product_cat?post=14133"},{"taxonomy":"product_tag","embeddable":true,"href":"https:\/\/faberpet.ro\/stage\/wp-json\/wp\/v2\/product_tag?post=14133"}],"curies":[{"name":"wp","href":"https:\/\/api.w.org\/{rel}","templated":true}]}}