{"id":14138,"date":"2025-08-27T10:17:05","date_gmt":"2025-08-27T08:17:05","guid":{"rendered":"https:\/\/faberpet.ro\/stage\/?post_type=product&#038;p=14138"},"modified":"2025-08-27T10:30:00","modified_gmt":"2025-08-27T08:30:00","slug":"adapator-rozatoare-cu-sistem-de-prindere-80-ml-copie","status":"publish","type":"product","link":"https:\/\/faberpet.ro\/stage\/produs\/adapator-rozatoare-cu-sistem-de-prindere-80-ml-copie\/","title":{"rendered":"Adapator rozatoare cu sistem de prindere 125 ml"},"content":{"rendered":"<p>Este un recipient de ap\u0103 conceput special pentru asigurarea hidrat\u0103rii roz\u0103toarelor crescute ca animale de companie. O hidratare adecvat\u0103 contribuie la s\u0103n\u0103tatea \u0219i bun\u0103starea animalului. Fabricate din material plastic. Cap\u0103tul metalic prelungit al recipientului, este prev\u0103zut cu o valv\u0103 (sub forma de bil\u0103), care permite scurgerea apei pic\u0103tur\u0103 cu pic\u0103tur\u0103, doar \u00een momentele c\u00e2nd este mi\u0219cat\u0103 de animal. \u00cen restul timpului, bila \u00eenchide ermetic cap\u0103tul liber al ad\u0103p\u0103torii \u0219i astfel \u00eempiedic\u0103 risipirea apei \u0219i umezirea substratului cu\u0219tii. Ad\u0103p\u0103toarea poate fi plasat\u0103 \u00een exteriorul cu\u0219tii (recomandat) sau \u00een interior. Ata\u0219area ei se realizeaz\u0103 cu ajutorul sistemului de prindere care \u00eenso\u021be\u0219te ad\u0103p\u0103torul.<\/p>\n<p>Recipientul are un volum de 125 ml ap\u0103, fiind recomandat pentru hidratarea roz\u0103toarelor mici.<\/p>\n<p>Disponibil \u00een diferite culori.<\/p>\n","protected":false},"excerpt":{"rendered":"<p>Este un recipient de ap\u0103 conceput special pentru asigurarea hidrat\u0103rii roz\u0103toarelor crescute ca animale de companie. O hidratare adecvat\u0103 contribuie la s\u0103n\u0103tatea \u0219i bun\u0103starea animalului. Fabricate din material plastic. Cap\u0103tul metalic prelungit al recipientului, este prev\u0103zut cu o valv\u0103 (sub forma de bil\u0103), care permite scurgerea apei pic\u0103tur\u0103 cu pic\u0103tur\u0103, doar \u00een momentele c\u00e2nd este [&hellip;]<\/p>\n","protected":false},"featured_media":14140,"template":"","meta":[],"product_brand":[],"product_cat":[956,168,953,652],"product_tag":[2402,2401,2400],"class_list":{"0":"post-14138","1":"product","2":"type-product","3":"status-publish","4":"has-post-thumbnail","6":"product_cat-adapatoare-si-hranitoare","7":"product_cat-caini","8":"product_cat-castroane-si-adapatoare","9":"product_cat-rozatoare","10":"product_tag-adapator-cu-bila","11":"product_tag-adapator-rozatoare","12":"product_tag-hranitoare-rozatoare","14":"first","15":"instock","16":"shipping-taxable","17":"purchasable","18":"product-type-simple"},"_links":{"self":[{"href":"https:\/\/faberpet.ro\/stage\/wp-json\/wp\/v2\/product\/14138","targetHints":{"allow":["GET"]}}],"collection":[{"href":"https:\/\/faberpet.ro\/stage\/wp-json\/wp\/v2\/product"}],"about":[{"href":"https:\/\/faberpet.ro\/stage\/wp-json\/wp\/v2\/types\/product"}],"wp:featuredmedia":[{"embeddable":true,"href":"https:\/\/faberpet.ro\/stage\/wp-json\/wp\/v2\/media\/14140"}],"wp:attachment":[{"href":"https:\/\/faberpet.ro\/stage\/wp-json\/wp\/v2\/media?parent=14138"}],"wp:term":[{"taxonomy":"product_brand","embeddable":true,"href":"https:\/\/faberpet.ro\/stage\/wp-json\/wp\/v2\/product_brand?post=14138"},{"taxonomy":"product_cat","embeddable":true,"href":"https:\/\/faberpet.ro\/stage\/wp-json\/wp\/v2\/product_cat?post=14138"},{"taxonomy":"product_tag","embeddable":true,"href":"https:\/\/faberpet.ro\/stage\/wp-json\/wp\/v2\/product_tag?post=14138"}],"curies":[{"name":"wp","href":"https:\/\/api.w.org\/{rel}","templated":true}]}}