{"id":14379,"date":"2025-10-15T08:05:52","date_gmt":"2025-10-15T06:05:52","guid":{"rendered":"https:\/\/faberpet.ro\/stage\/?post_type=product&#038;p=14379"},"modified":"2025-10-20T11:11:11","modified_gmt":"2025-10-20T09:11:11","slug":"castron-plastic-rotund-cu-crestaturi-0-45-l-copie","status":"publish","type":"product","link":"https:\/\/faberpet.ro\/stage\/produs\/castron-plastic-rotund-cu-crestaturi-0-45-l-copie\/","title":{"rendered":"Castron plastic rotund cu crestaturi 0.45 l"},"content":{"rendered":"<p>Este pentru servitul mesei la c\u00e2ini de talie mic\u0103 \u0219i pisici. Foarte practic pentru hr\u0103nirea animalelor, deosebit de rezistent. Prev\u0103zut cu suport antiderapant la baz\u0103, pentru a preveni alunecarea.<\/p>\n<p>Diametrul castronului este de 19 cm. Volumul de hran\u0103 este de 0. 5 litri.<\/p>\n<p>IMPORTANT: Acest produs este disponibil \u00een diverse culori, a\u0219adar nu putem garanta livrarea unei anumite culori.<\/p>\n","protected":false},"excerpt":{"rendered":"<p>Este pentru servitul mesei la c\u00e2ini de talie mic\u0103 \u0219i pisici. Foarte practic pentru hr\u0103nirea animalelor, deosebit de rezistent. Prev\u0103zut cu suport antiderapant la baz\u0103, pentru a preveni alunecarea. Diametrul castronului este de 19 cm. Volumul de hran\u0103 este de 0. 5 litri. IMPORTANT: Acest produs este disponibil \u00een diverse culori, a\u0219adar nu putem garanta [&hellip;]<\/p>\n","protected":false},"featured_media":14380,"template":"","meta":[],"product_brand":[],"product_cat":[168,954,955,953,171],"product_tag":[1020,986,969],"class_list":{"0":"post-14379","1":"product","2":"type-product","3":"status-publish","4":"has-post-thumbnail","6":"product_cat-caini","7":"product_cat-castroane","8":"product_cat-castroane-pisici","9":"product_cat-castroane-si-adapatoare","10":"product_cat-pisici","11":"product_tag-boluri-pentru-caini","12":"product_tag-castroane-caini","13":"product_tag-castron-plastic-caini","15":"first","16":"instock","17":"shipping-taxable","18":"purchasable","19":"product-type-simple"},"_links":{"self":[{"href":"https:\/\/faberpet.ro\/stage\/wp-json\/wp\/v2\/product\/14379","targetHints":{"allow":["GET"]}}],"collection":[{"href":"https:\/\/faberpet.ro\/stage\/wp-json\/wp\/v2\/product"}],"about":[{"href":"https:\/\/faberpet.ro\/stage\/wp-json\/wp\/v2\/types\/product"}],"wp:featuredmedia":[{"embeddable":true,"href":"https:\/\/faberpet.ro\/stage\/wp-json\/wp\/v2\/media\/14380"}],"wp:attachment":[{"href":"https:\/\/faberpet.ro\/stage\/wp-json\/wp\/v2\/media?parent=14379"}],"wp:term":[{"taxonomy":"product_brand","embeddable":true,"href":"https:\/\/faberpet.ro\/stage\/wp-json\/wp\/v2\/product_brand?post=14379"},{"taxonomy":"product_cat","embeddable":true,"href":"https:\/\/faberpet.ro\/stage\/wp-json\/wp\/v2\/product_cat?post=14379"},{"taxonomy":"product_tag","embeddable":true,"href":"https:\/\/faberpet.ro\/stage\/wp-json\/wp\/v2\/product_tag?post=14379"}],"curies":[{"name":"wp","href":"https:\/\/api.w.org\/{rel}","templated":true}]}}