{"id":14475,"date":"2025-11-03T09:01:08","date_gmt":"2025-11-03T07:01:08","guid":{"rendered":"https:\/\/faberpet.ro\/stage\/?post_type=product&#038;p=14475"},"modified":"2025-11-03T09:07:57","modified_gmt":"2025-11-03T07:07:57","slug":"castron-din-otel-inoxidabil-simplu-25-l","status":"publish","type":"product","link":"https:\/\/faberpet.ro\/stage\/produs\/castron-din-otel-inoxidabil-simplu-25-l\/","title":{"rendered":"Castron din otel inoxidabil simplu 2,5 l"},"content":{"rendered":"<p>Este foarte practic pentru hr\u0103nirea animalelor, deosebit de rezistent. Lavabil \u0219i \u00een ma\u0219ina de sp\u0103lat vase. Dimensiunile generoase f\u0103c\u00e2nd posibil\u0103 hr\u0103nirea animalelor mare \u00een condi\u021bii optime de igien\u0103 \u0219i confort.<\/p>\n<p>Volumul de hran\u0103 este de 2,5 litri.<\/p>\n","protected":false},"excerpt":{"rendered":"<p>Este foarte practic pentru hr\u0103nirea animalelor, deosebit de rezistent. Lavabil \u0219i \u00een ma\u0219ina de sp\u0103lat vase. Dimensiunile generoase f\u0103c\u00e2nd posibil\u0103 hr\u0103nirea animalelor mare \u00een condi\u021bii optime de igien\u0103 \u0219i confort. Volumul de hran\u0103 este de 2,5 litri.<\/p>\n","protected":false},"featured_media":14476,"template":"","meta":[],"product_brand":[],"product_cat":[168,954,953],"product_tag":[998,977,999],"class_list":{"0":"post-14475","1":"product","2":"type-product","3":"status-publish","4":"has-post-thumbnail","6":"product_cat-caini","7":"product_cat-castroane","8":"product_cat-castroane-si-adapatoare","9":"product_tag-bol-dublu","10":"product_tag-castron-caini","11":"product_tag-suport-castroane","13":"first","14":"instock","15":"shipping-taxable","16":"purchasable","17":"product-type-simple"},"_links":{"self":[{"href":"https:\/\/faberpet.ro\/stage\/wp-json\/wp\/v2\/product\/14475","targetHints":{"allow":["GET"]}}],"collection":[{"href":"https:\/\/faberpet.ro\/stage\/wp-json\/wp\/v2\/product"}],"about":[{"href":"https:\/\/faberpet.ro\/stage\/wp-json\/wp\/v2\/types\/product"}],"wp:featuredmedia":[{"embeddable":true,"href":"https:\/\/faberpet.ro\/stage\/wp-json\/wp\/v2\/media\/14476"}],"wp:attachment":[{"href":"https:\/\/faberpet.ro\/stage\/wp-json\/wp\/v2\/media?parent=14475"}],"wp:term":[{"taxonomy":"product_brand","embeddable":true,"href":"https:\/\/faberpet.ro\/stage\/wp-json\/wp\/v2\/product_brand?post=14475"},{"taxonomy":"product_cat","embeddable":true,"href":"https:\/\/faberpet.ro\/stage\/wp-json\/wp\/v2\/product_cat?post=14475"},{"taxonomy":"product_tag","embeddable":true,"href":"https:\/\/faberpet.ro\/stage\/wp-json\/wp\/v2\/product_tag?post=14475"}],"curies":[{"name":"wp","href":"https:\/\/api.w.org\/{rel}","templated":true}]}}