{"id":14481,"date":"2025-11-03T11:37:01","date_gmt":"2025-11-03T09:37:01","guid":{"rendered":"https:\/\/faberpet.ro\/stage\/?post_type=product&#038;p=14481"},"modified":"2025-11-10T12:35:25","modified_gmt":"2025-11-10T10:35:25","slug":"ghetute-animale-cu-sireturi-nr-2-5-4-set","status":"publish","type":"product","link":"https:\/\/faberpet.ro\/stage\/produs\/ghetute-animale-cu-sireturi-nr-2-5-4-set\/","title":{"rendered":"Ghetute animale cu sireturi nr. 1-5 4\/set"},"content":{"rendered":"<p>Speciali pentru vremea r\u0103coroas\u0103, c\u00e2inele dvs va fi protejat de ap\u0103, z\u0103pad\u0103, ghea\u021b\u0103, pietre. Nu ve\u021bi mai fi nevoi\u021bi c\u0103 dup\u0103 fiecare plimbare s\u0103 sp\u0103la\u021bi c\u0103\u021belu\u0219ul pe l\u0103bu\u021be. U\u0219or de \u00eenc\u0103l\u021bat \u0219i desc\u0103l\u021bat cu ajutorul \u0219iretului. Design modern, sport. Disponibil \u00een diferite m\u0103rimi: 1,2, 3, 4, 5.<\/p>\n<p>Disponibil \u00een diferite culori. Setul con\u021bine 4 buc\u0103\u021bi. Pentru m\u0103rime corespunz\u0103toare vezi tabelul din imagine.<\/p>\n<p>Se vinde ambalat c\u00e2te 4 buc\/set!<\/p>\n<p>Pre\u021bul afi\u0219at este per set!<\/p>\n","protected":false},"excerpt":{"rendered":"<p>Speciali pentru vremea r\u0103coroas\u0103, c\u00e2inele dvs va fi protejat de ap\u0103, z\u0103pad\u0103, ghea\u021b\u0103, pietre. Nu ve\u021bi mai fi nevoi\u021bi c\u0103 dup\u0103 fiecare plimbare s\u0103 sp\u0103la\u021bi c\u0103\u021belu\u0219ul pe l\u0103bu\u021be. U\u0219or de \u00eenc\u0103l\u021bat \u0219i desc\u0103l\u021bat cu ajutorul \u0219iretului. Design modern, sport. Disponibil \u00een diferite m\u0103rimi: 1,2, 3, 4, 5. Disponibil \u00een diferite culori. Setul con\u021bine 4 buc\u0103\u021bi. [&hellip;]<\/p>\n","protected":false},"featured_media":14482,"template":"","meta":[],"product_brand":[],"product_cat":[168,730],"product_tag":[759,757,758],"class_list":{"0":"post-14481","1":"product","2":"type-product","3":"status-publish","4":"has-post-thumbnail","6":"product_cat-caini","7":"product_cat-haine","8":"product_tag-caine-haine","9":"product_tag-caini-hainute","10":"product_tag-haine-piele-caini","12":"first","13":"instock","14":"shipping-taxable","15":"purchasable","16":"product-type-simple"},"_links":{"self":[{"href":"https:\/\/faberpet.ro\/stage\/wp-json\/wp\/v2\/product\/14481","targetHints":{"allow":["GET"]}}],"collection":[{"href":"https:\/\/faberpet.ro\/stage\/wp-json\/wp\/v2\/product"}],"about":[{"href":"https:\/\/faberpet.ro\/stage\/wp-json\/wp\/v2\/types\/product"}],"wp:featuredmedia":[{"embeddable":true,"href":"https:\/\/faberpet.ro\/stage\/wp-json\/wp\/v2\/media\/14482"}],"wp:attachment":[{"href":"https:\/\/faberpet.ro\/stage\/wp-json\/wp\/v2\/media?parent=14481"}],"wp:term":[{"taxonomy":"product_brand","embeddable":true,"href":"https:\/\/faberpet.ro\/stage\/wp-json\/wp\/v2\/product_brand?post=14481"},{"taxonomy":"product_cat","embeddable":true,"href":"https:\/\/faberpet.ro\/stage\/wp-json\/wp\/v2\/product_cat?post=14481"},{"taxonomy":"product_tag","embeddable":true,"href":"https:\/\/faberpet.ro\/stage\/wp-json\/wp\/v2\/product_tag?post=14481"}],"curies":[{"name":"wp","href":"https:\/\/api.w.org\/{rel}","templated":true}]}}