{"id":14554,"date":"2025-11-19T13:00:33","date_gmt":"2025-11-19T11:00:33","guid":{"rendered":"https:\/\/faberpet.ro\/stage\/?post_type=product&#038;p=14554"},"modified":"2025-11-19T13:05:34","modified_gmt":"2025-11-19T11:05:34","slug":"lesa-chinga-cu-vesta-ham-caini-pisici-15120-cm-m","status":"publish","type":"product","link":"https:\/\/faberpet.ro\/stage\/produs\/lesa-chinga-cu-vesta-ham-caini-pisici-15120-cm-m\/","title":{"rendered":"Lesa chinga cu vesta ham caini-pisici 1,5*120 cm M"},"content":{"rendered":"<p>\u00cembr\u0103cat \u00een acest outfit, animalu\u021bul t\u0103u va ie\u0219i imediat \u00een eviden\u021b\u0103 \u00eentr- un mod pl\u0103cut. Confec\u021bionat\u0103 din nylon rezistent \u0219i durabil. Vesta este u\u0219or de \u00eembr\u0103cat, lesa u\u0219or de prins, iar ve\u021bi avea un control mai bun asupra c\u0103\u021belului. Bretelele vestei sunt ajustabile, ceea ce va permite s\u0103 le adapta\u021bi \u00een mod ideal la dimensiunea c\u00e2inelui, astfel \u00eenc\u00e2t acestea s\u0103 nu fie prea libere sau prea str\u00e2ns fixat. Lesa poate fi deta\u0219at\u0103 cu ajutorul carabinei metalice deta\u0219abile. Dimensiuni les\u0103: l\u0103\u021bime 1. 5 cm \u0219i lungime 120 cm.<\/p>\n<p>Dimensiuni ham: l\u0103\u021bime 10- 19 cm. M\u0103rime vest\u0103: M.<\/p>\n<p>IMPORTANT: Acest produs este disponibil \u00een diverse culori, a\u0219adar nu putem garanta livrarea unei anumite culori.<\/p>\n","protected":false},"excerpt":{"rendered":"<p>\u00cembr\u0103cat \u00een acest outfit, animalu\u021bul t\u0103u va ie\u0219i imediat \u00een eviden\u021b\u0103 \u00eentr- un mod pl\u0103cut. Confec\u021bionat\u0103 din nylon rezistent \u0219i durabil. Vesta este u\u0219or de \u00eembr\u0103cat, lesa u\u0219or de prins, iar ve\u021bi avea un control mai bun asupra c\u0103\u021belului. Bretelele vestei sunt ajustabile, ceea ce va permite s\u0103 le adapta\u021bi \u00een mod ideal la dimensiunea [&hellip;]<\/p>\n","protected":false},"featured_media":14555,"template":"","meta":[],"product_brand":[],"product_cat":[168,838],"product_tag":[938,939,940],"class_list":{"0":"post-14554","1":"product","2":"type-product","3":"status-publish","4":"has-post-thumbnail","6":"product_cat-caini","7":"product_cat-lese-cu-ham","8":"product_tag-ham-veste-caini","9":"product_tag-lesa-caini-cu-vesta","10":"product_tag-vesta-caini","12":"first","13":"instock","14":"shipping-taxable","15":"purchasable","16":"product-type-simple"},"_links":{"self":[{"href":"https:\/\/faberpet.ro\/stage\/wp-json\/wp\/v2\/product\/14554","targetHints":{"allow":["GET"]}}],"collection":[{"href":"https:\/\/faberpet.ro\/stage\/wp-json\/wp\/v2\/product"}],"about":[{"href":"https:\/\/faberpet.ro\/stage\/wp-json\/wp\/v2\/types\/product"}],"wp:featuredmedia":[{"embeddable":true,"href":"https:\/\/faberpet.ro\/stage\/wp-json\/wp\/v2\/media\/14555"}],"wp:attachment":[{"href":"https:\/\/faberpet.ro\/stage\/wp-json\/wp\/v2\/media?parent=14554"}],"wp:term":[{"taxonomy":"product_brand","embeddable":true,"href":"https:\/\/faberpet.ro\/stage\/wp-json\/wp\/v2\/product_brand?post=14554"},{"taxonomy":"product_cat","embeddable":true,"href":"https:\/\/faberpet.ro\/stage\/wp-json\/wp\/v2\/product_cat?post=14554"},{"taxonomy":"product_tag","embeddable":true,"href":"https:\/\/faberpet.ro\/stage\/wp-json\/wp\/v2\/product_tag?post=14554"}],"curies":[{"name":"wp","href":"https:\/\/api.w.org\/{rel}","templated":true}]}}